{"id":46570,"date":"2024-09-18T13:37:09","date_gmt":"2024-09-18T17:37:09","guid":{"rendered":"https:\/\/granicus.com\/?page_id=46570"},"modified":"2024-09-19T09:26:18","modified_gmt":"2024-09-19T13:26:18","slug":"evaluacion-gratuita-de-cumplimiento-de-alquiler-a-corto-plazo","status":"publish","type":"page","link":"https:\/\/granicus.com\/es\/evaluacion-gratuita-de-cumplimiento-de-alquiler-a-corto-plazo\/","title":{"rendered":"Evaluaci\u00f3n gratuita de cumplimiento de alquiler a corto plazo"},"content":{"rendered":"","protected":false},"excerpt":{"rendered":"","protected":false},"author":21,"featured_media":0,"parent":0,"menu_order":0,"comment_status":"closed","ping_status":"closed","template":"page-templates\/contact.php","meta":{"inline_featured_image":false,"footnotes":""},"page_type_tax":[],"class_list":["post-46570","page","type-page","status-publish","hentry"],"yoast_head":"<!-- This site is optimized with the Yoast SEO plugin v26.7 - https:\/\/yoast.com\/wordpress\/plugins\/seo\/ -->\n<title>Evaluaci\u00f3n gratuita de cumplimiento de alquiler a corto plazo | Granicus<\/title>\n<meta name=\"description\" content=\"Granicus supports 6,000+ government organizations. Talk to us about how we can help you transform the way you serve your community.\" \/>\n<meta name=\"robots\" content=\"index, follow, max-snippet:-1, max-image-preview:large, max-video-preview:-1\" \/>\n<link rel=\"canonical\" href=\"https:\/\/granicus.com\/es\/evaluacion-gratuita-de-cumplimiento-de-alquiler-a-corto-plazo\/\" \/>\n<meta property=\"og:locale\" content=\"es_ES\" \/>\n<meta property=\"og:type\" content=\"article\" \/>\n<meta property=\"og:title\" content=\"Evaluaci\u00f3n gratuita de cumplimiento de alquiler a corto plazo | Granicus\" \/>\n<meta property=\"og:description\" content=\"Granicus supports 6,000+ government organizations. Talk to us about how we can help you transform the way you serve your community.\" \/>\n<meta property=\"og:url\" content=\"https:\/\/granicus.com\/es\/evaluacion-gratuita-de-cumplimiento-de-alquiler-a-corto-plazo\/\" \/>\n<meta property=\"og:site_name\" content=\"Granicus\" \/>\n<meta property=\"article:publisher\" content=\"https:\/\/www.facebook.com\/granicusco\/\" \/>\n<meta property=\"article:modified_time\" content=\"2024-09-19T13:26:18+00:00\" \/>\n<meta property=\"og:image\" content=\"https:\/\/granicus.com\/wp-content\/uploads\/Yoast-Logo.png\" \/>\n\t<meta property=\"og:image:width\" content=\"1204\" \/>\n\t<meta property=\"og:image:height\" content=\"675\" \/>\n\t<meta property=\"og:image:type\" content=\"image\/png\" \/>\n<meta name=\"twitter:card\" content=\"summary_large_image\" \/>\n<meta name=\"twitter:site\" content=\"@Granicus\" \/>\n<script type=\"application\/ld+json\" class=\"yoast-schema-graph\">{\"@context\":\"https:\/\/schema.org\",\"@graph\":[{\"@type\":\"WebPage\",\"@id\":\"https:\/\/granicus.com\/es\/evaluacion-gratuita-de-cumplimiento-de-alquiler-a-corto-plazo\/\",\"url\":\"https:\/\/granicus.com\/es\/evaluacion-gratuita-de-cumplimiento-de-alquiler-a-corto-plazo\/\",\"name\":\"Evaluaci\u00f3n gratuita de cumplimiento de alquiler a corto plazo | Granicus\",\"isPartOf\":{\"@id\":\"https:\/\/granicus.com\/es\/#website\"},\"datePublished\":\"2024-09-18T17:37:09+00:00\",\"dateModified\":\"2024-09-19T13:26:18+00:00\",\"description\":\"Granicus supports 6,000+ government organizations. Talk to us about how we can help you transform the way you serve your community.\",\"breadcrumb\":{\"@id\":\"https:\/\/granicus.com\/es\/evaluacion-gratuita-de-cumplimiento-de-alquiler-a-corto-plazo\/#breadcrumb\"},\"inLanguage\":\"es-ES\",\"potentialAction\":[{\"@type\":\"ReadAction\",\"target\":[\"https:\/\/granicus.com\/es\/evaluacion-gratuita-de-cumplimiento-de-alquiler-a-corto-plazo\/\"]}]},{\"@type\":\"BreadcrumbList\",\"@id\":\"https:\/\/granicus.com\/es\/evaluacion-gratuita-de-cumplimiento-de-alquiler-a-corto-plazo\/#breadcrumb\",\"itemListElement\":[{\"@type\":\"ListItem\",\"position\":1,\"name\":\"Home\",\"item\":\"https:\/\/granicus.com\/es\/\"},{\"@type\":\"ListItem\",\"position\":2,\"name\":\"Evaluaci\u00f3n gratuita de cumplimiento de alquiler a corto plazo\"}]},{\"@type\":\"WebSite\",\"@id\":\"https:\/\/granicus.com\/es\/#website\",\"url\":\"https:\/\/granicus.com\/es\/\",\"name\":\"Granicus\",\"description\":\"\",\"publisher\":{\"@id\":\"https:\/\/granicus.com\/es\/#organization\"},\"potentialAction\":[{\"@type\":\"SearchAction\",\"target\":{\"@type\":\"EntryPoint\",\"urlTemplate\":\"https:\/\/granicus.com\/es\/?s={search_term_string}\"},\"query-input\":{\"@type\":\"PropertyValueSpecification\",\"valueRequired\":true,\"valueName\":\"search_term_string\"}}],\"inLanguage\":\"es-ES\"},{\"@type\":\"Organization\",\"@id\":\"https:\/\/granicus.com\/es\/#organization\",\"name\":\"Granicus\",\"url\":\"https:\/\/granicus.com\/es\/\",\"logo\":{\"@type\":\"ImageObject\",\"inLanguage\":\"es-ES\",\"@id\":\"https:\/\/granicus.com\/es\/#\/schema\/logo\/image\/\",\"url\":\"https:\/\/granicus.com\/wp-content\/uploads\/2023\/05\/Granicus-G-logo-Red.svg\",\"contentUrl\":\"https:\/\/granicus.com\/wp-content\/uploads\/2023\/05\/Granicus-G-logo-Red.svg\",\"width\":\"1024\",\"height\":\"1024\",\"caption\":\"Granicus\"},\"image\":{\"@id\":\"https:\/\/granicus.com\/es\/#\/schema\/logo\/image\/\"},\"sameAs\":[\"https:\/\/www.facebook.com\/granicusco\/\",\"https:\/\/x.com\/Granicus\",\"https:\/\/www.linkedin.com\/company\/granicusinc\/\",\"https:\/\/www.facebook.com\/granicusco\",\"https:\/\/www.facebook.com\/granicuslac\",\"https:\/\/www.youtube.com\/@GranicusLAC\",\"https:\/\/www.instagram.com\/granicuslac\/\",\"https:\/\/www.linkedin.com\/company\/granicuslac\",\"https:\/\/twitter.com\/granicuslac\/\",\"https:\/\/twitter.com\/GranicusUK\"]}]}<\/script>\n<!-- \/ Yoast SEO plugin. -->","yoast_head_json":{"title":"Evaluaci\u00f3n gratuita de cumplimiento de alquiler a corto plazo | Granicus","description":"Granicus supports 6,000+ government organizations. Talk to us about how we can help you transform the way you serve your community.","robots":{"index":"index","follow":"follow","max-snippet":"max-snippet:-1","max-image-preview":"max-image-preview:large","max-video-preview":"max-video-preview:-1"},"canonical":"https:\/\/granicus.com\/es\/evaluacion-gratuita-de-cumplimiento-de-alquiler-a-corto-plazo\/","og_locale":"es_ES","og_type":"article","og_title":"Evaluaci\u00f3n gratuita de cumplimiento de alquiler a corto plazo | Granicus","og_description":"Granicus supports 6,000+ government organizations. Talk to us about how we can help you transform the way you serve your community.","og_url":"https:\/\/granicus.com\/es\/evaluacion-gratuita-de-cumplimiento-de-alquiler-a-corto-plazo\/","og_site_name":"Granicus","article_publisher":"https:\/\/www.facebook.com\/granicusco\/","article_modified_time":"2024-09-19T13:26:18+00:00","og_image":[{"width":1204,"height":675,"url":"https:\/\/granicus.com\/wp-content\/uploads\/Yoast-Logo.png","type":"image\/png"}],"twitter_card":"summary_large_image","twitter_site":"@Granicus","schema":{"@context":"https:\/\/schema.org","@graph":[{"@type":"WebPage","@id":"https:\/\/granicus.com\/es\/evaluacion-gratuita-de-cumplimiento-de-alquiler-a-corto-plazo\/","url":"https:\/\/granicus.com\/es\/evaluacion-gratuita-de-cumplimiento-de-alquiler-a-corto-plazo\/","name":"Evaluaci\u00f3n gratuita de cumplimiento de alquiler a corto plazo | Granicus","isPartOf":{"@id":"https:\/\/granicus.com\/es\/#website"},"datePublished":"2024-09-18T17:37:09+00:00","dateModified":"2024-09-19T13:26:18+00:00","description":"Granicus supports 6,000+ government organizations. Talk to us about how we can help you transform the way you serve your community.","breadcrumb":{"@id":"https:\/\/granicus.com\/es\/evaluacion-gratuita-de-cumplimiento-de-alquiler-a-corto-plazo\/#breadcrumb"},"inLanguage":"es-ES","potentialAction":[{"@type":"ReadAction","target":["https:\/\/granicus.com\/es\/evaluacion-gratuita-de-cumplimiento-de-alquiler-a-corto-plazo\/"]}]},{"@type":"BreadcrumbList","@id":"https:\/\/granicus.com\/es\/evaluacion-gratuita-de-cumplimiento-de-alquiler-a-corto-plazo\/#breadcrumb","itemListElement":[{"@type":"ListItem","position":1,"name":"Home","item":"https:\/\/granicus.com\/es\/"},{"@type":"ListItem","position":2,"name":"Evaluaci\u00f3n gratuita de cumplimiento de alquiler a corto plazo"}]},{"@type":"WebSite","@id":"https:\/\/granicus.com\/es\/#website","url":"https:\/\/granicus.com\/es\/","name":"Granicus","description":"","publisher":{"@id":"https:\/\/granicus.com\/es\/#organization"},"potentialAction":[{"@type":"SearchAction","target":{"@type":"EntryPoint","urlTemplate":"https:\/\/granicus.com\/es\/?s={search_term_string}"},"query-input":{"@type":"PropertyValueSpecification","valueRequired":true,"valueName":"search_term_string"}}],"inLanguage":"es-ES"},{"@type":"Organization","@id":"https:\/\/granicus.com\/es\/#organization","name":"Granicus","url":"https:\/\/granicus.com\/es\/","logo":{"@type":"ImageObject","inLanguage":"es-ES","@id":"https:\/\/granicus.com\/es\/#\/schema\/logo\/image\/","url":"https:\/\/granicus.com\/wp-content\/uploads\/2023\/05\/Granicus-G-logo-Red.svg","contentUrl":"https:\/\/granicus.com\/wp-content\/uploads\/2023\/05\/Granicus-G-logo-Red.svg","width":"1024","height":"1024","caption":"Granicus"},"image":{"@id":"https:\/\/granicus.com\/es\/#\/schema\/logo\/image\/"},"sameAs":["https:\/\/www.facebook.com\/granicusco\/","https:\/\/x.com\/Granicus","https:\/\/www.linkedin.com\/company\/granicusinc\/","https:\/\/www.facebook.com\/granicusco","https:\/\/www.facebook.com\/granicuslac","https:\/\/www.youtube.com\/@GranicusLAC","https:\/\/www.instagram.com\/granicuslac\/","https:\/\/www.linkedin.com\/company\/granicuslac","https:\/\/twitter.com\/granicuslac\/","https:\/\/twitter.com\/GranicusUK"]}]}},"acf":{"form_embed_group":{"show_form":true,"use_hubspot_form":false,"use_global_marketo_form":false,"form_type":"default","form_headline":"","hubspot_form_id":"","marketo_form_id":"13582","form_success_type":"default","drift_success_url":"","drift_campaign_id":"","marketo_new_tab":false,"global_form_success_url":"","step_1_marketo_form_id":16068,"step_2_marketo_form_id":16069,"marketo_thank_you":"<p>\u00a1Gracias por tu env\u00edo!<\/p>\n"},"form_embed_clone":{"form_embed_group":{"show_form":true,"use_hubspot_form":false,"use_global_marketo_form":false,"form_type":"default","form_headline":"","hubspot_form_id":"","marketo_form_id":"13582","form_success_type":"default","drift_success_url":"","drift_campaign_id":"","marketo_new_tab":false,"global_form_success_url":"","step_1_marketo_form_id":16068,"step_2_marketo_form_id":16069,"marketo_thank_you":"<p>\u00a1Gracias por tu env\u00edo!<\/p>\n"}},"hide_footer":false,"call_to_action":{"hide_call_to_action":true,"color":"red","custom_cta":false,"custom_subhead":"","custom_headline":"","custom_description":"","custom_link":null,"custom_image":false},"content_subhead":"EVALUACI\u00d3N GRATUITA ","content_headline":"Evaluaci\u00f3n gratuita de cumplimiento de alquiler a corto plazo ","content":"<p>Granicus Host Compliance facilita a los municipios la implementaci\u00f3n y el cumplimiento de reglas justas y efectivas para los alquileres a corto plazo.  <\/p>\n<p>Con el auge del fen\u00f3meno de los alquileres a corto plazo, muchas comunidades est\u00e1n luchando por encontrar una manera justa y efectiva de maximizar los beneficios del intercambio de hogares mientras mitigan el impacto negativo en los vecinos y la comunidad. Granicus Host Compliance ayuda a las comunidades a entender la magnitud y el alcance del impacto de los alquileres a corto plazo en su comunidad y les brinda a los municipios la capacidad de hacer cumplir las regulaciones creadas para minimizar los impactos negativos de los ACP, desde la asequibilidad de la vivienda hasta la p\u00e9rdida de ingresos debido al incumplimiento. <\/p>\n<p>Granicus Host Compliance ofrece una gama completa de productos para ayudar a las comunidades con cada desaf\u00edo relacionado con los alquileres a corto plazo, desde la identificaci\u00f3n de propiedades en incumplimiento hasta auditor\u00edas e impuestos atrasados. <\/p>\n","hide_utility_menu":true,"hide_main_menu":true,"template_color":"red","contact_quotes_group":{"show_quotes":false,"quotes":[{"quote":"Lorem ipsum is placeholder text commonly used in the graphic, print, and publishing industries for previewing layouts and visual mockups.","author":"Author 1","author_title":"Author Title"},{"quote":"Lorem ipsum is placeholder text commonly used in the graphic, print, and publishing industries for previewing layouts and visual mockups.","author":"Author 2","author_title":"Author Title"},{"quote":"Lorem ipsum is placeholder text commonly used in the graphic, print, and publishing industries for previewing layouts and visual mockups.","author":"Author 3","author_title":"Author Title"}]},"breadcrumbs":false,"list_of_links_show":false,"more_info_text":"","form_icons":false,"list_of_links_headline":"Links","list_of_links":[{"link":{"title":"Test Success Story","url":"https:\/\/granicus.com\/success-stories\/test-success-story\/","target":""}},{"link":{"title":"Special Districts","url":"https:\/\/granicus.com\/market\/special-districts\/","target":""}}]},"_links":{"self":[{"href":"https:\/\/granicus.com\/es\/wp-json\/wp\/v2\/pages\/46570","targetHints":{"allow":["GET"]}}],"collection":[{"href":"https:\/\/granicus.com\/es\/wp-json\/wp\/v2\/pages"}],"about":[{"href":"https:\/\/granicus.com\/es\/wp-json\/wp\/v2\/types\/page"}],"author":[{"embeddable":true,"href":"https:\/\/granicus.com\/es\/wp-json\/wp\/v2\/users\/21"}],"replies":[{"embeddable":true,"href":"https:\/\/granicus.com\/es\/wp-json\/wp\/v2\/comments?post=46570"}],"version-history":[{"count":4,"href":"https:\/\/granicus.com\/es\/wp-json\/wp\/v2\/pages\/46570\/revisions"}],"predecessor-version":[{"id":47615,"href":"https:\/\/granicus.com\/es\/wp-json\/wp\/v2\/pages\/46570\/revisions\/47615"}],"wp:attachment":[{"href":"https:\/\/granicus.com\/es\/wp-json\/wp\/v2\/media?parent=46570"}],"wp:term":[{"taxonomy":"page_type_tax","embeddable":true,"href":"https:\/\/granicus.com\/es\/wp-json\/wp\/v2\/page_type_tax?post=46570"}],"curies":[{"name":"wp","href":"https:\/\/api.w.org\/{rel}","templated":true}]}}