{"id":36294,"date":"2023-02-21T13:27:52","date_gmt":"2023-02-21T18:27:52","guid":{"rendered":"https:\/\/granicus.com\/digital-awards\/"},"modified":"2025-09-29T12:47:25","modified_gmt":"2025-09-29T16:47:25","slug":"reconocimientos","status":"publish","type":"page","link":"https:\/\/granicus.com\/es\/reconocimientos\/","title":{"rendered":"Reconocimientos"},"content":{"rendered":"","protected":false},"excerpt":{"rendered":"","protected":false},"author":1,"featured_media":0,"parent":0,"menu_order":0,"comment_status":"closed","ping_status":"closed","template":"page-templates\/awards.php","meta":{"inline_featured_image":false,"footnotes":""},"page_type_tax":[],"class_list":["post-36294","page","type-page","status-publish","hentry"],"yoast_head":"<!-- This site is optimized with the Yoast SEO plugin v26.7 - https:\/\/yoast.com\/wordpress\/plugins\/seo\/ -->\n<title>Reconocimientos | Granicus<\/title>\n<meta name=\"description\" content=\"Los Premios al Gobierno Digital de Granicus destacan el impacto que los servidores p\u00fablicos est\u00e1n generando en sus comunidades y en sus organizaciones.\" \/>\n<meta name=\"robots\" content=\"index, follow, max-snippet:-1, max-image-preview:large, max-video-preview:-1\" \/>\n<link rel=\"canonical\" href=\"https:\/\/granicus.com\/es\/reconocimientos\/\" \/>\n<meta property=\"og:locale\" content=\"es_ES\" \/>\n<meta property=\"og:type\" content=\"article\" \/>\n<meta property=\"og:title\" content=\"Reconocimientos | Granicus\" \/>\n<meta property=\"og:description\" content=\"Los Premios al Gobierno Digital de Granicus destacan el impacto que los servidores p\u00fablicos est\u00e1n generando en sus comunidades y en sus organizaciones.\" \/>\n<meta property=\"og:url\" content=\"https:\/\/granicus.com\/es\/reconocimientos\/\" \/>\n<meta property=\"og:site_name\" content=\"Granicus\" \/>\n<meta property=\"article:publisher\" content=\"https:\/\/www.facebook.com\/granicusco\/\" \/>\n<meta property=\"article:modified_time\" content=\"2025-09-29T16:47:25+00:00\" \/>\n<meta property=\"og:image\" content=\"https:\/\/granicus.com\/wp-content\/uploads\/Yoast-Logo.png\" \/>\n\t<meta property=\"og:image:width\" content=\"1204\" \/>\n\t<meta property=\"og:image:height\" content=\"675\" \/>\n\t<meta property=\"og:image:type\" content=\"image\/png\" \/>\n<meta name=\"twitter:card\" content=\"summary_large_image\" \/>\n<meta name=\"twitter:site\" content=\"@Granicus\" \/>\n<script type=\"application\/ld+json\" class=\"yoast-schema-graph\">{\"@context\":\"https:\/\/schema.org\",\"@graph\":[{\"@type\":\"WebPage\",\"@id\":\"https:\/\/granicus.com\/es\/reconocimientos\/\",\"url\":\"https:\/\/granicus.com\/es\/reconocimientos\/\",\"name\":\"Reconocimientos | Granicus\",\"isPartOf\":{\"@id\":\"https:\/\/granicus.com\/es\/#website\"},\"datePublished\":\"2023-02-21T18:27:52+00:00\",\"dateModified\":\"2025-09-29T16:47:25+00:00\",\"description\":\"Los Premios al Gobierno Digital de Granicus destacan el impacto que los servidores p\u00fablicos est\u00e1n generando en sus comunidades y en sus organizaciones.\",\"breadcrumb\":{\"@id\":\"https:\/\/granicus.com\/es\/reconocimientos\/#breadcrumb\"},\"inLanguage\":\"es-ES\",\"potentialAction\":[{\"@type\":\"ReadAction\",\"target\":[\"https:\/\/granicus.com\/es\/reconocimientos\/\"]}]},{\"@type\":\"BreadcrumbList\",\"@id\":\"https:\/\/granicus.com\/es\/reconocimientos\/#breadcrumb\",\"itemListElement\":[{\"@type\":\"ListItem\",\"position\":1,\"name\":\"Home\",\"item\":\"https:\/\/granicus.com\/es\/\"},{\"@type\":\"ListItem\",\"position\":2,\"name\":\"Reconocimientos\"}]},{\"@type\":\"WebSite\",\"@id\":\"https:\/\/granicus.com\/es\/#website\",\"url\":\"https:\/\/granicus.com\/es\/\",\"name\":\"Granicus\",\"description\":\"\",\"publisher\":{\"@id\":\"https:\/\/granicus.com\/es\/#organization\"},\"potentialAction\":[{\"@type\":\"SearchAction\",\"target\":{\"@type\":\"EntryPoint\",\"urlTemplate\":\"https:\/\/granicus.com\/es\/?s={search_term_string}\"},\"query-input\":{\"@type\":\"PropertyValueSpecification\",\"valueRequired\":true,\"valueName\":\"search_term_string\"}}],\"inLanguage\":\"es-ES\"},{\"@type\":\"Organization\",\"@id\":\"https:\/\/granicus.com\/es\/#organization\",\"name\":\"Granicus\",\"url\":\"https:\/\/granicus.com\/es\/\",\"logo\":{\"@type\":\"ImageObject\",\"inLanguage\":\"es-ES\",\"@id\":\"https:\/\/granicus.com\/es\/#\/schema\/logo\/image\/\",\"url\":\"https:\/\/granicus.com\/wp-content\/uploads\/2023\/05\/Granicus-G-logo-Red.svg\",\"contentUrl\":\"https:\/\/granicus.com\/wp-content\/uploads\/2023\/05\/Granicus-G-logo-Red.svg\",\"width\":\"1024\",\"height\":\"1024\",\"caption\":\"Granicus\"},\"image\":{\"@id\":\"https:\/\/granicus.com\/es\/#\/schema\/logo\/image\/\"},\"sameAs\":[\"https:\/\/www.facebook.com\/granicusco\/\",\"https:\/\/x.com\/Granicus\",\"https:\/\/www.linkedin.com\/company\/granicusinc\/\",\"https:\/\/www.facebook.com\/granicusco\",\"https:\/\/www.facebook.com\/granicuslac\",\"https:\/\/www.youtube.com\/@GranicusLAC\",\"https:\/\/www.instagram.com\/granicuslac\/\",\"https:\/\/www.linkedin.com\/company\/granicuslac\",\"https:\/\/twitter.com\/granicuslac\/\",\"https:\/\/twitter.com\/GranicusUK\"]}]}<\/script>\n<!-- \/ Yoast SEO plugin. -->","yoast_head_json":{"title":"Reconocimientos | Granicus","description":"Los Premios al Gobierno Digital de Granicus destacan el impacto que los servidores p\u00fablicos est\u00e1n generando en sus comunidades y en sus organizaciones.","robots":{"index":"index","follow":"follow","max-snippet":"max-snippet:-1","max-image-preview":"max-image-preview:large","max-video-preview":"max-video-preview:-1"},"canonical":"https:\/\/granicus.com\/es\/reconocimientos\/","og_locale":"es_ES","og_type":"article","og_title":"Reconocimientos | Granicus","og_description":"Los Premios al Gobierno Digital de Granicus destacan el impacto que los servidores p\u00fablicos est\u00e1n generando en sus comunidades y en sus organizaciones.","og_url":"https:\/\/granicus.com\/es\/reconocimientos\/","og_site_name":"Granicus","article_publisher":"https:\/\/www.facebook.com\/granicusco\/","article_modified_time":"2025-09-29T16:47:25+00:00","og_image":[{"width":1204,"height":675,"url":"https:\/\/granicus.com\/wp-content\/uploads\/Yoast-Logo.png","type":"image\/png"}],"twitter_card":"summary_large_image","twitter_site":"@Granicus","schema":{"@context":"https:\/\/schema.org","@graph":[{"@type":"WebPage","@id":"https:\/\/granicus.com\/es\/reconocimientos\/","url":"https:\/\/granicus.com\/es\/reconocimientos\/","name":"Reconocimientos | Granicus","isPartOf":{"@id":"https:\/\/granicus.com\/es\/#website"},"datePublished":"2023-02-21T18:27:52+00:00","dateModified":"2025-09-29T16:47:25+00:00","description":"Los Premios al Gobierno Digital de Granicus destacan el impacto que los servidores p\u00fablicos est\u00e1n generando en sus comunidades y en sus organizaciones.","breadcrumb":{"@id":"https:\/\/granicus.com\/es\/reconocimientos\/#breadcrumb"},"inLanguage":"es-ES","potentialAction":[{"@type":"ReadAction","target":["https:\/\/granicus.com\/es\/reconocimientos\/"]}]},{"@type":"BreadcrumbList","@id":"https:\/\/granicus.com\/es\/reconocimientos\/#breadcrumb","itemListElement":[{"@type":"ListItem","position":1,"name":"Home","item":"https:\/\/granicus.com\/es\/"},{"@type":"ListItem","position":2,"name":"Reconocimientos"}]},{"@type":"WebSite","@id":"https:\/\/granicus.com\/es\/#website","url":"https:\/\/granicus.com\/es\/","name":"Granicus","description":"","publisher":{"@id":"https:\/\/granicus.com\/es\/#organization"},"potentialAction":[{"@type":"SearchAction","target":{"@type":"EntryPoint","urlTemplate":"https:\/\/granicus.com\/es\/?s={search_term_string}"},"query-input":{"@type":"PropertyValueSpecification","valueRequired":true,"valueName":"search_term_string"}}],"inLanguage":"es-ES"},{"@type":"Organization","@id":"https:\/\/granicus.com\/es\/#organization","name":"Granicus","url":"https:\/\/granicus.com\/es\/","logo":{"@type":"ImageObject","inLanguage":"es-ES","@id":"https:\/\/granicus.com\/es\/#\/schema\/logo\/image\/","url":"https:\/\/granicus.com\/wp-content\/uploads\/2023\/05\/Granicus-G-logo-Red.svg","contentUrl":"https:\/\/granicus.com\/wp-content\/uploads\/2023\/05\/Granicus-G-logo-Red.svg","width":"1024","height":"1024","caption":"Granicus"},"image":{"@id":"https:\/\/granicus.com\/es\/#\/schema\/logo\/image\/"},"sameAs":["https:\/\/www.facebook.com\/granicusco\/","https:\/\/x.com\/Granicus","https:\/\/www.linkedin.com\/company\/granicusinc\/","https:\/\/www.facebook.com\/granicusco","https:\/\/www.facebook.com\/granicuslac","https:\/\/www.youtube.com\/@GranicusLAC","https:\/\/www.instagram.com\/granicuslac\/","https:\/\/www.linkedin.com\/company\/granicuslac","https:\/\/twitter.com\/granicuslac\/","https:\/\/twitter.com\/GranicusUK"]}]}},"acf":{"call_to_action":{"hide_call_to_action":true,"color":"red","custom_cta":false,"custom_subhead":"","custom_headline":"","custom_description":"","custom_link":null,"custom_image":false},"awards_subhead":"","awards_headline":"Categor\u00edas de premios","awards_text":"<p>Haz clic en una categor\u00eda para ver a los ganadores.<\/p>\n","posts_slider_group":{"show_section":false,"posts_slider":[{"add_anchor":false,"anchor_name":"","background_color":"red","slider_subhead":"","slider_headline":"Ganadores de premios anteriores","slider_text":"","slider_type":"manual","manual_resources":[{"resource":false}],"slider_resource_tax":"recent","add_additional_filters":false,"department_filter":false,"market_filter":false,"outcome_filter":false,"product_filter":false,"region_filter":false,"solution_filter":false,"topic_filter":false,"slider_link":{"title":"Historias de \u00c9xito","url":"https:\/\/granicus.com\/es\/centro-de-aprendizaje\/","target":""},"slider_link_icon":false}]},"news_feed_clone":{"posts_slider_group":{"show_section":false,"posts_slider":[{"add_anchor":false,"anchor_name":"","background_color":"red","slider_subhead":"","slider_headline":"Ganadores de premios anteriores","slider_text":"","slider_type":"manual","manual_resources":[{"resource":false}],"slider_resource_tax":"recent","add_additional_filters":false,"department_filter":false,"market_filter":false,"outcome_filter":false,"product_filter":false,"region_filter":false,"solution_filter":false,"topic_filter":false,"slider_link":{"title":"Historias de \u00c9xito","url":"https:\/\/granicus.com\/es\/centro-de-aprendizaje\/","target":""},"slider_link_icon":false}]}},"callout_group":{"show_section":false,"callout_type":"minimal","callout_subhead":"AWARDS NOMINATION","callout_headline":"Lorem ipsum dolor sit amet consetetur sadipscing.","callout_text":"","callout_button_type":"link","callout_button":{"title":"Nominate Now","url":"#","target":""},"smart_button_fallback_link":null,"image":false,"bg_image":false,"marketo_form_id":"","marketo_form_headline":"","marketo_thank_you":"","marketo_form_image":false},"callout_clone":{"callout_group":{"show_section":false,"callout_type":"minimal","callout_subhead":"AWARDS NOMINATION","callout_headline":"Lorem ipsum dolor sit amet consetetur sadipscing.","callout_text":"","callout_button_type":"link","callout_button":{"title":"Nominate Now","url":"#","target":""},"smart_button_fallback_link":null,"image":false,"bg_image":false,"marketo_form_id":"","marketo_form_headline":"","marketo_thank_you":"","marketo_form_image":false}},"hero_image":{"ID":50424,"id":50424,"title":"Granicus-digital-awards-logo-2024","filename":"Granicus-digital-awards-logo-2024.png","filesize":19291,"url":"https:\/\/granicus.com\/wp-content\/uploads\/Granicus-digital-awards-logo-2024.png","link":"https:\/\/granicus.com\/es\/reconocimientos\/granicus-digital-awards-logo-2024-3\/","alt":"Granicus Digital Government Awards logo","author":"28","description":"","caption":"","name":"granicus-digital-awards-logo-2024-3","status":"inherit","uploaded_to":36294,"date":"2024-11-28 22:13:35","modified":"2025-09-29 16:47:25","menu_order":0,"mime_type":"image\/png","type":"image","subtype":"png","icon":"https:\/\/granicus.com\/wp-includes\/images\/media\/default.png","width":1816,"height":584,"sizes":{"thumbnail":"https:\/\/granicus.com\/wp-content\/uploads\/Granicus-digital-awards-logo-2024-150x150.png","thumbnail-width":150,"thumbnail-height":150,"medium":"https:\/\/granicus.com\/wp-content\/uploads\/Granicus-digital-awards-logo-2024-300x96.png","medium-width":300,"medium-height":96,"medium_large":"https:\/\/granicus.com\/wp-content\/uploads\/Granicus-digital-awards-logo-2024-768x247.png","medium_large-width":768,"medium_large-height":247,"large":"https:\/\/granicus.com\/wp-content\/uploads\/Granicus-digital-awards-logo-2024-1024x329.png","large-width":1024,"large-height":329,"1536x1536":"https:\/\/granicus.com\/wp-content\/uploads\/Granicus-digital-awards-logo-2024-1536x494.png","1536x1536-width":1536,"1536x1536-height":494,"2048x2048":"https:\/\/granicus.com\/wp-content\/uploads\/Granicus-digital-awards-logo-2024.png","2048x2048-width":1816,"2048x2048-height":584,"menu-24x24":"https:\/\/granicus.com\/wp-content\/uploads\/Granicus-digital-awards-logo-2024-24x8.png","menu-24x24-width":24,"menu-24x24-height":8,"menu-48x48":"https:\/\/granicus.com\/wp-content\/uploads\/Granicus-digital-awards-logo-2024-48x15.png","menu-48x48-width":48,"menu-48x48-height":15,"menu-64x64":"https:\/\/granicus.com\/wp-content\/uploads\/Granicus-digital-awards-logo-2024-64x21.png","menu-64x64-width":64,"menu-64x64-height":21}},"hero_subhead":"","hero_headline":"Conoce a los ganadores de los premios Granicus Digital Government 2025","hero_text":"","hero_button":"","hero_more_subhead":"","hero_more_headline":"\u00a1Felicidades a nuestros ganadores!","hero_more_text":"<p>Los premios Granicus Digital Government son una oportunidad para destacar el impacto que los servidores p\u00fablicos est\u00e1n generando en sus comunidades y en sus instituciones p\u00fablicas. Al reconocer la excelencia, no solo damos cr\u00e9dito donde se merece, sino que tambi\u00e9n podemos inspirar a otros.<\/p>\n<p>\u00a1Estamos emocionados de anunciar a los ganadores de este a\u00f1o!<\/p>\n","hero_more_images":[{"image":{"ID":50709,"id":50709,"title":"award-hero-circle-image-man-us","filename":"award-hero-circle-image-man-us.jpg","filesize":43444,"url":"https:\/\/granicus.com\/wp-content\/uploads\/award-hero-circle-image-man-us.jpg","link":"https:\/\/granicus.com\/es\/reconocimientos\/award-hero-circle-image-man-us-2\/","alt":"smiling older business man","author":"28","description":"","caption":"","name":"award-hero-circle-image-man-us-2","status":"inherit","uploaded_to":36294,"date":"2024-12-09 00:42:50","modified":"2025-09-29 16:47:25","menu_order":0,"mime_type":"image\/jpeg","type":"image","subtype":"jpeg","icon":"https:\/\/granicus.com\/wp-includes\/images\/media\/default.png","width":150,"height":150,"sizes":{"thumbnail":"https:\/\/granicus.com\/wp-content\/uploads\/award-hero-circle-image-man-us.jpg","thumbnail-width":150,"thumbnail-height":150,"medium":"https:\/\/granicus.com\/wp-content\/uploads\/award-hero-circle-image-man-us.jpg","medium-width":150,"medium-height":150,"medium_large":"https:\/\/granicus.com\/wp-content\/uploads\/award-hero-circle-image-man-us.jpg","medium_large-width":150,"medium_large-height":150,"large":"https:\/\/granicus.com\/wp-content\/uploads\/award-hero-circle-image-man-us.jpg","large-width":150,"large-height":150,"1536x1536":"https:\/\/granicus.com\/wp-content\/uploads\/award-hero-circle-image-man-us.jpg","1536x1536-width":150,"1536x1536-height":150,"2048x2048":"https:\/\/granicus.com\/wp-content\/uploads\/award-hero-circle-image-man-us.jpg","2048x2048-width":150,"2048x2048-height":150,"menu-24x24":"https:\/\/granicus.com\/wp-content\/uploads\/award-hero-circle-image-man-us-24x24.jpg","menu-24x24-width":24,"menu-24x24-height":24,"menu-48x48":"https:\/\/granicus.com\/wp-content\/uploads\/award-hero-circle-image-man-us-48x48.jpg","menu-48x48-width":48,"menu-48x48-height":48,"menu-64x64":"https:\/\/granicus.com\/wp-content\/uploads\/award-hero-circle-image-man-us-64x64.jpg","menu-64x64-width":64,"menu-64x64-height":64}}},{"image":{"ID":50713,"id":50713,"title":"award-hero-circle-image-woman-us","filename":"award-hero-circle-image-woman-us.jpg","filesize":51757,"url":"https:\/\/granicus.com\/wp-content\/uploads\/award-hero-circle-image-woman-us.jpg","link":"https:\/\/granicus.com\/es\/reconocimientos\/award-hero-circle-image-woman-us-2\/","alt":"Woman smiling outside","author":"28","description":"","caption":"","name":"award-hero-circle-image-woman-us-2","status":"inherit","uploaded_to":36294,"date":"2024-12-09 00:42:52","modified":"2025-09-29 16:47:25","menu_order":0,"mime_type":"image\/jpeg","type":"image","subtype":"jpeg","icon":"https:\/\/granicus.com\/wp-includes\/images\/media\/default.png","width":150,"height":150,"sizes":{"thumbnail":"https:\/\/granicus.com\/wp-content\/uploads\/award-hero-circle-image-woman-us.jpg","thumbnail-width":150,"thumbnail-height":150,"medium":"https:\/\/granicus.com\/wp-content\/uploads\/award-hero-circle-image-woman-us.jpg","medium-width":150,"medium-height":150,"medium_large":"https:\/\/granicus.com\/wp-content\/uploads\/award-hero-circle-image-woman-us.jpg","medium_large-width":150,"medium_large-height":150,"large":"https:\/\/granicus.com\/wp-content\/uploads\/award-hero-circle-image-woman-us.jpg","large-width":150,"large-height":150,"1536x1536":"https:\/\/granicus.com\/wp-content\/uploads\/award-hero-circle-image-woman-us.jpg","1536x1536-width":150,"1536x1536-height":150,"2048x2048":"https:\/\/granicus.com\/wp-content\/uploads\/award-hero-circle-image-woman-us.jpg","2048x2048-width":150,"2048x2048-height":150,"menu-24x24":"https:\/\/granicus.com\/wp-content\/uploads\/award-hero-circle-image-woman-us-24x24.jpg","menu-24x24-width":24,"menu-24x24-height":24,"menu-48x48":"https:\/\/granicus.com\/wp-content\/uploads\/award-hero-circle-image-woman-us-48x48.jpg","menu-48x48-width":48,"menu-48x48-height":48,"menu-64x64":"https:\/\/granicus.com\/wp-content\/uploads\/award-hero-circle-image-woman-us-64x64.jpg","menu-64x64-width":64,"menu-64x64-height":64}}},{"image":{"ID":5628,"id":5628,"title":"Award-header-Image-option-9","filename":"Award-header-Image-option-9.jpg","filesize":18532,"url":"https:\/\/granicus.com\/wp-content\/uploads\/2023\/05\/Award-header-Image-option-9.jpg","link":"https:\/\/granicus.com\/es\/?attachment_id=5628","alt":"couple smiling","author":"6","description":"","caption":"","name":"award-header-image-option-9","status":"inherit","uploaded_to":49037,"date":"2023-05-12 01:32:04","modified":"2025-02-11 17:55:58","menu_order":0,"mime_type":"image\/jpeg","type":"image","subtype":"jpeg","icon":"https:\/\/granicus.com\/wp-includes\/images\/media\/default.png","width":140,"height":140,"sizes":{"thumbnail":"https:\/\/granicus.com\/wp-content\/uploads\/2023\/05\/Award-header-Image-option-9.jpg","thumbnail-width":140,"thumbnail-height":140,"medium":"https:\/\/granicus.com\/wp-content\/uploads\/2023\/05\/Award-header-Image-option-9.jpg","medium-width":140,"medium-height":140,"medium_large":"https:\/\/granicus.com\/wp-content\/uploads\/2023\/05\/Award-header-Image-option-9.jpg","medium_large-width":140,"medium_large-height":140,"large":"https:\/\/granicus.com\/wp-content\/uploads\/2023\/05\/Award-header-Image-option-9.jpg","large-width":140,"large-height":140,"1536x1536":"https:\/\/granicus.com\/wp-content\/uploads\/2023\/05\/Award-header-Image-option-9.jpg","1536x1536-width":140,"1536x1536-height":140,"2048x2048":"https:\/\/granicus.com\/wp-content\/uploads\/2023\/05\/Award-header-Image-option-9.jpg","2048x2048-width":140,"2048x2048-height":140,"menu-24x24":"https:\/\/granicus.com\/wp-content\/uploads\/2023\/05\/Award-header-Image-option-9-24x24.jpg","menu-24x24-width":24,"menu-24x24-height":24,"menu-48x48":"https:\/\/granicus.com\/wp-content\/uploads\/2023\/05\/Award-header-Image-option-9-48x48.jpg","menu-48x48-width":48,"menu-48x48-height":48,"menu-64x64":"https:\/\/granicus.com\/wp-content\/uploads\/2023\/05\/Award-header-Image-option-9-64x64.jpg","menu-64x64-width":64,"menu-64x64-height":64}}},{"image":{"ID":50717,"id":50717,"title":"award-hero-circle-image-young-woman-us","filename":"award-hero-circle-image-young-woman-us.jpg","filesize":47957,"url":"https:\/\/granicus.com\/wp-content\/uploads\/award-hero-circle-image-young-woman-us.jpg","link":"https:\/\/granicus.com\/es\/reconocimientos\/award-hero-circle-image-young-woman-us-2\/","alt":"young woman smiling blue background","author":"28","description":"","caption":"","name":"award-hero-circle-image-young-woman-us-2","status":"inherit","uploaded_to":36294,"date":"2024-12-09 00:42:54","modified":"2025-09-29 16:47:25","menu_order":0,"mime_type":"image\/jpeg","type":"image","subtype":"jpeg","icon":"https:\/\/granicus.com\/wp-includes\/images\/media\/default.png","width":150,"height":150,"sizes":{"thumbnail":"https:\/\/granicus.com\/wp-content\/uploads\/award-hero-circle-image-young-woman-us.jpg","thumbnail-width":150,"thumbnail-height":150,"medium":"https:\/\/granicus.com\/wp-content\/uploads\/award-hero-circle-image-young-woman-us.jpg","medium-width":150,"medium-height":150,"medium_large":"https:\/\/granicus.com\/wp-content\/uploads\/award-hero-circle-image-young-woman-us.jpg","medium_large-width":150,"medium_large-height":150,"large":"https:\/\/granicus.com\/wp-content\/uploads\/award-hero-circle-image-young-woman-us.jpg","large-width":150,"large-height":150,"1536x1536":"https:\/\/granicus.com\/wp-content\/uploads\/award-hero-circle-image-young-woman-us.jpg","1536x1536-width":150,"1536x1536-height":150,"2048x2048":"https:\/\/granicus.com\/wp-content\/uploads\/award-hero-circle-image-young-woman-us.jpg","2048x2048-width":150,"2048x2048-height":150,"menu-24x24":"https:\/\/granicus.com\/wp-content\/uploads\/award-hero-circle-image-young-woman-us-24x24.jpg","menu-24x24-width":24,"menu-24x24-height":24,"menu-48x48":"https:\/\/granicus.com\/wp-content\/uploads\/award-hero-circle-image-young-woman-us-48x48.jpg","menu-48x48-width":48,"menu-48x48-height":48,"menu-64x64":"https:\/\/granicus.com\/wp-content\/uploads\/award-hero-circle-image-young-woman-us-64x64.jpg","menu-64x64-width":64,"menu-64x64-height":64}}},{"image":{"ID":5616,"id":5616,"title":"Award-header-Image-option-3","filename":"Award-header-Image-option-3.jpg","filesize":11950,"url":"https:\/\/granicus.com\/wp-content\/uploads\/2023\/05\/Award-header-Image-option-3.jpg","link":"https:\/\/granicus.com\/es\/?attachment_id=5616","alt":"town hall sign","author":"6","description":"","caption":"","name":"award-header-image-option-3","status":"inherit","uploaded_to":49037,"date":"2023-05-12 01:12:49","modified":"2025-02-11 17:55:58","menu_order":0,"mime_type":"image\/jpeg","type":"image","subtype":"jpeg","icon":"https:\/\/granicus.com\/wp-includes\/images\/media\/default.png","width":140,"height":140,"sizes":{"thumbnail":"https:\/\/granicus.com\/wp-content\/uploads\/2023\/05\/Award-header-Image-option-3.jpg","thumbnail-width":140,"thumbnail-height":140,"medium":"https:\/\/granicus.com\/wp-content\/uploads\/2023\/05\/Award-header-Image-option-3.jpg","medium-width":140,"medium-height":140,"medium_large":"https:\/\/granicus.com\/wp-content\/uploads\/2023\/05\/Award-header-Image-option-3.jpg","medium_large-width":140,"medium_large-height":140,"large":"https:\/\/granicus.com\/wp-content\/uploads\/2023\/05\/Award-header-Image-option-3.jpg","large-width":140,"large-height":140,"1536x1536":"https:\/\/granicus.com\/wp-content\/uploads\/2023\/05\/Award-header-Image-option-3.jpg","1536x1536-width":140,"1536x1536-height":140,"2048x2048":"https:\/\/granicus.com\/wp-content\/uploads\/2023\/05\/Award-header-Image-option-3.jpg","2048x2048-width":140,"2048x2048-height":140,"menu-24x24":"https:\/\/granicus.com\/wp-content\/uploads\/2023\/05\/Award-header-Image-option-3-24x24.jpg","menu-24x24-width":24,"menu-24x24-height":24,"menu-48x48":"https:\/\/granicus.com\/wp-content\/uploads\/2023\/05\/Award-header-Image-option-3-48x48.jpg","menu-48x48-width":48,"menu-48x48-height":48,"menu-64x64":"https:\/\/granicus.com\/wp-content\/uploads\/2023\/05\/Award-header-Image-option-3-64x64.jpg","menu-64x64-width":64,"menu-64x64-height":64}}},{"image":{"ID":32460,"id":32460,"title":"Careers-heading-Circle-LG-4","filename":"Careers-heading-Circle-LG-4.jpg","filesize":36335,"url":"https:\/\/granicus.com\/wp-content\/uploads\/2023\/05\/Careers-heading-Circle-LG-4.jpg","link":"https:\/\/granicus.com\/es\/carreras\/careers-heading-circle-lg-4-2\/","alt":"","author":"6","description":"","caption":"","name":"careers-heading-circle-lg-4-2","status":"inherit","uploaded_to":33553,"date":"2023-05-04 00:26:20","modified":"2023-05-04 00:26:20","menu_order":0,"mime_type":"image\/jpeg","type":"image","subtype":"jpeg","icon":"https:\/\/granicus.com\/wp-includes\/images\/media\/default.png","width":192,"height":192,"sizes":{"thumbnail":"https:\/\/granicus.com\/wp-content\/uploads\/2023\/05\/Careers-heading-Circle-LG-4-150x150.jpg","thumbnail-width":150,"thumbnail-height":150,"medium":"https:\/\/granicus.com\/wp-content\/uploads\/2023\/05\/Careers-heading-Circle-LG-4.jpg","medium-width":192,"medium-height":192,"medium_large":"https:\/\/granicus.com\/wp-content\/uploads\/2023\/05\/Careers-heading-Circle-LG-4.jpg","medium_large-width":192,"medium_large-height":192,"large":"https:\/\/granicus.com\/wp-content\/uploads\/2023\/05\/Careers-heading-Circle-LG-4.jpg","large-width":192,"large-height":192,"1536x1536":"https:\/\/granicus.com\/wp-content\/uploads\/2023\/05\/Careers-heading-Circle-LG-4.jpg","1536x1536-width":192,"1536x1536-height":192,"2048x2048":"https:\/\/granicus.com\/wp-content\/uploads\/2023\/05\/Careers-heading-Circle-LG-4.jpg","2048x2048-width":192,"2048x2048-height":192,"menu-24x24":"https:\/\/granicus.com\/wp-content\/uploads\/2023\/05\/Careers-heading-Circle-LG-4-24x24.jpg","menu-24x24-width":24,"menu-24x24-height":24,"menu-48x48":"https:\/\/granicus.com\/wp-content\/uploads\/2023\/05\/Careers-heading-Circle-LG-4-48x48.jpg","menu-48x48-width":48,"menu-48x48-height":48,"menu-64x64":"https:\/\/granicus.com\/wp-content\/uploads\/2023\/05\/Careers-heading-Circle-LG-4-64x64.jpg","menu-64x64-width":64,"menu-64x64-height":64}}}],"breadcrumbs":[{"breadcrumb":{"title":"Inicio","url":"\/es\/","target":""}},{"breadcrumb":{"title":"Compa\u00f1\u00eda","url":"https:\/\/granicus.com\/es\/compania\/","target":""}},{"breadcrumb":{"title":"Reconocimientos","url":"https:\/\/granicus.com\/es\/reconocimientos\/","target":""}}]},"_links":{"self":[{"href":"https:\/\/granicus.com\/es\/wp-json\/wp\/v2\/pages\/36294","targetHints":{"allow":["GET"]}}],"collection":[{"href":"https:\/\/granicus.com\/es\/wp-json\/wp\/v2\/pages"}],"about":[{"href":"https:\/\/granicus.com\/es\/wp-json\/wp\/v2\/types\/page"}],"author":[{"embeddable":true,"href":"https:\/\/granicus.com\/es\/wp-json\/wp\/v2\/users\/1"}],"replies":[{"embeddable":true,"href":"https:\/\/granicus.com\/es\/wp-json\/wp\/v2\/comments?post=36294"}],"version-history":[{"count":1,"href":"https:\/\/granicus.com\/es\/wp-json\/wp\/v2\/pages\/36294\/revisions"}],"predecessor-version":[{"id":76304,"href":"https:\/\/granicus.com\/es\/wp-json\/wp\/v2\/pages\/36294\/revisions\/76304"}],"wp:attachment":[{"href":"https:\/\/granicus.com\/es\/wp-json\/wp\/v2\/media?parent=36294"}],"wp:term":[{"taxonomy":"page_type_tax","embeddable":true,"href":"https:\/\/granicus.com\/es\/wp-json\/wp\/v2\/page_type_tax?post=36294"}],"curies":[{"name":"wp","href":"https:\/\/api.w.org\/{rel}","templated":true}]}}