{"id":36290,"date":"2023-05-08T19:07:21","date_gmt":"2023-05-08T23:07:21","guid":{"rendered":"https:\/\/granicus.com\/how-to-report-security-vulnerabilities\/"},"modified":"2024-09-19T13:45:58","modified_gmt":"2024-09-19T17:45:58","slug":"how-to-report-security-como-reportar-sobre-preguntas-de-seguridad-o-vulnerabilidades","status":"publish","type":"page","link":"https:\/\/granicus.com\/es\/centro-de-confianza\/how-to-report-security-como-reportar-sobre-preguntas-de-seguridad-o-vulnerabilidades\/","title":{"rendered":"C\u00f3mo Reportar sobre Preguntas de Seguridad o Vulnerabilidades"},"content":{"rendered":"","protected":false},"excerpt":{"rendered":"","protected":false},"author":6,"featured_media":0,"parent":36275,"menu_order":0,"comment_status":"closed","ping_status":"closed","template":"","meta":{"inline_featured_image":false,"footnotes":""},"page_type_tax":[],"class_list":["post-36290","page","type-page","status-publish","hentry"],"yoast_head":"<!-- This site is optimized with the Yoast SEO plugin v26.7 - https:\/\/yoast.com\/wordpress\/plugins\/seo\/ -->\n<title>C\u00f3mo Reportar sobre Preguntas de Seguridad o Vulnerabilidades | Granicus<\/title>\n<meta name=\"description\" content=\"Si necesitas informar preguntas de seguridad o vulnerabilidades en los productos de Granicus, cont\u00e1ctanos para recibir asistencia siguiendo nuestras pautas. Esto garantiza una respuesta r\u00e1pida a tus inquietudes de seguridad.\" \/>\n<meta name=\"robots\" content=\"index, follow, max-snippet:-1, max-image-preview:large, max-video-preview:-1\" \/>\n<link rel=\"canonical\" href=\"https:\/\/granicus.com\/es\/centro-de-confianza\/how-to-report-security-como-reportar-sobre-preguntas-de-seguridad-o-vulnerabilidades\/\" \/>\n<meta property=\"og:locale\" content=\"es_ES\" \/>\n<meta property=\"og:type\" content=\"article\" \/>\n<meta property=\"og:title\" content=\"C\u00f3mo Reportar sobre Preguntas de Seguridad o Vulnerabilidades | Granicus\" \/>\n<meta property=\"og:description\" content=\"Si necesitas informar preguntas de seguridad o vulnerabilidades en los productos de Granicus, cont\u00e1ctanos para recibir asistencia siguiendo nuestras pautas. Esto garantiza una respuesta r\u00e1pida a tus inquietudes de seguridad.\" \/>\n<meta property=\"og:url\" content=\"https:\/\/granicus.com\/es\/centro-de-confianza\/how-to-report-security-como-reportar-sobre-preguntas-de-seguridad-o-vulnerabilidades\/\" \/>\n<meta property=\"og:site_name\" content=\"Granicus\" \/>\n<meta property=\"article:publisher\" content=\"https:\/\/www.facebook.com\/granicusco\/\" \/>\n<meta property=\"article:modified_time\" content=\"2024-09-19T17:45:58+00:00\" \/>\n<meta property=\"og:image\" content=\"https:\/\/granicus.com\/wp-content\/uploads\/Yoast-Logo.png\" \/>\n\t<meta property=\"og:image:width\" content=\"1204\" \/>\n\t<meta property=\"og:image:height\" content=\"675\" \/>\n\t<meta property=\"og:image:type\" content=\"image\/png\" \/>\n<meta name=\"twitter:card\" content=\"summary_large_image\" \/>\n<meta name=\"twitter:site\" content=\"@Granicus\" \/>\n<script type=\"application\/ld+json\" class=\"yoast-schema-graph\">{\"@context\":\"https:\/\/schema.org\",\"@graph\":[{\"@type\":\"WebPage\",\"@id\":\"https:\/\/granicus.com\/es\/centro-de-confianza\/how-to-report-security-como-reportar-sobre-preguntas-de-seguridad-o-vulnerabilidades\/\",\"url\":\"https:\/\/granicus.com\/es\/centro-de-confianza\/how-to-report-security-como-reportar-sobre-preguntas-de-seguridad-o-vulnerabilidades\/\",\"name\":\"C\u00f3mo Reportar sobre Preguntas de Seguridad o Vulnerabilidades | Granicus\",\"isPartOf\":{\"@id\":\"https:\/\/granicus.com\/es\/#website\"},\"datePublished\":\"2023-05-08T23:07:21+00:00\",\"dateModified\":\"2024-09-19T17:45:58+00:00\",\"description\":\"Si necesitas informar preguntas de seguridad o vulnerabilidades en los productos de Granicus, cont\u00e1ctanos para recibir asistencia siguiendo nuestras pautas. Esto garantiza una respuesta r\u00e1pida a tus inquietudes de seguridad.\",\"breadcrumb\":{\"@id\":\"https:\/\/granicus.com\/es\/centro-de-confianza\/how-to-report-security-como-reportar-sobre-preguntas-de-seguridad-o-vulnerabilidades\/#breadcrumb\"},\"inLanguage\":\"es-ES\",\"potentialAction\":[{\"@type\":\"ReadAction\",\"target\":[\"https:\/\/granicus.com\/es\/centro-de-confianza\/how-to-report-security-como-reportar-sobre-preguntas-de-seguridad-o-vulnerabilidades\/\"]}]},{\"@type\":\"BreadcrumbList\",\"@id\":\"https:\/\/granicus.com\/es\/centro-de-confianza\/how-to-report-security-como-reportar-sobre-preguntas-de-seguridad-o-vulnerabilidades\/#breadcrumb\",\"itemListElement\":[{\"@type\":\"ListItem\",\"position\":1,\"name\":\"Home\",\"item\":\"https:\/\/granicus.com\/es\/\"},{\"@type\":\"ListItem\",\"position\":2,\"name\":\"Centro de Confianza\",\"item\":\"https:\/\/granicus.com\/es\/centro-de-confianza\/\"},{\"@type\":\"ListItem\",\"position\":3,\"name\":\"C\u00f3mo Reportar sobre Preguntas de Seguridad o Vulnerabilidades\"}]},{\"@type\":\"WebSite\",\"@id\":\"https:\/\/granicus.com\/es\/#website\",\"url\":\"https:\/\/granicus.com\/es\/\",\"name\":\"Granicus\",\"description\":\"\",\"publisher\":{\"@id\":\"https:\/\/granicus.com\/es\/#organization\"},\"potentialAction\":[{\"@type\":\"SearchAction\",\"target\":{\"@type\":\"EntryPoint\",\"urlTemplate\":\"https:\/\/granicus.com\/es\/?s={search_term_string}\"},\"query-input\":{\"@type\":\"PropertyValueSpecification\",\"valueRequired\":true,\"valueName\":\"search_term_string\"}}],\"inLanguage\":\"es-ES\"},{\"@type\":\"Organization\",\"@id\":\"https:\/\/granicus.com\/es\/#organization\",\"name\":\"Granicus\",\"url\":\"https:\/\/granicus.com\/es\/\",\"logo\":{\"@type\":\"ImageObject\",\"inLanguage\":\"es-ES\",\"@id\":\"https:\/\/granicus.com\/es\/#\/schema\/logo\/image\/\",\"url\":\"https:\/\/granicus.com\/wp-content\/uploads\/2023\/05\/Granicus-G-logo-Red.svg\",\"contentUrl\":\"https:\/\/granicus.com\/wp-content\/uploads\/2023\/05\/Granicus-G-logo-Red.svg\",\"width\":\"1024\",\"height\":\"1024\",\"caption\":\"Granicus\"},\"image\":{\"@id\":\"https:\/\/granicus.com\/es\/#\/schema\/logo\/image\/\"},\"sameAs\":[\"https:\/\/www.facebook.com\/granicusco\/\",\"https:\/\/x.com\/Granicus\",\"https:\/\/www.linkedin.com\/company\/granicusinc\/\",\"https:\/\/www.facebook.com\/granicusco\",\"https:\/\/www.facebook.com\/granicuslac\",\"https:\/\/www.youtube.com\/@GranicusLAC\",\"https:\/\/www.instagram.com\/granicuslac\/\",\"https:\/\/www.linkedin.com\/company\/granicuslac\",\"https:\/\/twitter.com\/granicuslac\/\",\"https:\/\/twitter.com\/GranicusUK\"]}]}<\/script>\n<!-- \/ Yoast SEO plugin. -->","yoast_head_json":{"title":"C\u00f3mo Reportar sobre Preguntas de Seguridad o Vulnerabilidades | Granicus","description":"Si necesitas informar preguntas de seguridad o vulnerabilidades en los productos de Granicus, cont\u00e1ctanos para recibir asistencia siguiendo nuestras pautas. Esto garantiza una respuesta r\u00e1pida a tus inquietudes de seguridad.","robots":{"index":"index","follow":"follow","max-snippet":"max-snippet:-1","max-image-preview":"max-image-preview:large","max-video-preview":"max-video-preview:-1"},"canonical":"https:\/\/granicus.com\/es\/centro-de-confianza\/how-to-report-security-como-reportar-sobre-preguntas-de-seguridad-o-vulnerabilidades\/","og_locale":"es_ES","og_type":"article","og_title":"C\u00f3mo Reportar sobre Preguntas de Seguridad o Vulnerabilidades | Granicus","og_description":"Si necesitas informar preguntas de seguridad o vulnerabilidades en los productos de Granicus, cont\u00e1ctanos para recibir asistencia siguiendo nuestras pautas. Esto garantiza una respuesta r\u00e1pida a tus inquietudes de seguridad.","og_url":"https:\/\/granicus.com\/es\/centro-de-confianza\/how-to-report-security-como-reportar-sobre-preguntas-de-seguridad-o-vulnerabilidades\/","og_site_name":"Granicus","article_publisher":"https:\/\/www.facebook.com\/granicusco\/","article_modified_time":"2024-09-19T17:45:58+00:00","og_image":[{"width":1204,"height":675,"url":"https:\/\/granicus.com\/wp-content\/uploads\/Yoast-Logo.png","type":"image\/png"}],"twitter_card":"summary_large_image","twitter_site":"@Granicus","schema":{"@context":"https:\/\/schema.org","@graph":[{"@type":"WebPage","@id":"https:\/\/granicus.com\/es\/centro-de-confianza\/how-to-report-security-como-reportar-sobre-preguntas-de-seguridad-o-vulnerabilidades\/","url":"https:\/\/granicus.com\/es\/centro-de-confianza\/how-to-report-security-como-reportar-sobre-preguntas-de-seguridad-o-vulnerabilidades\/","name":"C\u00f3mo Reportar sobre Preguntas de Seguridad o Vulnerabilidades | Granicus","isPartOf":{"@id":"https:\/\/granicus.com\/es\/#website"},"datePublished":"2023-05-08T23:07:21+00:00","dateModified":"2024-09-19T17:45:58+00:00","description":"Si necesitas informar preguntas de seguridad o vulnerabilidades en los productos de Granicus, cont\u00e1ctanos para recibir asistencia siguiendo nuestras pautas. Esto garantiza una respuesta r\u00e1pida a tus inquietudes de seguridad.","breadcrumb":{"@id":"https:\/\/granicus.com\/es\/centro-de-confianza\/how-to-report-security-como-reportar-sobre-preguntas-de-seguridad-o-vulnerabilidades\/#breadcrumb"},"inLanguage":"es-ES","potentialAction":[{"@type":"ReadAction","target":["https:\/\/granicus.com\/es\/centro-de-confianza\/how-to-report-security-como-reportar-sobre-preguntas-de-seguridad-o-vulnerabilidades\/"]}]},{"@type":"BreadcrumbList","@id":"https:\/\/granicus.com\/es\/centro-de-confianza\/how-to-report-security-como-reportar-sobre-preguntas-de-seguridad-o-vulnerabilidades\/#breadcrumb","itemListElement":[{"@type":"ListItem","position":1,"name":"Home","item":"https:\/\/granicus.com\/es\/"},{"@type":"ListItem","position":2,"name":"Centro de Confianza","item":"https:\/\/granicus.com\/es\/centro-de-confianza\/"},{"@type":"ListItem","position":3,"name":"C\u00f3mo Reportar sobre Preguntas de Seguridad o Vulnerabilidades"}]},{"@type":"WebSite","@id":"https:\/\/granicus.com\/es\/#website","url":"https:\/\/granicus.com\/es\/","name":"Granicus","description":"","publisher":{"@id":"https:\/\/granicus.com\/es\/#organization"},"potentialAction":[{"@type":"SearchAction","target":{"@type":"EntryPoint","urlTemplate":"https:\/\/granicus.com\/es\/?s={search_term_string}"},"query-input":{"@type":"PropertyValueSpecification","valueRequired":true,"valueName":"search_term_string"}}],"inLanguage":"es-ES"},{"@type":"Organization","@id":"https:\/\/granicus.com\/es\/#organization","name":"Granicus","url":"https:\/\/granicus.com\/es\/","logo":{"@type":"ImageObject","inLanguage":"es-ES","@id":"https:\/\/granicus.com\/es\/#\/schema\/logo\/image\/","url":"https:\/\/granicus.com\/wp-content\/uploads\/2023\/05\/Granicus-G-logo-Red.svg","contentUrl":"https:\/\/granicus.com\/wp-content\/uploads\/2023\/05\/Granicus-G-logo-Red.svg","width":"1024","height":"1024","caption":"Granicus"},"image":{"@id":"https:\/\/granicus.com\/es\/#\/schema\/logo\/image\/"},"sameAs":["https:\/\/www.facebook.com\/granicusco\/","https:\/\/x.com\/Granicus","https:\/\/www.linkedin.com\/company\/granicusinc\/","https:\/\/www.facebook.com\/granicusco","https:\/\/www.facebook.com\/granicuslac","https:\/\/www.youtube.com\/@GranicusLAC","https:\/\/www.instagram.com\/granicuslac\/","https:\/\/www.linkedin.com\/company\/granicuslac","https:\/\/twitter.com\/granicuslac\/","https:\/\/twitter.com\/GranicusUK"]}]}},"acf":{"breadcrumbs":[{"breadcrumb":{"title":"Inicio","url":"\/es\/","target":""}},{"breadcrumb":{"title":"Centro de Confianza","url":"#","target":""}},{"breadcrumb":{"title":"C\u00f3mo Reportar sobre Preguntas de Seguridad o Vulnerabilidades","url":"https:\/\/granicus.com\/es\/centro-de-confianza\/how-to-report-security-como-reportar-sobre-preguntas-de-seguridad-o-vulnerabilidades\/","target":""}}],"page_content_builder":[{"acf_fc_layout":"wysiwyg","wysiwyg":"<p class=\"p1\">La seguridad es una prioridad principal en Granicus. Apreciamos y valoramos a nuestros clientes y socios, as\u00ed como a la comunidad de investigaci\u00f3n en seguridad: aquellos que cooperan con nosotros para divulgar de manera proactiva y responsable las vulnerabilidades de seguridad para que se puedan crear parches.<\/p>\n"},{"acf_fc_layout":"callout","callout_group":{"show_section":true,"callout_type":"bg","callout_subhead":"","callout_headline":"A Qui\u00e9n Contactar","callout_text":"<p class=\"p1\">Si tienes preguntas sobre posibles vulnerabilidades en un producto de Granicus, por favor cont\u00e1ctanos seg\u00fan las siguientes calificaciones.<\/p>\n<p>&nbsp;<\/p>\n<p class=\"p1\"><b>Clientes de Granicus<\/b><\/p>\n<p class=\"p1\">Env\u00eda un ticket de soporte a trav\u00e9s del Portal de Soporte al Cliente para cualquier sospecha de vulnerabilidad de seguridad en un producto, servicio o sistema de Granicus.<\/p>\n<p>&nbsp;<\/p>\n<p class=\"p1\"><b>Socios, Analistas Independientes, Investigadores de Seguridad u otras Terceras Partes<\/b><\/p>\n<p class=\"p1\">Env\u00eda los hallazgos por correo electr\u00f3nico a <a href=\"mailto:VulnerabilityReporting@granicus.com\"><span class=\"s1\">VulnerabilityReporting@granicus.com<\/span><\/a><\/p>\n<p>&nbsp;<\/p>\n<p class=\"p1\"><b>Miembros de los Medios de Comunicaci\u00f3n<\/b><\/p>\n<p class=\"p1\">Por favor, contacta a LaunchSquad en <a href=\"mailto:granicus@launchsquad.com\"><span class=\"s1\">granicus@launchsquad.com<\/span><\/a><\/p>\n","callout_button_type":"link","callout_button":"","smart_button_fallback_link":null,"image":false,"bg_image":false,"marketo_form_id":"","marketo_form_headline":"","marketo_thank_you":"","marketo_form_image":false}},{"acf_fc_layout":"wysiwyg","wysiwyg":"<h2 class=\"p1\"><b>Directrices para Reportar<\/b><\/h2>\n<p class=\"p1\">Para la protecci\u00f3n de nuestros clientes y nuestros propios sistemas e infraestructura, Granicus no divulga ni discute problemas de seguridad hasta que nuestra investigaci\u00f3n interna est\u00e9 completa y se hayan creado los parches necesarios.<\/p>\n<p class=\"p1\">Pedimos que todos los que informen cumplan con las siguientes directrices al informar una vulnerabilidad:<\/p>\n<ol class=\"ol1\">\n<li class=\"li1\">Permite a Granicus la oportunidad de abordar una vulnerabilidad dentro de un per\u00edodo de tiempo razonable.<\/li>\n<li class=\"li1\">No compartas p\u00fablicamente informaci\u00f3n sobre la vulnerabilidad antes de que est\u00e9n disponibles las actualizaciones.<\/li>\n<li class=\"li1\">Realiza un esfuerzo de buena fe para evitar violaciones de privacidad y la destrucci\u00f3n, interrupci\u00f3n o segregaci\u00f3n de servicios o aplicaciones de Granicus.<\/li>\n<li class=\"li1\">No explotes, modifiques ni destruyas datos que no te pertenezcan.<\/li>\n<\/ol>\n<p class=\"p1\">Estamos comprometidos a trabajar con aquellos que informan problemas mediante estas directrices, y buscamos resolver r\u00e1pidamente cualquier problema.<\/p>\n"}],"call_to_action":{"hide_call_to_action":true,"color":"red","custom_cta":false,"custom_subhead":"","custom_headline":"","custom_description":"","custom_link":null,"custom_image":false}},"_links":{"self":[{"href":"https:\/\/granicus.com\/es\/wp-json\/wp\/v2\/pages\/36290","targetHints":{"allow":["GET"]}}],"collection":[{"href":"https:\/\/granicus.com\/es\/wp-json\/wp\/v2\/pages"}],"about":[{"href":"https:\/\/granicus.com\/es\/wp-json\/wp\/v2\/types\/page"}],"author":[{"embeddable":true,"href":"https:\/\/granicus.com\/es\/wp-json\/wp\/v2\/users\/6"}],"replies":[{"embeddable":true,"href":"https:\/\/granicus.com\/es\/wp-json\/wp\/v2\/comments?post=36290"}],"version-history":[{"count":1,"href":"https:\/\/granicus.com\/es\/wp-json\/wp\/v2\/pages\/36290\/revisions"}],"predecessor-version":[{"id":47679,"href":"https:\/\/granicus.com\/es\/wp-json\/wp\/v2\/pages\/36290\/revisions\/47679"}],"up":[{"embeddable":true,"href":"https:\/\/granicus.com\/es\/wp-json\/wp\/v2\/pages\/36275"}],"wp:attachment":[{"href":"https:\/\/granicus.com\/es\/wp-json\/wp\/v2\/media?parent=36290"}],"wp:term":[{"taxonomy":"page_type_tax","embeddable":true,"href":"https:\/\/granicus.com\/es\/wp-json\/wp\/v2\/page_type_tax?post=36290"}],"curies":[{"name":"wp","href":"https:\/\/api.w.org\/{rel}","templated":true}]}}