{"id":36275,"date":"2023-12-04T16:08:19","date_gmt":"2023-12-04T21:08:19","guid":{"rendered":"https:\/\/granicus.com\/?page_id=36275"},"modified":"2025-06-25T09:25:14","modified_gmt":"2025-06-25T13:25:14","slug":"centro-de-confianza","status":"publish","type":"page","link":"https:\/\/granicus.com\/es\/centro-de-confianza\/","title":{"rendered":"Centro de Confianza"},"content":{"rendered":"","protected":false},"excerpt":{"rendered":"","protected":false},"author":13,"featured_media":0,"parent":0,"menu_order":0,"comment_status":"closed","ping_status":"closed","template":"","meta":{"inline_featured_image":false,"footnotes":""},"page_type_tax":[],"class_list":["post-36275","page","type-page","status-publish","hentry"],"yoast_head":"<!-- This site is optimized with the Yoast SEO plugin v26.7 - https:\/\/yoast.com\/wordpress\/plugins\/seo\/ -->\n<title>Centro de Confianza | Granicus<\/title>\n<meta name=\"description\" content=\"Centro de recursos de Granicus: descubra y comparta recursos gubernamentales que incluyen historias de \u00e9xito, gu\u00edas, manuales, seminarios web y eventos.\" \/>\n<meta name=\"robots\" content=\"noindex, nofollow\" \/>\n<meta property=\"og:locale\" content=\"es_ES\" \/>\n<meta property=\"og:type\" content=\"article\" \/>\n<meta property=\"og:title\" content=\"Centro de Confianza | Granicus\" \/>\n<meta property=\"og:description\" content=\"Centro de recursos de Granicus: descubra y comparta recursos gubernamentales que incluyen historias de \u00e9xito, gu\u00edas, manuales, seminarios web y eventos.\" \/>\n<meta property=\"og:url\" content=\"https:\/\/granicus.com\/es\/centro-de-confianza\/\" \/>\n<meta property=\"og:site_name\" content=\"Granicus\" \/>\n<meta property=\"article:publisher\" content=\"https:\/\/www.facebook.com\/granicusco\/\" \/>\n<meta property=\"article:modified_time\" content=\"2025-06-25T13:25:14+00:00\" \/>\n<meta property=\"og:image\" content=\"https:\/\/granicus.com\/wp-content\/uploads\/Yoast-Logo.png\" \/>\n\t<meta property=\"og:image:width\" content=\"1204\" \/>\n\t<meta property=\"og:image:height\" content=\"675\" \/>\n\t<meta property=\"og:image:type\" content=\"image\/png\" \/>\n<meta name=\"twitter:card\" content=\"summary_large_image\" \/>\n<meta name=\"twitter:site\" content=\"@Granicus\" \/>\n<script type=\"application\/ld+json\" class=\"yoast-schema-graph\">{\"@context\":\"https:\/\/schema.org\",\"@graph\":[{\"@type\":\"WebPage\",\"@id\":\"https:\/\/granicus.com\/es\/centro-de-confianza\/\",\"url\":\"https:\/\/granicus.com\/es\/centro-de-confianza\/\",\"name\":\"Centro de Confianza | Granicus\",\"isPartOf\":{\"@id\":\"https:\/\/granicus.com\/es\/#website\"},\"datePublished\":\"2023-12-04T21:08:19+00:00\",\"dateModified\":\"2025-06-25T13:25:14+00:00\",\"description\":\"Centro de recursos de Granicus: descubra y comparta recursos gubernamentales que incluyen historias de \u00e9xito, gu\u00edas, manuales, seminarios web y eventos.\",\"breadcrumb\":{\"@id\":\"https:\/\/granicus.com\/es\/centro-de-confianza\/#breadcrumb\"},\"inLanguage\":\"es-ES\",\"potentialAction\":[{\"@type\":\"ReadAction\",\"target\":[\"https:\/\/granicus.com\/es\/centro-de-confianza\/\"]}]},{\"@type\":\"BreadcrumbList\",\"@id\":\"https:\/\/granicus.com\/es\/centro-de-confianza\/#breadcrumb\",\"itemListElement\":[{\"@type\":\"ListItem\",\"position\":1,\"name\":\"Home\",\"item\":\"https:\/\/granicus.com\/es\/\"},{\"@type\":\"ListItem\",\"position\":2,\"name\":\"Centro de Confianza\"}]},{\"@type\":\"WebSite\",\"@id\":\"https:\/\/granicus.com\/es\/#website\",\"url\":\"https:\/\/granicus.com\/es\/\",\"name\":\"Granicus\",\"description\":\"\",\"publisher\":{\"@id\":\"https:\/\/granicus.com\/es\/#organization\"},\"potentialAction\":[{\"@type\":\"SearchAction\",\"target\":{\"@type\":\"EntryPoint\",\"urlTemplate\":\"https:\/\/granicus.com\/es\/?s={search_term_string}\"},\"query-input\":{\"@type\":\"PropertyValueSpecification\",\"valueRequired\":true,\"valueName\":\"search_term_string\"}}],\"inLanguage\":\"es-ES\"},{\"@type\":\"Organization\",\"@id\":\"https:\/\/granicus.com\/es\/#organization\",\"name\":\"Granicus\",\"url\":\"https:\/\/granicus.com\/es\/\",\"logo\":{\"@type\":\"ImageObject\",\"inLanguage\":\"es-ES\",\"@id\":\"https:\/\/granicus.com\/es\/#\/schema\/logo\/image\/\",\"url\":\"https:\/\/granicus.com\/wp-content\/uploads\/2023\/05\/Granicus-G-logo-Red.svg\",\"contentUrl\":\"https:\/\/granicus.com\/wp-content\/uploads\/2023\/05\/Granicus-G-logo-Red.svg\",\"width\":\"1024\",\"height\":\"1024\",\"caption\":\"Granicus\"},\"image\":{\"@id\":\"https:\/\/granicus.com\/es\/#\/schema\/logo\/image\/\"},\"sameAs\":[\"https:\/\/www.facebook.com\/granicusco\/\",\"https:\/\/x.com\/Granicus\",\"https:\/\/www.linkedin.com\/company\/granicusinc\/\",\"https:\/\/www.facebook.com\/granicusco\",\"https:\/\/www.facebook.com\/granicuslac\",\"https:\/\/www.youtube.com\/@GranicusLAC\",\"https:\/\/www.instagram.com\/granicuslac\/\",\"https:\/\/www.linkedin.com\/company\/granicuslac\",\"https:\/\/twitter.com\/granicuslac\/\",\"https:\/\/twitter.com\/GranicusUK\"]}]}<\/script>\n<!-- \/ Yoast SEO plugin. -->","yoast_head_json":{"title":"Centro de Confianza | Granicus","description":"Centro de recursos de Granicus: descubra y comparta recursos gubernamentales que incluyen historias de \u00e9xito, gu\u00edas, manuales, seminarios web y eventos.","robots":{"index":"noindex","follow":"nofollow"},"og_locale":"es_ES","og_type":"article","og_title":"Centro de Confianza | Granicus","og_description":"Centro de recursos de Granicus: descubra y comparta recursos gubernamentales que incluyen historias de \u00e9xito, gu\u00edas, manuales, seminarios web y eventos.","og_url":"https:\/\/granicus.com\/es\/centro-de-confianza\/","og_site_name":"Granicus","article_publisher":"https:\/\/www.facebook.com\/granicusco\/","article_modified_time":"2025-06-25T13:25:14+00:00","og_image":[{"width":1204,"height":675,"url":"https:\/\/granicus.com\/wp-content\/uploads\/Yoast-Logo.png","type":"image\/png"}],"twitter_card":"summary_large_image","twitter_site":"@Granicus","schema":{"@context":"https:\/\/schema.org","@graph":[{"@type":"WebPage","@id":"https:\/\/granicus.com\/es\/centro-de-confianza\/","url":"https:\/\/granicus.com\/es\/centro-de-confianza\/","name":"Centro de Confianza | Granicus","isPartOf":{"@id":"https:\/\/granicus.com\/es\/#website"},"datePublished":"2023-12-04T21:08:19+00:00","dateModified":"2025-06-25T13:25:14+00:00","description":"Centro de recursos de Granicus: descubra y comparta recursos gubernamentales que incluyen historias de \u00e9xito, gu\u00edas, manuales, seminarios web y eventos.","breadcrumb":{"@id":"https:\/\/granicus.com\/es\/centro-de-confianza\/#breadcrumb"},"inLanguage":"es-ES","potentialAction":[{"@type":"ReadAction","target":["https:\/\/granicus.com\/es\/centro-de-confianza\/"]}]},{"@type":"BreadcrumbList","@id":"https:\/\/granicus.com\/es\/centro-de-confianza\/#breadcrumb","itemListElement":[{"@type":"ListItem","position":1,"name":"Home","item":"https:\/\/granicus.com\/es\/"},{"@type":"ListItem","position":2,"name":"Centro de Confianza"}]},{"@type":"WebSite","@id":"https:\/\/granicus.com\/es\/#website","url":"https:\/\/granicus.com\/es\/","name":"Granicus","description":"","publisher":{"@id":"https:\/\/granicus.com\/es\/#organization"},"potentialAction":[{"@type":"SearchAction","target":{"@type":"EntryPoint","urlTemplate":"https:\/\/granicus.com\/es\/?s={search_term_string}"},"query-input":{"@type":"PropertyValueSpecification","valueRequired":true,"valueName":"search_term_string"}}],"inLanguage":"es-ES"},{"@type":"Organization","@id":"https:\/\/granicus.com\/es\/#organization","name":"Granicus","url":"https:\/\/granicus.com\/es\/","logo":{"@type":"ImageObject","inLanguage":"es-ES","@id":"https:\/\/granicus.com\/es\/#\/schema\/logo\/image\/","url":"https:\/\/granicus.com\/wp-content\/uploads\/2023\/05\/Granicus-G-logo-Red.svg","contentUrl":"https:\/\/granicus.com\/wp-content\/uploads\/2023\/05\/Granicus-G-logo-Red.svg","width":"1024","height":"1024","caption":"Granicus"},"image":{"@id":"https:\/\/granicus.com\/es\/#\/schema\/logo\/image\/"},"sameAs":["https:\/\/www.facebook.com\/granicusco\/","https:\/\/x.com\/Granicus","https:\/\/www.linkedin.com\/company\/granicusinc\/","https:\/\/www.facebook.com\/granicusco","https:\/\/www.facebook.com\/granicuslac","https:\/\/www.youtube.com\/@GranicusLAC","https:\/\/www.instagram.com\/granicuslac\/","https:\/\/www.linkedin.com\/company\/granicuslac","https:\/\/twitter.com\/granicuslac\/","https:\/\/twitter.com\/GranicusUK"]}]}},"acf":{"breadcrumbs":[{"breadcrumb":{"title":"Inicio","url":"\/es\/","target":""}},{"breadcrumb":{"title":"Centro de Confianza","url":"#","target":""}}],"page_content_builder":[{"acf_fc_layout":"wysiwyg","wysiwyg":"<p>En Granicus nos tomamos en serio la privacidad y la protecci\u00f3n de datos. Estamos comprometidos a cumplir con todas las leyes y regulaciones aplicables con respecto a la recopilaci\u00f3n, uso y protecci\u00f3n de datos personales.<\/p>\n<ul>\n<li><a href=\"\/es\/centro-de-confianza\/politica-de-privacidad\/\">Poli\u0301tica de Privacidad<\/a><\/li>\n<li><a href=\"\/es\/centro-de-confianza\/politica-de-cookies-de-granicus\/\">Pol\u00edtica de Cookies de Granicus<\/a><\/li>\n<li><a href=\"\/es\/centro-de-confianza\/terminos-de-uso\/\">T\u00e9rminos de Uso<\/a><\/li>\n<li><a href=\"\/es\/centro-de-confianza\/declaracion-sobre-la-esclavitud-y-la-trata-de-personas\/\">Declaracio\u0301n sobre la esclavitud y la trata de personas<\/a><\/li>\n<li><a href=\"\/es\/centro-de-confianza\/how-to-report-security-como-reportar-sobre-preguntas-de-seguridad-o-vulnerabilidades\/\">C\u00f3mo Reportar sobre Preguntas de Seguridad o Vulnerabilidades<\/a><\/li>\n<li><a href=\"https:\/\/granicus.com\/wp-content\/uploads\/Contrato-Maestro-de-Productos-y-Servicios-GRANICUS-LAC.pdf\" target=\"_blank\" rel=\"noopener\">Contracto Maestro de Productos y Servicios<\/a><\/li>\n<\/ul>\n<p><a href='https:\/\/explore.openli.com\/privacy\/granicus' target='_blank'><br \/>\n  <img src='https:\/\/granicus.com\/wp-content\/uploads\/trust-center-horizontal-white-privacy-badge-openli-es.png' width='250' alt='Insignia de \u2018Nos importa tu privacidad\u2019 con enlace al centro de privacidad de Granicus en Openli.'><br \/>\n<\/a><\/p>\n"}],"call_to_action":{"hide_call_to_action":false,"color":"red","custom_cta":false,"custom_subhead":"","custom_headline":"","custom_description":"","custom_link":null,"custom_image":false}},"_links":{"self":[{"href":"https:\/\/granicus.com\/es\/wp-json\/wp\/v2\/pages\/36275","targetHints":{"allow":["GET"]}}],"collection":[{"href":"https:\/\/granicus.com\/es\/wp-json\/wp\/v2\/pages"}],"about":[{"href":"https:\/\/granicus.com\/es\/wp-json\/wp\/v2\/types\/page"}],"author":[{"embeddable":true,"href":"https:\/\/granicus.com\/es\/wp-json\/wp\/v2\/users\/13"}],"replies":[{"embeddable":true,"href":"https:\/\/granicus.com\/es\/wp-json\/wp\/v2\/comments?post=36275"}],"version-history":[{"count":6,"href":"https:\/\/granicus.com\/es\/wp-json\/wp\/v2\/pages\/36275\/revisions"}],"predecessor-version":[{"id":57142,"href":"https:\/\/granicus.com\/es\/wp-json\/wp\/v2\/pages\/36275\/revisions\/57142"}],"wp:attachment":[{"href":"https:\/\/granicus.com\/es\/wp-json\/wp\/v2\/media?parent=36275"}],"wp:term":[{"taxonomy":"page_type_tax","embeddable":true,"href":"https:\/\/granicus.com\/es\/wp-json\/wp\/v2\/page_type_tax?post=36275"}],"curies":[{"name":"wp","href":"https:\/\/api.w.org\/{rel}","templated":true}]}}