{"id":36262,"date":"2023-12-03T17:05:11","date_gmt":"2023-12-03T22:05:11","guid":{"rendered":"https:\/\/granicus.com\/?page_id=36262"},"modified":"2024-01-05T11:57:01","modified_gmt":"2024-01-05T16:57:01","slug":"educacion-en-ti","status":"publish","type":"page","link":"https:\/\/granicus.com\/es\/educacion-en-ti\/","title":{"rendered":"Educaci\u00f3n en TI"},"content":{"rendered":"","protected":false},"excerpt":{"rendered":"","protected":false},"author":13,"featured_media":36260,"parent":0,"menu_order":0,"comment_status":"closed","ping_status":"closed","template":"page-templates\/flexible.php","meta":{"inline_featured_image":false,"footnotes":""},"page_type_tax":[],"class_list":["post-36262","page","type-page","status-publish","has-post-thumbnail","hentry"],"yoast_head":"<!-- This site is optimized with the Yoast SEO plugin v26.7 - https:\/\/yoast.com\/wordpress\/plugins\/seo\/ -->\n<title>Educaci\u00f3n en TI | Granicus<\/title>\n<meta name=\"description\" content=\"Descubre el impulso al Desarrollo de Profesionales de IT en Puerto Rico con el profesor Arnaldo I. Ramos-Torres. Con a\u00f1os de dedicaci\u00f3n a la investigaci\u00f3n y publicaciones, abordamos la brecha entre la oferta y demanda de graduados de IT en la isla.\" \/>\n<meta name=\"robots\" content=\"index, follow, max-snippet:-1, max-image-preview:large, max-video-preview:-1\" \/>\n<link rel=\"canonical\" href=\"https:\/\/granicus.com\/es\/educacion-en-ti\/\" \/>\n<meta property=\"og:locale\" content=\"es_ES\" \/>\n<meta property=\"og:type\" content=\"article\" \/>\n<meta property=\"og:title\" content=\"Educaci\u00f3n en TI | Granicus\" \/>\n<meta property=\"og:description\" content=\"Descubre el impulso al Desarrollo de Profesionales de IT en Puerto Rico con el profesor Arnaldo I. Ramos-Torres. Con a\u00f1os de dedicaci\u00f3n a la investigaci\u00f3n y publicaciones, abordamos la brecha entre la oferta y demanda de graduados de IT en la isla.\" \/>\n<meta property=\"og:url\" content=\"https:\/\/granicus.com\/es\/educacion-en-ti\/\" \/>\n<meta property=\"og:site_name\" content=\"Granicus\" \/>\n<meta property=\"article:publisher\" content=\"https:\/\/www.facebook.com\/granicusco\/\" \/>\n<meta property=\"article:modified_time\" content=\"2024-01-05T16:57:01+00:00\" \/>\n<meta property=\"og:image\" content=\"https:\/\/granicus.com\/wp-content\/uploads\/image\/jpeg\/LAC-Case-Study.jpg\" \/>\n\t<meta property=\"og:image:width\" content=\"1000\" \/>\n\t<meta property=\"og:image:height\" content=\"667\" \/>\n\t<meta property=\"og:image:type\" content=\"image\/jpeg\" \/>\n<meta name=\"twitter:card\" content=\"summary_large_image\" \/>\n<meta name=\"twitter:site\" content=\"@Granicus\" \/>\n<meta name=\"twitter:label1\" content=\"Est. reading time\" \/>\n\t<meta name=\"twitter:data1\" content=\"1 minute\" \/>\n<script type=\"application\/ld+json\" class=\"yoast-schema-graph\">{\"@context\":\"https:\/\/schema.org\",\"@graph\":[{\"@type\":\"WebPage\",\"@id\":\"https:\/\/granicus.com\/es\/educacion-en-ti\/\",\"url\":\"https:\/\/granicus.com\/es\/educacion-en-ti\/\",\"name\":\"Educaci\u00f3n en TI | Granicus\",\"isPartOf\":{\"@id\":\"https:\/\/granicus.com\/es\/#website\"},\"primaryImageOfPage\":{\"@id\":\"https:\/\/granicus.com\/es\/educacion-en-ti\/#primaryimage\"},\"image\":{\"@id\":\"https:\/\/granicus.com\/es\/educacion-en-ti\/#primaryimage\"},\"thumbnailUrl\":\"https:\/\/granicus.com\/wp-content\/uploads\/image\/jpeg\/LAC-Case-Study.jpg\",\"datePublished\":\"2023-12-03T22:05:11+00:00\",\"dateModified\":\"2024-01-05T16:57:01+00:00\",\"description\":\"Descubre el impulso al Desarrollo de Profesionales de IT en Puerto Rico con el profesor Arnaldo I. Ramos-Torres. Con a\u00f1os de dedicaci\u00f3n a la investigaci\u00f3n y publicaciones, abordamos la brecha entre la oferta y demanda de graduados de IT en la isla.\",\"breadcrumb\":{\"@id\":\"https:\/\/granicus.com\/es\/educacion-en-ti\/#breadcrumb\"},\"inLanguage\":\"es-ES\",\"potentialAction\":[{\"@type\":\"ReadAction\",\"target\":[\"https:\/\/granicus.com\/es\/educacion-en-ti\/\"]}]},{\"@type\":\"ImageObject\",\"inLanguage\":\"es-ES\",\"@id\":\"https:\/\/granicus.com\/es\/educacion-en-ti\/#primaryimage\",\"url\":\"https:\/\/granicus.com\/wp-content\/uploads\/image\/jpeg\/LAC-Case-Study.jpg\",\"contentUrl\":\"https:\/\/granicus.com\/wp-content\/uploads\/image\/jpeg\/LAC-Case-Study.jpg\",\"width\":1000,\"height\":667},{\"@type\":\"BreadcrumbList\",\"@id\":\"https:\/\/granicus.com\/es\/educacion-en-ti\/#breadcrumb\",\"itemListElement\":[{\"@type\":\"ListItem\",\"position\":1,\"name\":\"Home\",\"item\":\"https:\/\/granicus.com\/es\/\"},{\"@type\":\"ListItem\",\"position\":2,\"name\":\"Educaci\u00f3n en TI\"}]},{\"@type\":\"WebSite\",\"@id\":\"https:\/\/granicus.com\/es\/#website\",\"url\":\"https:\/\/granicus.com\/es\/\",\"name\":\"Granicus\",\"description\":\"\",\"publisher\":{\"@id\":\"https:\/\/granicus.com\/es\/#organization\"},\"potentialAction\":[{\"@type\":\"SearchAction\",\"target\":{\"@type\":\"EntryPoint\",\"urlTemplate\":\"https:\/\/granicus.com\/es\/?s={search_term_string}\"},\"query-input\":{\"@type\":\"PropertyValueSpecification\",\"valueRequired\":true,\"valueName\":\"search_term_string\"}}],\"inLanguage\":\"es-ES\"},{\"@type\":\"Organization\",\"@id\":\"https:\/\/granicus.com\/es\/#organization\",\"name\":\"Granicus\",\"url\":\"https:\/\/granicus.com\/es\/\",\"logo\":{\"@type\":\"ImageObject\",\"inLanguage\":\"es-ES\",\"@id\":\"https:\/\/granicus.com\/es\/#\/schema\/logo\/image\/\",\"url\":\"https:\/\/granicus.com\/wp-content\/uploads\/2023\/05\/Granicus-G-logo-Red.svg\",\"contentUrl\":\"https:\/\/granicus.com\/wp-content\/uploads\/2023\/05\/Granicus-G-logo-Red.svg\",\"width\":\"1024\",\"height\":\"1024\",\"caption\":\"Granicus\"},\"image\":{\"@id\":\"https:\/\/granicus.com\/es\/#\/schema\/logo\/image\/\"},\"sameAs\":[\"https:\/\/www.facebook.com\/granicusco\/\",\"https:\/\/x.com\/Granicus\",\"https:\/\/www.linkedin.com\/company\/granicusinc\/\",\"https:\/\/www.facebook.com\/granicusco\",\"https:\/\/www.facebook.com\/granicuslac\",\"https:\/\/www.youtube.com\/@GranicusLAC\",\"https:\/\/www.instagram.com\/granicuslac\/\",\"https:\/\/www.linkedin.com\/company\/granicuslac\",\"https:\/\/twitter.com\/granicuslac\/\",\"https:\/\/twitter.com\/GranicusUK\"]}]}<\/script>\n<!-- \/ Yoast SEO plugin. -->","yoast_head_json":{"title":"Educaci\u00f3n en TI | Granicus","description":"Descubre el impulso al Desarrollo de Profesionales de IT en Puerto Rico con el profesor Arnaldo I. Ramos-Torres. Con a\u00f1os de dedicaci\u00f3n a la investigaci\u00f3n y publicaciones, abordamos la brecha entre la oferta y demanda de graduados de IT en la isla.","robots":{"index":"index","follow":"follow","max-snippet":"max-snippet:-1","max-image-preview":"max-image-preview:large","max-video-preview":"max-video-preview:-1"},"canonical":"https:\/\/granicus.com\/es\/educacion-en-ti\/","og_locale":"es_ES","og_type":"article","og_title":"Educaci\u00f3n en TI | Granicus","og_description":"Descubre el impulso al Desarrollo de Profesionales de IT en Puerto Rico con el profesor Arnaldo I. Ramos-Torres. Con a\u00f1os de dedicaci\u00f3n a la investigaci\u00f3n y publicaciones, abordamos la brecha entre la oferta y demanda de graduados de IT en la isla.","og_url":"https:\/\/granicus.com\/es\/educacion-en-ti\/","og_site_name":"Granicus","article_publisher":"https:\/\/www.facebook.com\/granicusco\/","article_modified_time":"2024-01-05T16:57:01+00:00","og_image":[{"width":1000,"height":667,"url":"https:\/\/granicus.com\/wp-content\/uploads\/image\/jpeg\/LAC-Case-Study.jpg","type":"image\/jpeg"}],"twitter_card":"summary_large_image","twitter_site":"@Granicus","twitter_misc":{"Est. reading time":"1 minute"},"schema":{"@context":"https:\/\/schema.org","@graph":[{"@type":"WebPage","@id":"https:\/\/granicus.com\/es\/educacion-en-ti\/","url":"https:\/\/granicus.com\/es\/educacion-en-ti\/","name":"Educaci\u00f3n en TI | Granicus","isPartOf":{"@id":"https:\/\/granicus.com\/es\/#website"},"primaryImageOfPage":{"@id":"https:\/\/granicus.com\/es\/educacion-en-ti\/#primaryimage"},"image":{"@id":"https:\/\/granicus.com\/es\/educacion-en-ti\/#primaryimage"},"thumbnailUrl":"https:\/\/granicus.com\/wp-content\/uploads\/image\/jpeg\/LAC-Case-Study.jpg","datePublished":"2023-12-03T22:05:11+00:00","dateModified":"2024-01-05T16:57:01+00:00","description":"Descubre el impulso al Desarrollo de Profesionales de IT en Puerto Rico con el profesor Arnaldo I. Ramos-Torres. Con a\u00f1os de dedicaci\u00f3n a la investigaci\u00f3n y publicaciones, abordamos la brecha entre la oferta y demanda de graduados de IT en la isla.","breadcrumb":{"@id":"https:\/\/granicus.com\/es\/educacion-en-ti\/#breadcrumb"},"inLanguage":"es-ES","potentialAction":[{"@type":"ReadAction","target":["https:\/\/granicus.com\/es\/educacion-en-ti\/"]}]},{"@type":"ImageObject","inLanguage":"es-ES","@id":"https:\/\/granicus.com\/es\/educacion-en-ti\/#primaryimage","url":"https:\/\/granicus.com\/wp-content\/uploads\/image\/jpeg\/LAC-Case-Study.jpg","contentUrl":"https:\/\/granicus.com\/wp-content\/uploads\/image\/jpeg\/LAC-Case-Study.jpg","width":1000,"height":667},{"@type":"BreadcrumbList","@id":"https:\/\/granicus.com\/es\/educacion-en-ti\/#breadcrumb","itemListElement":[{"@type":"ListItem","position":1,"name":"Home","item":"https:\/\/granicus.com\/es\/"},{"@type":"ListItem","position":2,"name":"Educaci\u00f3n en TI"}]},{"@type":"WebSite","@id":"https:\/\/granicus.com\/es\/#website","url":"https:\/\/granicus.com\/es\/","name":"Granicus","description":"","publisher":{"@id":"https:\/\/granicus.com\/es\/#organization"},"potentialAction":[{"@type":"SearchAction","target":{"@type":"EntryPoint","urlTemplate":"https:\/\/granicus.com\/es\/?s={search_term_string}"},"query-input":{"@type":"PropertyValueSpecification","valueRequired":true,"valueName":"search_term_string"}}],"inLanguage":"es-ES"},{"@type":"Organization","@id":"https:\/\/granicus.com\/es\/#organization","name":"Granicus","url":"https:\/\/granicus.com\/es\/","logo":{"@type":"ImageObject","inLanguage":"es-ES","@id":"https:\/\/granicus.com\/es\/#\/schema\/logo\/image\/","url":"https:\/\/granicus.com\/wp-content\/uploads\/2023\/05\/Granicus-G-logo-Red.svg","contentUrl":"https:\/\/granicus.com\/wp-content\/uploads\/2023\/05\/Granicus-G-logo-Red.svg","width":"1024","height":"1024","caption":"Granicus"},"image":{"@id":"https:\/\/granicus.com\/es\/#\/schema\/logo\/image\/"},"sameAs":["https:\/\/www.facebook.com\/granicusco\/","https:\/\/x.com\/Granicus","https:\/\/www.linkedin.com\/company\/granicusinc\/","https:\/\/www.facebook.com\/granicusco","https:\/\/www.facebook.com\/granicuslac","https:\/\/www.youtube.com\/@GranicusLAC","https:\/\/www.instagram.com\/granicuslac\/","https:\/\/www.linkedin.com\/company\/granicuslac","https:\/\/twitter.com\/granicuslac\/","https:\/\/twitter.com\/GranicusUK"]}]}},"acf":{"breadcrumbs":false,"page_content_builder":[{"acf_fc_layout":"wysiwyg","wysiwyg":"<p><img loading=\"lazy\" decoding=\"async\" class=\" wp-image-36260 alignleft\" src=\"https:\/\/granicus.com\/wp-content\/uploads\/image\/jpeg\/LAC-Case-Study-300x200.jpg\" alt=\"\" width=\"266\" height=\"177\" srcset=\"https:\/\/granicus.com\/wp-content\/uploads\/image\/jpeg\/LAC-Case-Study-300x200.jpg 300w, https:\/\/granicus.com\/wp-content\/uploads\/image\/jpeg\/LAC-Case-Study-768x512.jpg 768w, https:\/\/granicus.com\/wp-content\/uploads\/image\/jpeg\/LAC-Case-Study-24x16.jpg 24w, https:\/\/granicus.com\/wp-content\/uploads\/image\/jpeg\/LAC-Case-Study-48x32.jpg 48w, https:\/\/granicus.com\/wp-content\/uploads\/image\/jpeg\/LAC-Case-Study-64x43.jpg 64w, https:\/\/granicus.com\/wp-content\/uploads\/image\/jpeg\/LAC-Case-Study.jpg 1000w\" sizes=\"auto, (max-width: 266px) 100vw, 266px\" \/>En Rock Solid Technologies ahora parte de Granicus, al igual que en otras organizaciones con sede en Puerto Rico, llevamos a\u00f1os confrontando graves dificultades para contratar los profesionales de tecnolog\u00eda inform\u00e1tica (IT) que necesitamos. En todo este tiempo, Rock Solid Technologies ahora parte de Granicus ha promovido y llevado a cabo distintas actividades para abordar este problema. Algunos ejemplos de estas actividades incluyen el establecer alianzas \u00edntimas con las universidades que ofrecen programas de IT, patrocinar internados de semestre y verano y otorgar becas a los estudiantes que cualifiquen.<\/p>\n"}],"call_to_action":{"hide_call_to_action":false,"color":"red","custom_cta":false,"custom_subhead":"","custom_headline":"","custom_description":"","custom_link":null,"custom_image":false},"hero_subhead":"","hero_headline":"Educaci\u00f3n en TI","hero_text":"<p>En Rock Solid Technologies ahora parte de Granicus, al igual que en otras organizaciones con sede en Puerto Rico, llevamos a\u00f1os confrontando graves dificultades para contratar los profesionales de tecnolog\u00eda inform\u00e1tica (TI) que necesitamos. En todo este tiempo, Rock Solid Technologies ahora parte de Granicus ha promovido y llevado a cabo distintas actividades para abordar este problema. Algunos ejemplos de estas actividades incluyen el establecer alianzas \u00edntimas con las universidades que ofrecen programas de TI, patrocinar internados de semestre y verano a los estudiantes que cualifiquen.<\/p>\n","hero_button":{"title":"Conozca M\u00e1s","url":"https:\/\/granicus.com\/es\/carreras\/","target":""},"hero_icon":false,"hero_image":{"ID":36260,"id":36260,"title":"LAC Case Study","filename":"LAC-Case-Study.jpg","filesize":87924,"url":"https:\/\/granicus.com\/wp-content\/uploads\/image\/jpeg\/LAC-Case-Study.jpg","link":"https:\/\/granicus.com\/es\/educacion-en-ti\/lac-case-study\/","alt":"","author":"13","description":"","caption":"","name":"lac-case-study","status":"inherit","uploaded_to":36262,"date":"2023-12-03 21:53:47","modified":"2024-01-05 16:57:02","menu_order":0,"mime_type":"image\/jpeg","type":"image","subtype":"jpeg","icon":"https:\/\/granicus.com\/wp-includes\/images\/media\/default.png","width":1000,"height":667,"sizes":{"thumbnail":"https:\/\/granicus.com\/wp-content\/uploads\/image\/jpeg\/LAC-Case-Study-150x150.jpg","thumbnail-width":150,"thumbnail-height":150,"medium":"https:\/\/granicus.com\/wp-content\/uploads\/image\/jpeg\/LAC-Case-Study-300x200.jpg","medium-width":300,"medium-height":200,"medium_large":"https:\/\/granicus.com\/wp-content\/uploads\/image\/jpeg\/LAC-Case-Study-768x512.jpg","medium_large-width":768,"medium_large-height":512,"large":"https:\/\/granicus.com\/wp-content\/uploads\/image\/jpeg\/LAC-Case-Study.jpg","large-width":1000,"large-height":667,"1536x1536":"https:\/\/granicus.com\/wp-content\/uploads\/image\/jpeg\/LAC-Case-Study.jpg","1536x1536-width":1000,"1536x1536-height":667,"2048x2048":"https:\/\/granicus.com\/wp-content\/uploads\/image\/jpeg\/LAC-Case-Study.jpg","2048x2048-width":1000,"2048x2048-height":667,"menu-24x24":"https:\/\/granicus.com\/wp-content\/uploads\/image\/jpeg\/LAC-Case-Study-24x16.jpg","menu-24x24-width":24,"menu-24x24-height":16,"menu-48x48":"https:\/\/granicus.com\/wp-content\/uploads\/image\/jpeg\/LAC-Case-Study-48x32.jpg","menu-48x48-width":48,"menu-48x48-height":32,"menu-64x64":"https:\/\/granicus.com\/wp-content\/uploads\/image\/jpeg\/LAC-Case-Study-64x43.jpg","menu-64x64-width":64,"menu-64x64-height":43}},"hero_clone":{"hero_subhead":"","hero_headline":"Educaci\u00f3n en TI","hero_text":"<p>En Rock Solid Technologies ahora parte de Granicus, al igual que en otras organizaciones con sede en Puerto Rico, llevamos a\u00f1os confrontando graves dificultades para contratar los profesionales de tecnolog\u00eda inform\u00e1tica (TI) que necesitamos. En todo este tiempo, Rock Solid Technologies ahora parte de Granicus ha promovido y llevado a cabo distintas actividades para abordar este problema. Algunos ejemplos de estas actividades incluyen el establecer alianzas \u00edntimas con las universidades que ofrecen programas de TI, patrocinar internados de semestre y verano a los estudiantes que cualifiquen.<\/p>\n","hero_button":{"title":"Conozca M\u00e1s","url":"https:\/\/granicus.com\/es\/carreras\/","target":""},"additional_button":null,"hero_icon":false,"hero_image":{"ID":36260,"id":36260,"title":"LAC Case Study","filename":"LAC-Case-Study.jpg","filesize":87924,"url":"https:\/\/granicus.com\/wp-content\/uploads\/image\/jpeg\/LAC-Case-Study.jpg","link":"https:\/\/granicus.com\/es\/educacion-en-ti\/lac-case-study\/","alt":"","author":"13","description":"","caption":"","name":"lac-case-study","status":"inherit","uploaded_to":36262,"date":"2023-12-03 21:53:47","modified":"2024-01-05 16:57:02","menu_order":0,"mime_type":"image\/jpeg","type":"image","subtype":"jpeg","icon":"https:\/\/granicus.com\/wp-includes\/images\/media\/default.png","width":1000,"height":667,"sizes":{"thumbnail":"https:\/\/granicus.com\/wp-content\/uploads\/image\/jpeg\/LAC-Case-Study-150x150.jpg","thumbnail-width":150,"thumbnail-height":150,"medium":"https:\/\/granicus.com\/wp-content\/uploads\/image\/jpeg\/LAC-Case-Study-300x200.jpg","medium-width":300,"medium-height":200,"medium_large":"https:\/\/granicus.com\/wp-content\/uploads\/image\/jpeg\/LAC-Case-Study-768x512.jpg","medium_large-width":768,"medium_large-height":512,"large":"https:\/\/granicus.com\/wp-content\/uploads\/image\/jpeg\/LAC-Case-Study.jpg","large-width":1000,"large-height":667,"1536x1536":"https:\/\/granicus.com\/wp-content\/uploads\/image\/jpeg\/LAC-Case-Study.jpg","1536x1536-width":1000,"1536x1536-height":667,"2048x2048":"https:\/\/granicus.com\/wp-content\/uploads\/image\/jpeg\/LAC-Case-Study.jpg","2048x2048-width":1000,"2048x2048-height":667,"menu-24x24":"https:\/\/granicus.com\/wp-content\/uploads\/image\/jpeg\/LAC-Case-Study-24x16.jpg","menu-24x24-width":24,"menu-24x24-height":16,"menu-48x48":"https:\/\/granicus.com\/wp-content\/uploads\/image\/jpeg\/LAC-Case-Study-48x32.jpg","menu-48x48-width":48,"menu-48x48-height":32,"menu-64x64":"https:\/\/granicus.com\/wp-content\/uploads\/image\/jpeg\/LAC-Case-Study-64x43.jpg","menu-64x64-width":64,"menu-64x64-height":43}}},"flexible_page_builder_group":{"flexible_page_builder_fields":[{"acf_fc_layout":"wysiwyg","add_menu_anchor":false,"anchor_menu_text":"","wysiwyg_group":{"show_section":true,"alignment":"left","subhead":"","headline":"Desarrollo de Profesionales de TI en Puerto Rico","wysiwyg":"<p>De igual manera, el profesor Arnaldo I. Ramos-Torres lleva a\u00f1os abordando esta situaci\u00f3n mediante sus actividades profesionales y de investigaci\u00f3n y sus publicaciones. Sus esfuerzos incluyen la recopilaci\u00f3n de datos sobre la oferta y demanda de graduados de TI en Puerto Rico y sobre la acreditaci\u00f3n de los programas acad\u00e9micos de TI a nivel local. Tambi\u00e9n ha investigado y publicado contenido sobre temas pertinentes, tales como las destrezas en TI, enfoques de evaluaci\u00f3n y estrategias educativas para programas de TI.<\/p>\n<p>Hace poco, ambos unimos esfuerzos con otras organizaciones, tales como Puerto Rico TI Cluster, Fusionworks, IAMCP Cap\u00edtulo de Puerto Rico y Truenorth, todo con la intenci\u00f3n de crear mayor conciencia sobre este problema y proponer actividades para abordarlo. Una de estas actividades es la creaci\u00f3n de un sitio web que incluya informaci\u00f3n, estrategias y productos para promover el desarrollo de los profesionales de tecnolog\u00eda inform\u00e1tica que Puerto Rico necesita.<\/p>\n<p>Le damos la bienvenida a este sitio y esperamos que lo encuentre \u00fatil e interesante.<\/p>\n","button":{"title":"Descargar Informe T\u00e9cnico","url":"https:\/\/granicus.com\/wp-content\/uploads\/application\/pdf\/Educacion-I-T.pdf","target":"_blank"}}}]}},"_links":{"self":[{"href":"https:\/\/granicus.com\/es\/wp-json\/wp\/v2\/pages\/36262","targetHints":{"allow":["GET"]}}],"collection":[{"href":"https:\/\/granicus.com\/es\/wp-json\/wp\/v2\/pages"}],"about":[{"href":"https:\/\/granicus.com\/es\/wp-json\/wp\/v2\/types\/page"}],"author":[{"embeddable":true,"href":"https:\/\/granicus.com\/es\/wp-json\/wp\/v2\/users\/13"}],"replies":[{"embeddable":true,"href":"https:\/\/granicus.com\/es\/wp-json\/wp\/v2\/comments?post=36262"}],"version-history":[{"count":0,"href":"https:\/\/granicus.com\/es\/wp-json\/wp\/v2\/pages\/36262\/revisions"}],"wp:featuredmedia":[{"embeddable":true,"href":"https:\/\/granicus.com\/es\/wp-json\/wp\/v2\/media\/36260"}],"wp:attachment":[{"href":"https:\/\/granicus.com\/es\/wp-json\/wp\/v2\/media?parent=36262"}],"wp:term":[{"taxonomy":"page_type_tax","embeddable":true,"href":"https:\/\/granicus.com\/es\/wp-json\/wp\/v2\/page_type_tax?post=36262"}],"curies":[{"name":"wp","href":"https:\/\/api.w.org\/{rel}","templated":true}]}}