{"id":33681,"date":"2023-01-03T11:47:50","date_gmt":"2023-01-03T16:47:50","guid":{"rendered":"https:\/\/granicus.com\/news-press\/"},"modified":"2024-09-23T16:32:47","modified_gmt":"2024-09-23T20:32:47","slug":"noticias-y-prensa","status":"publish","type":"page","link":"https:\/\/granicus.com\/es\/noticias-y-prensa\/","title":{"rendered":"Noticias y Prensa"},"content":{"rendered":"","protected":false},"excerpt":{"rendered":"","protected":false},"author":1,"featured_media":0,"parent":0,"menu_order":0,"comment_status":"closed","ping_status":"closed","template":"page-templates\/news-press.php","meta":{"inline_featured_image":false,"footnotes":""},"page_type_tax":[],"class_list":["post-33681","page","type-page","status-publish","hentry"],"yoast_head":"<!-- This site is optimized with the Yoast SEO plugin v26.7 - https:\/\/yoast.com\/wordpress\/plugins\/seo\/ -->\n<title>Noticias y Prensa | Granicus<\/title>\n<meta name=\"description\" content=\"Mantente actualizado sobre c\u00f3mo las organizaciones gubernamentales est\u00e1n mejorando la comunicaci\u00f3n, gestionando f\u00e1cilmente las reuniones p\u00fablicas y aumentando los servicios digitales.\" \/>\n<meta name=\"robots\" content=\"index, follow, max-snippet:-1, max-image-preview:large, max-video-preview:-1\" \/>\n<link rel=\"canonical\" href=\"https:\/\/granicus.com\/es\/noticias-y-prensa\/\" \/>\n<meta property=\"og:locale\" content=\"es_ES\" \/>\n<meta property=\"og:type\" content=\"article\" \/>\n<meta property=\"og:title\" content=\"Noticias y Prensa | Granicus\" \/>\n<meta property=\"og:description\" content=\"Mantente actualizado sobre c\u00f3mo las organizaciones gubernamentales est\u00e1n mejorando la comunicaci\u00f3n, gestionando f\u00e1cilmente las reuniones p\u00fablicas y aumentando los servicios digitales.\" \/>\n<meta property=\"og:url\" content=\"https:\/\/granicus.com\/es\/noticias-y-prensa\/\" \/>\n<meta property=\"og:site_name\" content=\"Granicus\" \/>\n<meta property=\"article:publisher\" content=\"https:\/\/www.facebook.com\/granicusco\/\" \/>\n<meta property=\"article:modified_time\" content=\"2024-09-23T20:32:47+00:00\" \/>\n<meta property=\"og:image\" content=\"https:\/\/granicus.com\/wp-content\/uploads\/Yoast-Logo.png\" \/>\n\t<meta property=\"og:image:width\" content=\"1204\" \/>\n\t<meta property=\"og:image:height\" content=\"675\" \/>\n\t<meta property=\"og:image:type\" content=\"image\/png\" \/>\n<meta name=\"twitter:card\" content=\"summary_large_image\" \/>\n<meta name=\"twitter:site\" content=\"@Granicus\" \/>\n<script type=\"application\/ld+json\" class=\"yoast-schema-graph\">{\"@context\":\"https:\/\/schema.org\",\"@graph\":[{\"@type\":[\"WebPage\",\"CollectionPage\"],\"@id\":\"https:\/\/granicus.com\/es\/noticias-y-prensa\/\",\"url\":\"https:\/\/granicus.com\/es\/noticias-y-prensa\/\",\"name\":\"Noticias y Prensa | Granicus\",\"isPartOf\":{\"@id\":\"https:\/\/granicus.com\/es\/#website\"},\"datePublished\":\"2023-01-03T16:47:50+00:00\",\"dateModified\":\"2024-09-23T20:32:47+00:00\",\"description\":\"Mantente actualizado sobre c\u00f3mo las organizaciones gubernamentales est\u00e1n mejorando la comunicaci\u00f3n, gestionando f\u00e1cilmente las reuniones p\u00fablicas y aumentando los servicios digitales.\",\"breadcrumb\":{\"@id\":\"https:\/\/granicus.com\/es\/noticias-y-prensa\/#breadcrumb\"},\"inLanguage\":\"es-ES\"},{\"@type\":\"BreadcrumbList\",\"@id\":\"https:\/\/granicus.com\/es\/noticias-y-prensa\/#breadcrumb\",\"itemListElement\":[{\"@type\":\"ListItem\",\"position\":1,\"name\":\"Home\",\"item\":\"https:\/\/granicus.com\/es\/\"},{\"@type\":\"ListItem\",\"position\":2,\"name\":\"Noticias y Prensa\"}]},{\"@type\":\"WebSite\",\"@id\":\"https:\/\/granicus.com\/es\/#website\",\"url\":\"https:\/\/granicus.com\/es\/\",\"name\":\"Granicus\",\"description\":\"\",\"publisher\":{\"@id\":\"https:\/\/granicus.com\/es\/#organization\"},\"potentialAction\":[{\"@type\":\"SearchAction\",\"target\":{\"@type\":\"EntryPoint\",\"urlTemplate\":\"https:\/\/granicus.com\/es\/?s={search_term_string}\"},\"query-input\":{\"@type\":\"PropertyValueSpecification\",\"valueRequired\":true,\"valueName\":\"search_term_string\"}}],\"inLanguage\":\"es-ES\"},{\"@type\":\"Organization\",\"@id\":\"https:\/\/granicus.com\/es\/#organization\",\"name\":\"Granicus\",\"url\":\"https:\/\/granicus.com\/es\/\",\"logo\":{\"@type\":\"ImageObject\",\"inLanguage\":\"es-ES\",\"@id\":\"https:\/\/granicus.com\/es\/#\/schema\/logo\/image\/\",\"url\":\"https:\/\/granicus.com\/wp-content\/uploads\/2023\/05\/Granicus-G-logo-Red.svg\",\"contentUrl\":\"https:\/\/granicus.com\/wp-content\/uploads\/2023\/05\/Granicus-G-logo-Red.svg\",\"width\":\"1024\",\"height\":\"1024\",\"caption\":\"Granicus\"},\"image\":{\"@id\":\"https:\/\/granicus.com\/es\/#\/schema\/logo\/image\/\"},\"sameAs\":[\"https:\/\/www.facebook.com\/granicusco\/\",\"https:\/\/x.com\/Granicus\",\"https:\/\/www.linkedin.com\/company\/granicusinc\/\",\"https:\/\/www.facebook.com\/granicusco\",\"https:\/\/www.facebook.com\/granicuslac\",\"https:\/\/www.youtube.com\/@GranicusLAC\",\"https:\/\/www.instagram.com\/granicuslac\/\",\"https:\/\/www.linkedin.com\/company\/granicuslac\",\"https:\/\/twitter.com\/granicuslac\/\",\"https:\/\/twitter.com\/GranicusUK\"]}]}<\/script>\n<!-- \/ Yoast SEO plugin. -->","yoast_head_json":{"title":"Noticias y Prensa | Granicus","description":"Mantente actualizado sobre c\u00f3mo las organizaciones gubernamentales est\u00e1n mejorando la comunicaci\u00f3n, gestionando f\u00e1cilmente las reuniones p\u00fablicas y aumentando los servicios digitales.","robots":{"index":"index","follow":"follow","max-snippet":"max-snippet:-1","max-image-preview":"max-image-preview:large","max-video-preview":"max-video-preview:-1"},"canonical":"https:\/\/granicus.com\/es\/noticias-y-prensa\/","og_locale":"es_ES","og_type":"article","og_title":"Noticias y Prensa | Granicus","og_description":"Mantente actualizado sobre c\u00f3mo las organizaciones gubernamentales est\u00e1n mejorando la comunicaci\u00f3n, gestionando f\u00e1cilmente las reuniones p\u00fablicas y aumentando los servicios digitales.","og_url":"https:\/\/granicus.com\/es\/noticias-y-prensa\/","og_site_name":"Granicus","article_publisher":"https:\/\/www.facebook.com\/granicusco\/","article_modified_time":"2024-09-23T20:32:47+00:00","og_image":[{"width":1204,"height":675,"url":"https:\/\/granicus.com\/wp-content\/uploads\/Yoast-Logo.png","type":"image\/png"}],"twitter_card":"summary_large_image","twitter_site":"@Granicus","schema":{"@context":"https:\/\/schema.org","@graph":[{"@type":["WebPage","CollectionPage"],"@id":"https:\/\/granicus.com\/es\/noticias-y-prensa\/","url":"https:\/\/granicus.com\/es\/noticias-y-prensa\/","name":"Noticias y Prensa | Granicus","isPartOf":{"@id":"https:\/\/granicus.com\/es\/#website"},"datePublished":"2023-01-03T16:47:50+00:00","dateModified":"2024-09-23T20:32:47+00:00","description":"Mantente actualizado sobre c\u00f3mo las organizaciones gubernamentales est\u00e1n mejorando la comunicaci\u00f3n, gestionando f\u00e1cilmente las reuniones p\u00fablicas y aumentando los servicios digitales.","breadcrumb":{"@id":"https:\/\/granicus.com\/es\/noticias-y-prensa\/#breadcrumb"},"inLanguage":"es-ES"},{"@type":"BreadcrumbList","@id":"https:\/\/granicus.com\/es\/noticias-y-prensa\/#breadcrumb","itemListElement":[{"@type":"ListItem","position":1,"name":"Home","item":"https:\/\/granicus.com\/es\/"},{"@type":"ListItem","position":2,"name":"Noticias y Prensa"}]},{"@type":"WebSite","@id":"https:\/\/granicus.com\/es\/#website","url":"https:\/\/granicus.com\/es\/","name":"Granicus","description":"","publisher":{"@id":"https:\/\/granicus.com\/es\/#organization"},"potentialAction":[{"@type":"SearchAction","target":{"@type":"EntryPoint","urlTemplate":"https:\/\/granicus.com\/es\/?s={search_term_string}"},"query-input":{"@type":"PropertyValueSpecification","valueRequired":true,"valueName":"search_term_string"}}],"inLanguage":"es-ES"},{"@type":"Organization","@id":"https:\/\/granicus.com\/es\/#organization","name":"Granicus","url":"https:\/\/granicus.com\/es\/","logo":{"@type":"ImageObject","inLanguage":"es-ES","@id":"https:\/\/granicus.com\/es\/#\/schema\/logo\/image\/","url":"https:\/\/granicus.com\/wp-content\/uploads\/2023\/05\/Granicus-G-logo-Red.svg","contentUrl":"https:\/\/granicus.com\/wp-content\/uploads\/2023\/05\/Granicus-G-logo-Red.svg","width":"1024","height":"1024","caption":"Granicus"},"image":{"@id":"https:\/\/granicus.com\/es\/#\/schema\/logo\/image\/"},"sameAs":["https:\/\/www.facebook.com\/granicusco\/","https:\/\/x.com\/Granicus","https:\/\/www.linkedin.com\/company\/granicusinc\/","https:\/\/www.facebook.com\/granicusco","https:\/\/www.facebook.com\/granicuslac","https:\/\/www.youtube.com\/@GranicusLAC","https:\/\/www.instagram.com\/granicuslac\/","https:\/\/www.linkedin.com\/company\/granicuslac","https:\/\/twitter.com\/granicuslac\/","https:\/\/twitter.com\/GranicusUK"]}]}},"acf":{"call_to_action":{"hide_call_to_action":false,"color":"red","custom_cta":false,"custom_subhead":"","custom_headline":"","custom_description":"","custom_link":null,"custom_image":false},"page_subhead":"","page_headline":"Noticias y Prensa","page_text":"<p>Mant\u00e9ngase actualizado sobre c\u00f3mo las organizaciones gubernamentales est\u00e1n mejorando la comunicaci\u00f3n, gestionando f\u00e1cilmente reuniones p\u00fablicas y aumentando los servicios digitales para impulsar la participaci\u00f3n de los electores. Para consultas de los medios, comun\u00edquese con <a href=\"mailto:PublicRelations@granicus.com\" target=\"_blank\" rel=\"noopener\">PublicRelations@granicus.com<\/a>.<\/p>\n","featured_story":1816,"news_headline":"Granicus en las Noticias","press_headline":"Comunicados de Prensa Recientes","all_headline":"Todas las Noticias y Prensa","callout_group":{"show_section":false,"callout_type":"bg","callout_subhead":"MEDIA KIT","callout_headline":"Lorem ipsum dolor sit amet consetetur sadipscing.","callout_text":"","callout_button_type":"link","callout_button":{"title":"Company","url":"https:\/\/granicus.com\/company\/","target":""},"smart_button_fallback_link":null,"image":false,"bg_image":{"ID":29,"id":29,"title":"dummy_420x420_ffffff_cccccc","filename":"dummy_420x420_ffffff_cccccc.png","filesize":7363,"url":"https:\/\/granicus.com\/wp-content\/uploads\/2022\/12\/dummy_420x420_ffffff_cccccc.png","link":"https:\/\/granicus.com\/es\/news-press\/dummy_420x420_ffffff_cccccc\/","alt":"","author":"1","description":"","caption":"","name":"dummy_420x420_ffffff_cccccc","status":"inherit","uploaded_to":184,"date":"2022-12-31 11:34:59","modified":"2023-02-15 16:46:47","menu_order":0,"mime_type":"image\/png","type":"image","subtype":"png","icon":"https:\/\/granicus.com\/wp-includes\/images\/media\/default.png","width":420,"height":420,"sizes":{"thumbnail":"https:\/\/granicus.com\/wp-content\/uploads\/2022\/12\/dummy_420x420_ffffff_cccccc-150x150.png","thumbnail-width":150,"thumbnail-height":150,"medium":"https:\/\/granicus.com\/wp-content\/uploads\/2022\/12\/dummy_420x420_ffffff_cccccc-300x300.png","medium-width":300,"medium-height":300,"medium_large":"https:\/\/granicus.com\/wp-content\/uploads\/2022\/12\/dummy_420x420_ffffff_cccccc.png","medium_large-width":420,"medium_large-height":420,"large":"https:\/\/granicus.com\/wp-content\/uploads\/2022\/12\/dummy_420x420_ffffff_cccccc.png","large-width":420,"large-height":420,"1536x1536":"https:\/\/granicus.com\/wp-content\/uploads\/2022\/12\/dummy_420x420_ffffff_cccccc.png","1536x1536-width":420,"1536x1536-height":420,"2048x2048":"https:\/\/granicus.com\/wp-content\/uploads\/2022\/12\/dummy_420x420_ffffff_cccccc.png","2048x2048-width":420,"2048x2048-height":420,"menu-24x24":"https:\/\/granicus.com\/wp-content\/uploads\/2022\/12\/dummy_420x420_ffffff_cccccc.png","menu-24x24-width":24,"menu-24x24-height":24,"menu-48x48":"https:\/\/granicus.com\/wp-content\/uploads\/2022\/12\/dummy_420x420_ffffff_cccccc.png","menu-48x48-width":48,"menu-48x48-height":48,"menu-64x64":"https:\/\/granicus.com\/wp-content\/uploads\/2022\/12\/dummy_420x420_ffffff_cccccc.png","menu-64x64-width":64,"menu-64x64-height":64}},"marketo_form_id":"","marketo_form_headline":"","marketo_thank_you":"","marketo_form_image":false},"callout_clone":{"callout_group":{"show_section":false,"callout_type":"bg","callout_subhead":"MEDIA KIT","callout_headline":"Lorem ipsum dolor sit amet consetetur sadipscing.","callout_text":"","callout_button_type":"link","callout_button":{"title":"Company","url":"https:\/\/granicus.com\/company\/","target":""},"smart_button_fallback_link":null,"image":false,"bg_image":{"ID":29,"id":29,"title":"dummy_420x420_ffffff_cccccc","filename":"dummy_420x420_ffffff_cccccc.png","filesize":7363,"url":"https:\/\/granicus.com\/wp-content\/uploads\/2022\/12\/dummy_420x420_ffffff_cccccc.png","link":"https:\/\/granicus.com\/es\/news-press\/dummy_420x420_ffffff_cccccc\/","alt":"","author":"1","description":"","caption":"","name":"dummy_420x420_ffffff_cccccc","status":"inherit","uploaded_to":184,"date":"2022-12-31 11:34:59","modified":"2023-02-15 16:46:47","menu_order":0,"mime_type":"image\/png","type":"image","subtype":"png","icon":"https:\/\/granicus.com\/wp-includes\/images\/media\/default.png","width":420,"height":420,"sizes":{"thumbnail":"https:\/\/granicus.com\/wp-content\/uploads\/2022\/12\/dummy_420x420_ffffff_cccccc-150x150.png","thumbnail-width":150,"thumbnail-height":150,"medium":"https:\/\/granicus.com\/wp-content\/uploads\/2022\/12\/dummy_420x420_ffffff_cccccc-300x300.png","medium-width":300,"medium-height":300,"medium_large":"https:\/\/granicus.com\/wp-content\/uploads\/2022\/12\/dummy_420x420_ffffff_cccccc.png","medium_large-width":420,"medium_large-height":420,"large":"https:\/\/granicus.com\/wp-content\/uploads\/2022\/12\/dummy_420x420_ffffff_cccccc.png","large-width":420,"large-height":420,"1536x1536":"https:\/\/granicus.com\/wp-content\/uploads\/2022\/12\/dummy_420x420_ffffff_cccccc.png","1536x1536-width":420,"1536x1536-height":420,"2048x2048":"https:\/\/granicus.com\/wp-content\/uploads\/2022\/12\/dummy_420x420_ffffff_cccccc.png","2048x2048-width":420,"2048x2048-height":420,"menu-24x24":"https:\/\/granicus.com\/wp-content\/uploads\/2022\/12\/dummy_420x420_ffffff_cccccc.png","menu-24x24-width":24,"menu-24x24-height":24,"menu-48x48":"https:\/\/granicus.com\/wp-content\/uploads\/2022\/12\/dummy_420x420_ffffff_cccccc.png","menu-48x48-width":48,"menu-48x48-height":48,"menu-64x64":"https:\/\/granicus.com\/wp-content\/uploads\/2022\/12\/dummy_420x420_ffffff_cccccc.png","menu-64x64-width":64,"menu-64x64-height":64}},"marketo_form_id":"","marketo_form_headline":"","marketo_thank_you":"","marketo_form_image":false}},"breadcrumbs":[{"breadcrumb":{"title":"Inicio","url":"\/es\/","target":""}},{"breadcrumb":{"title":"Noticias y Prensa","url":"https:\/\/granicus.com\/es\/noticias-y-prensa\/","target":""}}]},"_links":{"self":[{"href":"https:\/\/granicus.com\/es\/wp-json\/wp\/v2\/pages\/33681","targetHints":{"allow":["GET"]}}],"collection":[{"href":"https:\/\/granicus.com\/es\/wp-json\/wp\/v2\/pages"}],"about":[{"href":"https:\/\/granicus.com\/es\/wp-json\/wp\/v2\/types\/page"}],"author":[{"embeddable":true,"href":"https:\/\/granicus.com\/es\/wp-json\/wp\/v2\/users\/1"}],"replies":[{"embeddable":true,"href":"https:\/\/granicus.com\/es\/wp-json\/wp\/v2\/comments?post=33681"}],"version-history":[{"count":1,"href":"https:\/\/granicus.com\/es\/wp-json\/wp\/v2\/pages\/33681\/revisions"}],"predecessor-version":[{"id":47806,"href":"https:\/\/granicus.com\/es\/wp-json\/wp\/v2\/pages\/33681\/revisions\/47806"}],"wp:attachment":[{"href":"https:\/\/granicus.com\/es\/wp-json\/wp\/v2\/media?parent=33681"}],"wp:term":[{"taxonomy":"page_type_tax","embeddable":true,"href":"https:\/\/granicus.com\/es\/wp-json\/wp\/v2\/page_type_tax?post=33681"}],"curies":[{"name":"wp","href":"https:\/\/api.w.org\/{rel}","templated":true}]}}