{"id":33632,"date":"2023-01-08T09:07:55","date_gmt":"2023-01-08T14:07:55","guid":{"rendered":"https:\/\/granicus.com\/products\/"},"modified":"2024-09-11T16:36:11","modified_gmt":"2024-09-11T20:36:11","slug":"directorio-de-productos","status":"publish","type":"page","link":"https:\/\/granicus.com\/es\/directorio-de-productos\/","title":{"rendered":"Directorio de Productos"},"content":{"rendered":"","protected":false},"excerpt":{"rendered":"","protected":false},"author":1,"featured_media":0,"parent":0,"menu_order":0,"comment_status":"closed","ping_status":"closed","template":"page-templates\/product-directory.php","meta":{"inline_featured_image":false,"footnotes":""},"page_type_tax":[],"class_list":["post-33632","page","type-page","status-publish","hentry"],"yoast_head":"<!-- This site is optimized with the Yoast SEO plugin v26.7 - https:\/\/yoast.com\/wordpress\/plugins\/seo\/ -->\n<title>Directorio de Productos | Granicus<\/title>\n<meta name=\"description\" content=\"Indaga una gama completa de soluciones dise\u00f1adas para potenciar tus experiencias digitales. Desde herramientas de participaci\u00f3n ciudadana hasta plataformas de comunicaci\u00f3n efectiva, cada producto ha sido meticulosamente seleccionado para ofrecer innovaci\u00f3n y eficacia.\" \/>\n<meta name=\"robots\" content=\"index, follow, max-snippet:-1, max-image-preview:large, max-video-preview:-1\" \/>\n<link rel=\"canonical\" href=\"https:\/\/granicus.com\/es\/directorio-de-productos\/\" \/>\n<meta property=\"og:locale\" content=\"es_ES\" \/>\n<meta property=\"og:type\" content=\"article\" \/>\n<meta property=\"og:title\" content=\"Directorio de Productos | Granicus\" \/>\n<meta property=\"og:description\" content=\"Indaga una gama completa de soluciones dise\u00f1adas para potenciar tus experiencias digitales. Desde herramientas de participaci\u00f3n ciudadana hasta plataformas de comunicaci\u00f3n efectiva, cada producto ha sido meticulosamente seleccionado para ofrecer innovaci\u00f3n y eficacia.\" \/>\n<meta property=\"og:url\" content=\"https:\/\/granicus.com\/es\/directorio-de-productos\/\" \/>\n<meta property=\"og:site_name\" content=\"Granicus\" \/>\n<meta property=\"article:publisher\" content=\"https:\/\/www.facebook.com\/granicusco\/\" \/>\n<meta property=\"article:modified_time\" content=\"2024-09-11T20:36:11+00:00\" \/>\n<meta property=\"og:image\" content=\"https:\/\/granicus.com\/wp-content\/uploads\/Yoast-Logo.png\" \/>\n\t<meta property=\"og:image:width\" content=\"1204\" \/>\n\t<meta property=\"og:image:height\" content=\"675\" \/>\n\t<meta property=\"og:image:type\" content=\"image\/png\" \/>\n<meta name=\"twitter:card\" content=\"summary_large_image\" \/>\n<meta name=\"twitter:site\" content=\"@Granicus\" \/>\n<script type=\"application\/ld+json\" class=\"yoast-schema-graph\">{\"@context\":\"https:\/\/schema.org\",\"@graph\":[{\"@type\":[\"WebPage\",\"CollectionPage\"],\"@id\":\"https:\/\/granicus.com\/es\/directorio-de-productos\/\",\"url\":\"https:\/\/granicus.com\/es\/directorio-de-productos\/\",\"name\":\"Directorio de Productos | Granicus\",\"isPartOf\":{\"@id\":\"https:\/\/granicus.com\/es\/#website\"},\"datePublished\":\"2023-01-08T14:07:55+00:00\",\"dateModified\":\"2024-09-11T20:36:11+00:00\",\"description\":\"Indaga una gama completa de soluciones dise\u00f1adas para potenciar tus experiencias digitales. Desde herramientas de participaci\u00f3n ciudadana hasta plataformas de comunicaci\u00f3n efectiva, cada producto ha sido meticulosamente seleccionado para ofrecer innovaci\u00f3n y eficacia.\",\"breadcrumb\":{\"@id\":\"https:\/\/granicus.com\/es\/directorio-de-productos\/#breadcrumb\"},\"inLanguage\":\"es-ES\"},{\"@type\":\"BreadcrumbList\",\"@id\":\"https:\/\/granicus.com\/es\/directorio-de-productos\/#breadcrumb\",\"itemListElement\":[{\"@type\":\"ListItem\",\"position\":1,\"name\":\"Home\",\"item\":\"https:\/\/granicus.com\/es\/\"},{\"@type\":\"ListItem\",\"position\":2,\"name\":\"Directorio de Productos\"}]},{\"@type\":\"WebSite\",\"@id\":\"https:\/\/granicus.com\/es\/#website\",\"url\":\"https:\/\/granicus.com\/es\/\",\"name\":\"Granicus\",\"description\":\"\",\"publisher\":{\"@id\":\"https:\/\/granicus.com\/es\/#organization\"},\"potentialAction\":[{\"@type\":\"SearchAction\",\"target\":{\"@type\":\"EntryPoint\",\"urlTemplate\":\"https:\/\/granicus.com\/es\/?s={search_term_string}\"},\"query-input\":{\"@type\":\"PropertyValueSpecification\",\"valueRequired\":true,\"valueName\":\"search_term_string\"}}],\"inLanguage\":\"es-ES\"},{\"@type\":\"Organization\",\"@id\":\"https:\/\/granicus.com\/es\/#organization\",\"name\":\"Granicus\",\"url\":\"https:\/\/granicus.com\/es\/\",\"logo\":{\"@type\":\"ImageObject\",\"inLanguage\":\"es-ES\",\"@id\":\"https:\/\/granicus.com\/es\/#\/schema\/logo\/image\/\",\"url\":\"https:\/\/granicus.com\/wp-content\/uploads\/2023\/05\/Granicus-G-logo-Red.svg\",\"contentUrl\":\"https:\/\/granicus.com\/wp-content\/uploads\/2023\/05\/Granicus-G-logo-Red.svg\",\"width\":\"1024\",\"height\":\"1024\",\"caption\":\"Granicus\"},\"image\":{\"@id\":\"https:\/\/granicus.com\/es\/#\/schema\/logo\/image\/\"},\"sameAs\":[\"https:\/\/www.facebook.com\/granicusco\/\",\"https:\/\/x.com\/Granicus\",\"https:\/\/www.linkedin.com\/company\/granicusinc\/\",\"https:\/\/www.facebook.com\/granicusco\",\"https:\/\/www.facebook.com\/granicuslac\",\"https:\/\/www.youtube.com\/@GranicusLAC\",\"https:\/\/www.instagram.com\/granicuslac\/\",\"https:\/\/www.linkedin.com\/company\/granicuslac\",\"https:\/\/twitter.com\/granicuslac\/\",\"https:\/\/twitter.com\/GranicusUK\"]}]}<\/script>\n<!-- \/ Yoast SEO plugin. -->","yoast_head_json":{"title":"Directorio de Productos | Granicus","description":"Indaga una gama completa de soluciones dise\u00f1adas para potenciar tus experiencias digitales. Desde herramientas de participaci\u00f3n ciudadana hasta plataformas de comunicaci\u00f3n efectiva, cada producto ha sido meticulosamente seleccionado para ofrecer innovaci\u00f3n y eficacia.","robots":{"index":"index","follow":"follow","max-snippet":"max-snippet:-1","max-image-preview":"max-image-preview:large","max-video-preview":"max-video-preview:-1"},"canonical":"https:\/\/granicus.com\/es\/directorio-de-productos\/","og_locale":"es_ES","og_type":"article","og_title":"Directorio de Productos | Granicus","og_description":"Indaga una gama completa de soluciones dise\u00f1adas para potenciar tus experiencias digitales. Desde herramientas de participaci\u00f3n ciudadana hasta plataformas de comunicaci\u00f3n efectiva, cada producto ha sido meticulosamente seleccionado para ofrecer innovaci\u00f3n y eficacia.","og_url":"https:\/\/granicus.com\/es\/directorio-de-productos\/","og_site_name":"Granicus","article_publisher":"https:\/\/www.facebook.com\/granicusco\/","article_modified_time":"2024-09-11T20:36:11+00:00","og_image":[{"width":1204,"height":675,"url":"https:\/\/granicus.com\/wp-content\/uploads\/Yoast-Logo.png","type":"image\/png"}],"twitter_card":"summary_large_image","twitter_site":"@Granicus","schema":{"@context":"https:\/\/schema.org","@graph":[{"@type":["WebPage","CollectionPage"],"@id":"https:\/\/granicus.com\/es\/directorio-de-productos\/","url":"https:\/\/granicus.com\/es\/directorio-de-productos\/","name":"Directorio de Productos | Granicus","isPartOf":{"@id":"https:\/\/granicus.com\/es\/#website"},"datePublished":"2023-01-08T14:07:55+00:00","dateModified":"2024-09-11T20:36:11+00:00","description":"Indaga una gama completa de soluciones dise\u00f1adas para potenciar tus experiencias digitales. Desde herramientas de participaci\u00f3n ciudadana hasta plataformas de comunicaci\u00f3n efectiva, cada producto ha sido meticulosamente seleccionado para ofrecer innovaci\u00f3n y eficacia.","breadcrumb":{"@id":"https:\/\/granicus.com\/es\/directorio-de-productos\/#breadcrumb"},"inLanguage":"es-ES"},{"@type":"BreadcrumbList","@id":"https:\/\/granicus.com\/es\/directorio-de-productos\/#breadcrumb","itemListElement":[{"@type":"ListItem","position":1,"name":"Home","item":"https:\/\/granicus.com\/es\/"},{"@type":"ListItem","position":2,"name":"Directorio de Productos"}]},{"@type":"WebSite","@id":"https:\/\/granicus.com\/es\/#website","url":"https:\/\/granicus.com\/es\/","name":"Granicus","description":"","publisher":{"@id":"https:\/\/granicus.com\/es\/#organization"},"potentialAction":[{"@type":"SearchAction","target":{"@type":"EntryPoint","urlTemplate":"https:\/\/granicus.com\/es\/?s={search_term_string}"},"query-input":{"@type":"PropertyValueSpecification","valueRequired":true,"valueName":"search_term_string"}}],"inLanguage":"es-ES"},{"@type":"Organization","@id":"https:\/\/granicus.com\/es\/#organization","name":"Granicus","url":"https:\/\/granicus.com\/es\/","logo":{"@type":"ImageObject","inLanguage":"es-ES","@id":"https:\/\/granicus.com\/es\/#\/schema\/logo\/image\/","url":"https:\/\/granicus.com\/wp-content\/uploads\/2023\/05\/Granicus-G-logo-Red.svg","contentUrl":"https:\/\/granicus.com\/wp-content\/uploads\/2023\/05\/Granicus-G-logo-Red.svg","width":"1024","height":"1024","caption":"Granicus"},"image":{"@id":"https:\/\/granicus.com\/es\/#\/schema\/logo\/image\/"},"sameAs":["https:\/\/www.facebook.com\/granicusco\/","https:\/\/x.com\/Granicus","https:\/\/www.linkedin.com\/company\/granicusinc\/","https:\/\/www.facebook.com\/granicusco","https:\/\/www.facebook.com\/granicuslac","https:\/\/www.youtube.com\/@GranicusLAC","https:\/\/www.instagram.com\/granicuslac\/","https:\/\/www.linkedin.com\/company\/granicuslac","https:\/\/twitter.com\/granicuslac\/","https:\/\/twitter.com\/GranicusUK"]}]}},"acf":{"call_to_action":{"hide_call_to_action":false,"color":"red","custom_cta":true,"custom_subhead":"COMIENZA LA TRAVES\u00cdA DE TRANSFORMACI\u00d3N DIGITAL","custom_headline":"\u00bfListo para obtener resultados excepcionales?","custom_description":"","custom_link":{"title":"Obtenga una Demostraci\u00f3n","url":"https:\/\/granicus.com\/es\/solicita-una-demostracion\/","target":""},"custom_image":{"ID":31411,"id":31411,"title":"call-to-action-default","filename":"call-to-action-default.jpg","filesize":74241,"url":"https:\/\/granicus.com\/wp-content\/uploads\/2023\/02\/call-to-action-default.jpg","link":"https:\/\/granicus.com\/es\/directorio-de-productos\/call-to-action-default-2\/","alt":"","author":"1","description":"","caption":"","name":"call-to-action-default-2","status":"inherit","uploaded_to":33632,"date":"2023-02-13 17:07:37","modified":"2023-11-27 20:08:45","menu_order":0,"mime_type":"image\/jpeg","type":"image","subtype":"jpeg","icon":"https:\/\/granicus.com\/wp-includes\/images\/media\/default.png","width":600,"height":600,"sizes":{"thumbnail":"https:\/\/granicus.com\/wp-content\/uploads\/2023\/02\/call-to-action-default-150x150.jpg","thumbnail-width":150,"thumbnail-height":150,"medium":"https:\/\/granicus.com\/wp-content\/uploads\/2023\/02\/call-to-action-default-300x300.jpg","medium-width":300,"medium-height":300,"medium_large":"https:\/\/granicus.com\/wp-content\/uploads\/2023\/02\/call-to-action-default.jpg","medium_large-width":600,"medium_large-height":600,"large":"https:\/\/granicus.com\/wp-content\/uploads\/2023\/02\/call-to-action-default.jpg","large-width":600,"large-height":600,"1536x1536":"https:\/\/granicus.com\/wp-content\/uploads\/2023\/02\/call-to-action-default.jpg","1536x1536-width":600,"1536x1536-height":600,"2048x2048":"https:\/\/granicus.com\/wp-content\/uploads\/2023\/02\/call-to-action-default.jpg","2048x2048-width":600,"2048x2048-height":600,"menu-24x24":"https:\/\/granicus.com\/wp-content\/uploads\/2023\/02\/call-to-action-default.jpg","menu-24x24-width":24,"menu-24x24-height":24,"menu-48x48":"https:\/\/granicus.com\/wp-content\/uploads\/2023\/02\/call-to-action-default.jpg","menu-48x48-width":48,"menu-48x48-height":48,"menu-64x64":"https:\/\/granicus.com\/wp-content\/uploads\/2023\/02\/call-to-action-default.jpg","menu-64x64-width":64,"menu-64x64-height":64}}},"featured_products":false,"image_video_group":{"show_section":true,"section_subhead":"QUIZ DE SOLUCI\u00d3N","section_headline":"Encuentra la soluci\u00f3n correcta para tu organizaci\u00f3n","section_text":"","embed_type":"ceros","video_type":"none","image":false,"vimeo_embed":"<div style=\"padding:56.25% 0 0 0;position:relative;\"><iframe src=\"https:\/\/player.vimeo.com\/video\/339430037?h=d982fc6177&title=0&byline=0&portrait=0\" style=\"position:absolute;top:0;left:0;width:100%;height:100%;\" frameborder=\"0\" allow=\"autoplay; fullscreen; picture-in-picture\" allowfullscreen><\/iframe><\/div><script src=\"https:\/\/player.vimeo.com\/api\/player.js\"><\/script>","wistia_embed":"s3lqfi0zn7","youtube_embed":"<iframe width=\"560\" height=\"315\" src=\"https:\/\/www.youtube.com\/embed\/SCiBkHX6I9w\" frameborder=\"0\" allow=\"accelerometer; autoplay; clipboard-write; encrypted-media; gyroscope; picture-in-picture\" allowfullscreen><\/iframe>","add_mobile_ceros_embed":false,"ceros_embed":"<div data-tf-widget=\"uy8MrOPk\" data-tf-opacity=\"100\" data-tf-iframe-props=\"title=Tools Quiz\" data-tf-transitive-search-params data-tf-medium=\"snippet\" style=\"width:100%;height:500px;\"><\/div><script src=\"\/\/embed.typeform.com\/next\/embed.js\"><\/script>","mobile_ceros_embed":""},"embed_clone":{"image_video_group":{"show_section":true,"section_subhead":"QUIZ DE SOLUCI\u00d3N","section_headline":"Encuentra la soluci\u00f3n correcta para tu organizaci\u00f3n","section_text":"","embed_type":"ceros","video_type":"none","image":false,"vimeo_embed":"<div style=\"padding:56.25% 0 0 0;position:relative;\"><iframe src=\"https:\/\/player.vimeo.com\/video\/339430037?h=d982fc6177&title=0&byline=0&portrait=0\" style=\"position:absolute;top:0;left:0;width:100%;height:100%;\" frameborder=\"0\" allow=\"autoplay; fullscreen; picture-in-picture\" allowfullscreen><\/iframe><\/div><script src=\"https:\/\/player.vimeo.com\/api\/player.js\"><\/script>","wistia_embed":"s3lqfi0zn7","youtube_embed":"<iframe width=\"560\" height=\"315\" src=\"https:\/\/www.youtube.com\/embed\/SCiBkHX6I9w\" frameborder=\"0\" allow=\"accelerometer; autoplay; clipboard-write; encrypted-media; gyroscope; picture-in-picture\" allowfullscreen><\/iframe>","add_mobile_ceros_embed":false,"ceros_embed":"<div data-tf-widget=\"uy8MrOPk\" data-tf-opacity=\"100\" data-tf-iframe-props=\"title=Tools Quiz\" data-tf-transitive-search-params data-tf-medium=\"snippet\" style=\"width:100%;height:500px;\"><\/div><script src=\"\/\/embed.typeform.com\/next\/embed.js\"><\/script>","mobile_ceros_embed":""}},"page_subhead":"","page_headline":"Directorio de Productos de Granicus","page_text":"<p>Soluciones l\u00edderes en la industria para el gobierno<\/p>\n","breadcrumbs":[{"breadcrumb":{"title":"Inicio","url":"\/es\/","target":""}},{"breadcrumb":{"title":"Directorio de Productos","url":"https:\/\/granicus.com\/es\/directorio-de-productos\/","target":""}}]},"_links":{"self":[{"href":"https:\/\/granicus.com\/es\/wp-json\/wp\/v2\/pages\/33632","targetHints":{"allow":["GET"]}}],"collection":[{"href":"https:\/\/granicus.com\/es\/wp-json\/wp\/v2\/pages"}],"about":[{"href":"https:\/\/granicus.com\/es\/wp-json\/wp\/v2\/types\/page"}],"author":[{"embeddable":true,"href":"https:\/\/granicus.com\/es\/wp-json\/wp\/v2\/users\/1"}],"replies":[{"embeddable":true,"href":"https:\/\/granicus.com\/es\/wp-json\/wp\/v2\/comments?post=33632"}],"version-history":[{"count":1,"href":"https:\/\/granicus.com\/es\/wp-json\/wp\/v2\/pages\/33632\/revisions"}],"predecessor-version":[{"id":47337,"href":"https:\/\/granicus.com\/es\/wp-json\/wp\/v2\/pages\/33632\/revisions\/47337"}],"wp:attachment":[{"href":"https:\/\/granicus.com\/es\/wp-json\/wp\/v2\/media?parent=33632"}],"wp:term":[{"taxonomy":"page_type_tax","embeddable":true,"href":"https:\/\/granicus.com\/es\/wp-json\/wp\/v2\/page_type_tax?post=33632"}],"curies":[{"name":"wp","href":"https:\/\/api.w.org\/{rel}","templated":true}]}}