{"id":33555,"date":"2023-01-02T12:03:08","date_gmt":"2023-01-02T17:03:08","guid":{"rendered":"https:\/\/granicus.com\/anti-slavery-and-human-trafficking-statement\/"},"modified":"2024-11-18T09:24:16","modified_gmt":"2024-11-18T14:24:16","slug":"declaracion-sobre-la-esclavitud-y-la-trata-de-personas","status":"publish","type":"page","link":"https:\/\/granicus.com\/es\/centro-de-confianza\/declaracion-sobre-la-esclavitud-y-la-trata-de-personas\/","title":{"rendered":"Declaracio\u0301n sobre la esclavitud y la trata de personas"},"content":{"rendered":"","protected":false},"excerpt":{"rendered":"","protected":false},"author":1,"featured_media":0,"parent":36275,"menu_order":0,"comment_status":"closed","ping_status":"closed","template":"","meta":{"inline_featured_image":false,"footnotes":""},"page_type_tax":[],"class_list":["post-33555","page","type-page","status-publish","hentry"],"yoast_head":"<!-- This site is optimized with the Yoast SEO plugin v26.7 - https:\/\/yoast.com\/wordpress\/plugins\/seo\/ -->\n<title>Declaracio\u0301n sobre la esclavitud y la trata de personas | Granicus<\/title>\n<meta name=\"description\" content=\"Este documento detalla nuestra firme postura contra la esclavitud y la trata de personas, estableciendo un marco \u00e9tico s\u00f3lido. Cada palabra ha sido seleccionada con precisi\u00f3n para transmitir nuestro compromiso con la justicia y los derechos humanos.\" \/>\n<meta name=\"robots\" content=\"index, follow, max-snippet:-1, max-image-preview:large, max-video-preview:-1\" \/>\n<link rel=\"canonical\" href=\"https:\/\/granicus.com\/es\/centro-de-confianza\/declaracion-sobre-la-esclavitud-y-la-trata-de-personas\/\" \/>\n<meta property=\"og:locale\" content=\"es_ES\" \/>\n<meta property=\"og:type\" content=\"article\" \/>\n<meta property=\"og:title\" content=\"Declaracio\u0301n sobre la esclavitud y la trata de personas | Granicus\" \/>\n<meta property=\"og:description\" content=\"Este documento detalla nuestra firme postura contra la esclavitud y la trata de personas, estableciendo un marco \u00e9tico s\u00f3lido. Cada palabra ha sido seleccionada con precisi\u00f3n para transmitir nuestro compromiso con la justicia y los derechos humanos.\" \/>\n<meta property=\"og:url\" content=\"https:\/\/granicus.com\/es\/centro-de-confianza\/declaracion-sobre-la-esclavitud-y-la-trata-de-personas\/\" \/>\n<meta property=\"og:site_name\" content=\"Granicus\" \/>\n<meta property=\"article:publisher\" content=\"https:\/\/www.facebook.com\/granicusco\/\" \/>\n<meta property=\"article:modified_time\" content=\"2024-11-18T14:24:16+00:00\" \/>\n<meta property=\"og:image\" content=\"https:\/\/granicus.com\/wp-content\/uploads\/Yoast-Logo.png\" \/>\n\t<meta property=\"og:image:width\" content=\"1204\" \/>\n\t<meta property=\"og:image:height\" content=\"675\" \/>\n\t<meta property=\"og:image:type\" content=\"image\/png\" \/>\n<meta name=\"twitter:card\" content=\"summary_large_image\" \/>\n<meta name=\"twitter:site\" content=\"@Granicus\" \/>\n<script type=\"application\/ld+json\" class=\"yoast-schema-graph\">{\"@context\":\"https:\/\/schema.org\",\"@graph\":[{\"@type\":\"WebPage\",\"@id\":\"https:\/\/granicus.com\/es\/centro-de-confianza\/declaracion-sobre-la-esclavitud-y-la-trata-de-personas\/\",\"url\":\"https:\/\/granicus.com\/es\/centro-de-confianza\/declaracion-sobre-la-esclavitud-y-la-trata-de-personas\/\",\"name\":\"Declaracio\u0301n sobre la esclavitud y la trata de personas | Granicus\",\"isPartOf\":{\"@id\":\"https:\/\/granicus.com\/es\/#website\"},\"datePublished\":\"2023-01-02T17:03:08+00:00\",\"dateModified\":\"2024-11-18T14:24:16+00:00\",\"description\":\"Este documento detalla nuestra firme postura contra la esclavitud y la trata de personas, estableciendo un marco \u00e9tico s\u00f3lido. Cada palabra ha sido seleccionada con precisi\u00f3n para transmitir nuestro compromiso con la justicia y los derechos humanos.\",\"breadcrumb\":{\"@id\":\"https:\/\/granicus.com\/es\/centro-de-confianza\/declaracion-sobre-la-esclavitud-y-la-trata-de-personas\/#breadcrumb\"},\"inLanguage\":\"es-ES\",\"potentialAction\":[{\"@type\":\"ReadAction\",\"target\":[\"https:\/\/granicus.com\/es\/centro-de-confianza\/declaracion-sobre-la-esclavitud-y-la-trata-de-personas\/\"]}]},{\"@type\":\"BreadcrumbList\",\"@id\":\"https:\/\/granicus.com\/es\/centro-de-confianza\/declaracion-sobre-la-esclavitud-y-la-trata-de-personas\/#breadcrumb\",\"itemListElement\":[{\"@type\":\"ListItem\",\"position\":1,\"name\":\"Home\",\"item\":\"https:\/\/granicus.com\/es\/\"},{\"@type\":\"ListItem\",\"position\":2,\"name\":\"Centro de Confianza\",\"item\":\"https:\/\/granicus.com\/es\/centro-de-confianza\/\"},{\"@type\":\"ListItem\",\"position\":3,\"name\":\"Declaracio\u0301n sobre la esclavitud y la trata de personas\"}]},{\"@type\":\"WebSite\",\"@id\":\"https:\/\/granicus.com\/es\/#website\",\"url\":\"https:\/\/granicus.com\/es\/\",\"name\":\"Granicus\",\"description\":\"\",\"publisher\":{\"@id\":\"https:\/\/granicus.com\/es\/#organization\"},\"potentialAction\":[{\"@type\":\"SearchAction\",\"target\":{\"@type\":\"EntryPoint\",\"urlTemplate\":\"https:\/\/granicus.com\/es\/?s={search_term_string}\"},\"query-input\":{\"@type\":\"PropertyValueSpecification\",\"valueRequired\":true,\"valueName\":\"search_term_string\"}}],\"inLanguage\":\"es-ES\"},{\"@type\":\"Organization\",\"@id\":\"https:\/\/granicus.com\/es\/#organization\",\"name\":\"Granicus\",\"url\":\"https:\/\/granicus.com\/es\/\",\"logo\":{\"@type\":\"ImageObject\",\"inLanguage\":\"es-ES\",\"@id\":\"https:\/\/granicus.com\/es\/#\/schema\/logo\/image\/\",\"url\":\"https:\/\/granicus.com\/wp-content\/uploads\/2023\/05\/Granicus-G-logo-Red.svg\",\"contentUrl\":\"https:\/\/granicus.com\/wp-content\/uploads\/2023\/05\/Granicus-G-logo-Red.svg\",\"width\":\"1024\",\"height\":\"1024\",\"caption\":\"Granicus\"},\"image\":{\"@id\":\"https:\/\/granicus.com\/es\/#\/schema\/logo\/image\/\"},\"sameAs\":[\"https:\/\/www.facebook.com\/granicusco\/\",\"https:\/\/x.com\/Granicus\",\"https:\/\/www.linkedin.com\/company\/granicusinc\/\",\"https:\/\/www.facebook.com\/granicusco\",\"https:\/\/www.facebook.com\/granicuslac\",\"https:\/\/www.youtube.com\/@GranicusLAC\",\"https:\/\/www.instagram.com\/granicuslac\/\",\"https:\/\/www.linkedin.com\/company\/granicuslac\",\"https:\/\/twitter.com\/granicuslac\/\",\"https:\/\/twitter.com\/GranicusUK\"]}]}<\/script>\n<!-- \/ Yoast SEO plugin. -->","yoast_head_json":{"title":"Declaracio\u0301n sobre la esclavitud y la trata de personas | Granicus","description":"Este documento detalla nuestra firme postura contra la esclavitud y la trata de personas, estableciendo un marco \u00e9tico s\u00f3lido. Cada palabra ha sido seleccionada con precisi\u00f3n para transmitir nuestro compromiso con la justicia y los derechos humanos.","robots":{"index":"index","follow":"follow","max-snippet":"max-snippet:-1","max-image-preview":"max-image-preview:large","max-video-preview":"max-video-preview:-1"},"canonical":"https:\/\/granicus.com\/es\/centro-de-confianza\/declaracion-sobre-la-esclavitud-y-la-trata-de-personas\/","og_locale":"es_ES","og_type":"article","og_title":"Declaracio\u0301n sobre la esclavitud y la trata de personas | Granicus","og_description":"Este documento detalla nuestra firme postura contra la esclavitud y la trata de personas, estableciendo un marco \u00e9tico s\u00f3lido. Cada palabra ha sido seleccionada con precisi\u00f3n para transmitir nuestro compromiso con la justicia y los derechos humanos.","og_url":"https:\/\/granicus.com\/es\/centro-de-confianza\/declaracion-sobre-la-esclavitud-y-la-trata-de-personas\/","og_site_name":"Granicus","article_publisher":"https:\/\/www.facebook.com\/granicusco\/","article_modified_time":"2024-11-18T14:24:16+00:00","og_image":[{"width":1204,"height":675,"url":"https:\/\/granicus.com\/wp-content\/uploads\/Yoast-Logo.png","type":"image\/png"}],"twitter_card":"summary_large_image","twitter_site":"@Granicus","schema":{"@context":"https:\/\/schema.org","@graph":[{"@type":"WebPage","@id":"https:\/\/granicus.com\/es\/centro-de-confianza\/declaracion-sobre-la-esclavitud-y-la-trata-de-personas\/","url":"https:\/\/granicus.com\/es\/centro-de-confianza\/declaracion-sobre-la-esclavitud-y-la-trata-de-personas\/","name":"Declaracio\u0301n sobre la esclavitud y la trata de personas | Granicus","isPartOf":{"@id":"https:\/\/granicus.com\/es\/#website"},"datePublished":"2023-01-02T17:03:08+00:00","dateModified":"2024-11-18T14:24:16+00:00","description":"Este documento detalla nuestra firme postura contra la esclavitud y la trata de personas, estableciendo un marco \u00e9tico s\u00f3lido. Cada palabra ha sido seleccionada con precisi\u00f3n para transmitir nuestro compromiso con la justicia y los derechos humanos.","breadcrumb":{"@id":"https:\/\/granicus.com\/es\/centro-de-confianza\/declaracion-sobre-la-esclavitud-y-la-trata-de-personas\/#breadcrumb"},"inLanguage":"es-ES","potentialAction":[{"@type":"ReadAction","target":["https:\/\/granicus.com\/es\/centro-de-confianza\/declaracion-sobre-la-esclavitud-y-la-trata-de-personas\/"]}]},{"@type":"BreadcrumbList","@id":"https:\/\/granicus.com\/es\/centro-de-confianza\/declaracion-sobre-la-esclavitud-y-la-trata-de-personas\/#breadcrumb","itemListElement":[{"@type":"ListItem","position":1,"name":"Home","item":"https:\/\/granicus.com\/es\/"},{"@type":"ListItem","position":2,"name":"Centro de Confianza","item":"https:\/\/granicus.com\/es\/centro-de-confianza\/"},{"@type":"ListItem","position":3,"name":"Declaracio\u0301n sobre la esclavitud y la trata de personas"}]},{"@type":"WebSite","@id":"https:\/\/granicus.com\/es\/#website","url":"https:\/\/granicus.com\/es\/","name":"Granicus","description":"","publisher":{"@id":"https:\/\/granicus.com\/es\/#organization"},"potentialAction":[{"@type":"SearchAction","target":{"@type":"EntryPoint","urlTemplate":"https:\/\/granicus.com\/es\/?s={search_term_string}"},"query-input":{"@type":"PropertyValueSpecification","valueRequired":true,"valueName":"search_term_string"}}],"inLanguage":"es-ES"},{"@type":"Organization","@id":"https:\/\/granicus.com\/es\/#organization","name":"Granicus","url":"https:\/\/granicus.com\/es\/","logo":{"@type":"ImageObject","inLanguage":"es-ES","@id":"https:\/\/granicus.com\/es\/#\/schema\/logo\/image\/","url":"https:\/\/granicus.com\/wp-content\/uploads\/2023\/05\/Granicus-G-logo-Red.svg","contentUrl":"https:\/\/granicus.com\/wp-content\/uploads\/2023\/05\/Granicus-G-logo-Red.svg","width":"1024","height":"1024","caption":"Granicus"},"image":{"@id":"https:\/\/granicus.com\/es\/#\/schema\/logo\/image\/"},"sameAs":["https:\/\/www.facebook.com\/granicusco\/","https:\/\/x.com\/Granicus","https:\/\/www.linkedin.com\/company\/granicusinc\/","https:\/\/www.facebook.com\/granicusco","https:\/\/www.facebook.com\/granicuslac","https:\/\/www.youtube.com\/@GranicusLAC","https:\/\/www.instagram.com\/granicuslac\/","https:\/\/www.linkedin.com\/company\/granicuslac","https:\/\/twitter.com\/granicuslac\/","https:\/\/twitter.com\/GranicusUK"]}]}},"acf":{"call_to_action":{"hide_call_to_action":false,"color":"red","custom_cta":false,"custom_subhead":"","custom_headline":"","custom_description":"","custom_link":null,"custom_image":false},"breadcrumbs":[{"breadcrumb":{"title":"Inicio","url":"\/es\/","target":""}},{"breadcrumb":{"title":"Centro de Confianza","url":"#","target":""}},{"breadcrumb":{"title":"Declaracio\u0301n sobre la esclavitud y la trata de personas","url":"https:\/\/granicus.com\/es\/centro-de-confianza\/declaracion-sobre-la-esclavitud-y-la-trata-de-personas\/","target":""}}],"page_content_builder":[{"acf_fc_layout":"anchor","anchor_name":"Declaraci\u00f3n Inicial de la Alta Gerencia"},{"acf_fc_layout":"wysiwyg","wysiwyg":"<h2 class=\"p1\"><b>Declaraci\u00f3n Inicial de la Alta Gerencia<\/b><\/h2>\n<p class=\"p1\">Granicus est\u00e1 comprometido a prevenir actos de esclavitud moderna y trata de personas en el \u00e1mbito de su negocio y cadena de suministro, imponiendo los mismos est\u00e1ndares elevados a sus proveedores.<\/p>\n<p class=\"p1\"><em>&#8220;La esclavitud y la trata de personas son pr\u00e1cticas condenables, y estamos comprometidos a llevar a cabo negocios de manera \u00e9tica en todos los lugares donde operamos. Esto incluye comprender los riesgos de esclavitud moderna que enfrentamos y abordarlos en nuestros negocios y cadenas de suministro&#8221;.<\/em><\/p>\n<p><strong>&#8211; Mark Hynes, Director Ejecutivo<\/strong><\/p>\n<div id=\"gtx-trans\" style=\"position: absolute; left: 72px; top: 235.961px;\">\n<div class=\"gtx-trans-icon\"><\/div>\n<\/div>\n"},{"acf_fc_layout":"anchor","anchor_name":"Estructura de la Organizaci\u00f3n"},{"acf_fc_layout":"wysiwyg","wysiwyg":"<h2 class=\"p1\"><b>Estructura de la Organizaci\u00f3n<\/b><\/h2>\n<p>Granicus-Firmstep Limited (que est\u00e1 sujeta a la Ley de Esclavitud Moderna de 2015) es parte del Grupo de empresas Granicus. Granicus es un proveedor l\u00edder mundial de soluciones de software que ayudan a mejorar la eficiencia y la transparencia del gobierno. Granicus opera en Norteam\u00e9rica, Canad\u00e1, Australia, Nueva Zelanda, India, Reino Unido, Irlanda, El Caribe y Am\u00e9rica Latina emplea a m\u00e1s de 1100 personas. Para obtener m\u00e1s informaci\u00f3n sobre la naturaleza de nuestro negocio, visite <a href=\"https:\/\/granicus.com\" target=\"_blank\" rel=\"noopener\">granicus.com<\/a>.<\/p>\n<p class=\"p1\">Para facilitar los servicios que proporcionamos, colaboramos con diversos proveedores, que incluyen mercadeo, contabilidad, administraci\u00f3n, beneficios para empleados y proveedores de servicios de IT. Estamos comprometidos a garantizar que no haya esclavitud moderna ni trata de personas en nuestra cadena de suministro ni en ninguna parte de nuestro negocio. Nuestras pol\u00edticas, como se indica a continuaci\u00f3n, reflejan nuestro compromiso de actuar \u00e9ticamente y con integridad en todas nuestras relaciones comerciales, y nuestros esfuerzos por implementar y hacer cumplir sistemas y controles efectivos para asegurar que no haya esclavitud ni trata de personas en nuestra cadena de suministro.<\/p>\n"},{"acf_fc_layout":"anchor","anchor_name":"Pol\u00edticas"},{"acf_fc_layout":"wysiwyg","wysiwyg":"<h2 class=\"p1\"><b>Pol\u00edticas<\/b><\/h2>\n<p class=\"p2\">Como parte de nuestro compromiso de combatir la esclavitud moderna, hemos implementado las siguientes pol\u00edticas:<\/p>\n<ul class=\"ul1\">\n<li class=\"li2\">C\u00f3digo de \u00c9tica Empresarial<\/li>\n<li class=\"li2\">C\u00f3digo de Conducta<\/li>\n<li class=\"li2\">Diversidad, Equidad e Inclusi\u00f3n<\/li>\n<\/ul>\n<p class=\"p2\">Tambi\u00e9n nos aseguramos de que nuestros proveedores est\u00e9n al tanto de nuestras pol\u00edticas y cumplan con los mismos est\u00e1ndares elevados. Estos documentos ayudan a nuestros empleados y socios comerciales a comprender lo que queremos decir con esclavitud moderna y garant\u00edas de est\u00e1ndares laborales, y describen nuestro enfoque para gestionar los riesgos asociados. Animan a los empleados y socios comerciales a buscar y se\u00f1alar posibles problemas. Estas pol\u00edticas han sido desarrolladas por nuestro grupo de cumplimiento y revisadas por los equipos de liderazgo de Recursos Humanos y adquisiciones.<\/p>\n"},{"acf_fc_layout":"anchor","anchor_name":"Diligencia Debida"},{"acf_fc_layout":"wysiwyg","wysiwyg":"<h2 class=\"p1\"><b>Diligencia Debida<\/b><\/h2>\n<p class=\"p1\">Como parte de nuestros esfuerzos para monitorear y reducir el riesgo de esclavitud y trata de personas en nuestras cadenas de suministro, hemos adoptado los siguientes procedimientos de diligencia debida; los nuevos proveedores est\u00e1n sujetos a verificaciones de diligencia debida. Si se identifican problemas durante el proceso de diligencia debida, se toman medidas apropiadas.<\/p>\n<p class=\"p1\">Nuestros Procedimientos tienen como Objetivo:<\/p>\n<ul class=\"ul1\">\n<li class=\"li1\">Establecer y evaluar \u00e1reas de riesgo potencial en nuestros negocios y cadenas de suministro.<\/li>\n<li class=\"li1\">Monitorear \u00e1reas de riesgo potencial en nuestros negocios y cadenas de suministro.<\/li>\n<li class=\"li1\">Reducir el riesgo de esclavitud y trata de personas en nuestros negocios y cadenas de suministro.<\/li>\n<li class=\"li1\">Proporcionar protecci\u00f3n adecuada para los denunciantes.<\/li>\n<\/ul>\n"},{"acf_fc_layout":"anchor","anchor_name":"Riesgo y cumplimiento"},{"acf_fc_layout":"wysiwyg","wysiwyg":"<h2>Riesgo y cumplimiento<\/h2>\n<p class=\"p1\">Granicus suministra servicios a industrias del sector p\u00fablico altamente reguladas y, como tal, Granicus se somete regularmente a evaluaciones de riesgos y auditor\u00edas de gesti\u00f3n que, por su naturaleza, requieren que Granicus eval\u00fae su exposici\u00f3n al riesgo de que ocurra esclavitud moderna en su cadena de suministro. A pesar de ello, no consideramos que operamos en sectores o ubicaciones de alto riesgo debido a que no tenemos una cadena de suministro grande o complicada, y nuestros proveedores suelen ser proveedores de servicios bien establecidos y valorados, como proveedores de servicios en la nube, empresas de investigaci\u00f3n, abogados, contadores y otros consultores.<\/p>\n<p class=\"p1\">Si encontramos evidencia de incumplimiento de nuestras pol\u00edticas, buscaremos de inmediato terminar nuestra relaci\u00f3n con el proveedor correspondiente.<\/p>\n"},{"acf_fc_layout":"anchor","anchor_name":"Capacitaci\u00f3n"},{"acf_fc_layout":"wysiwyg","wysiwyg":"<h2 class=\"p1\"><b>Capacitaci\u00f3n<\/b><\/h2>\n<p class=\"p1\">Invertimos en educar a nuestro personal para que reconozca los riesgos de esclavitud moderna y trata de personas en nuestros negocios y cadenas de suministro. A trav\u00e9s de nuestros programas de capacitaci\u00f3n, se anima a los empleados a identificar y denunciar posibles violaciones de nuestra pol\u00edtica contra la esclavitud y la trata de personas. Se ense\u00f1a a los empleados sobre los beneficios de medidas rigurosas para combatir la esclavitud y la trata de personas, as\u00ed como las consecuencias de no erradicar estas pr\u00e1cticas de nuestros negocios y cadenas de suministro. Ejemplos de cursos de capacitaci\u00f3n que hemos impartido durante el \u00faltimo a\u00f1o incluyen:<\/p>\n<p class=\"p1\">Sesiones de capacitaci\u00f3n obligatorias sobre la prevenci\u00f3n y detecci\u00f3n de la esclavitud moderna para todos los empleados dentro del Reino Unido y el equipo ejecutivo. El m\u00f3dulo de capacitaci\u00f3n est\u00e1 disponible en el Sistema de Gesti\u00f3n de Aprendizaje (LMS) de Granicus. Adem\u00e1s, se distribuye informaci\u00f3n sobre c\u00f3mo presentar quejas dentro de la empresa junto con el m\u00f3dulo de capacitaci\u00f3n disponible en LMS. Esto significa que todos los empleados y tomadores de decisiones de Granicus en el Reino Unido est\u00e1n bien preparados para tomar las decisiones correctas y asegurarse de que Granicus no colabore con proveedores que participen en actos abominables como la trata de personas y la esclavitud. Finalmente, el LMS permite comentarios despu\u00e9s de un m\u00f3dulo, lo que permite a los empleados proporcionar comentarios importantes sobre la efectividad de la capacitaci\u00f3n de la empresa, lo que ayuda a garantizar que la capacitaci\u00f3n sobre la prevenci\u00f3n de la esclavitud y la trata de personas contin\u00fae siendo precisa, efectiva y valiosa.<\/p>\n"},{"acf_fc_layout":"anchor","anchor_name":"Acciones Adicionales y Aprobaci\u00f3n Final"},{"acf_fc_layout":"wysiwyg","wysiwyg":"<h2 class=\"p1\"><b>Acciones Adicionales y Aprobaci\u00f3n Final<\/b><\/h2>\n<p class=\"p1\">Despu\u00e9s de revisar nuestras acciones en este ejercicio financiero para prevenir la esclavitud o la trata de personas en nuestros negocios o cadenas de suministro, tenemos la intenci\u00f3n de tomar las siguientes medidas adicionales para abordar la esclavitud y la trata de personas: (i) seguir buscando garant\u00edas de los proveedores de que ellos y sus cadenas de suministro cumplen con la Ley de Esclavitud Moderna de 2015, la Ley de Derechos Humanos de 1998 y la Ley de Esclavitud Moderna de 2018; y (ii) llevar a cabo una evaluaci\u00f3n y revisi\u00f3n peri\u00f3dica de nuestras pol\u00edticas.<\/p>\n<p class=\"p1\">Esta declaraci\u00f3n se realiza de acuerdo con la secci\u00f3n 54(1) de la Ley de Esclavitud Moderna de 2015 y constituye la declaraci\u00f3n de esclavitud y trata de personas de Granicus para el ejercicio financiero que comienza el 01\/12\/2021 y finaliza el 31\/12\/2021.<\/p>\n<p class=\"p1\"><strong>Esta declaraci\u00f3n fue aprobada por la Junta Directiva el 07 de julio de 2022.<\/strong><\/p>\n<p class=\"p1\">C. GARC\u00cdA<\/p>\n<p class=\"p1\">Director<\/p>\n<p class=\"p1\">Granicus-Firmstep Fecha: 07 de julio de 2022<\/p>\n"}]},"_links":{"self":[{"href":"https:\/\/granicus.com\/es\/wp-json\/wp\/v2\/pages\/33555","targetHints":{"allow":["GET"]}}],"collection":[{"href":"https:\/\/granicus.com\/es\/wp-json\/wp\/v2\/pages"}],"about":[{"href":"https:\/\/granicus.com\/es\/wp-json\/wp\/v2\/types\/page"}],"author":[{"embeddable":true,"href":"https:\/\/granicus.com\/es\/wp-json\/wp\/v2\/users\/1"}],"replies":[{"embeddable":true,"href":"https:\/\/granicus.com\/es\/wp-json\/wp\/v2\/comments?post=33555"}],"version-history":[{"count":2,"href":"https:\/\/granicus.com\/es\/wp-json\/wp\/v2\/pages\/33555\/revisions"}],"predecessor-version":[{"id":50162,"href":"https:\/\/granicus.com\/es\/wp-json\/wp\/v2\/pages\/33555\/revisions\/50162"}],"up":[{"embeddable":true,"href":"https:\/\/granicus.com\/es\/wp-json\/wp\/v2\/pages\/36275"}],"wp:attachment":[{"href":"https:\/\/granicus.com\/es\/wp-json\/wp\/v2\/media?parent=33555"}],"wp:term":[{"taxonomy":"page_type_tax","embeddable":true,"href":"https:\/\/granicus.com\/es\/wp-json\/wp\/v2\/page_type_tax?post=33555"}],"curies":[{"name":"wp","href":"https:\/\/api.w.org\/{rel}","templated":true}]}}