{"id":33554,"date":"2023-05-08T20:29:08","date_gmt":"2023-05-09T00:29:08","guid":{"rendered":"https:\/\/granicus.com\/cookie-policy\/"},"modified":"2024-09-19T10:21:05","modified_gmt":"2024-09-19T14:21:05","slug":"politica-de-cookies-de-granicus","status":"publish","type":"page","link":"https:\/\/granicus.com\/es\/centro-de-confianza\/politica-de-cookies-de-granicus\/","title":{"rendered":"Pol\u00edtica de Cookies de Granicus"},"content":{"rendered":"","protected":false},"excerpt":{"rendered":"","protected":false},"author":6,"featured_media":0,"parent":36275,"menu_order":0,"comment_status":"closed","ping_status":"closed","template":"","meta":{"inline_featured_image":false,"footnotes":""},"page_type_tax":[],"class_list":["post-33554","page","type-page","status-publish","hentry"],"yoast_head":"<!-- This site is optimized with the Yoast SEO plugin v26.7 - https:\/\/yoast.com\/wordpress\/plugins\/seo\/ -->\n<title>Pol\u00edtica de Cookies de Granicus<\/title>\n<meta name=\"description\" content=\"Lee nuestra Pol\u00edtica de Cookies para aprender sobre el uso de cookies y otras tecnolog\u00edas por parte de Granicus en la prestaci\u00f3n de nuestros servicios de comunicaci\u00f3n y c\u00f3mo afecta tu experiencia en l\u00ednea.\" \/>\n<meta name=\"robots\" content=\"index, follow, max-snippet:-1, max-image-preview:large, max-video-preview:-1\" \/>\n<link rel=\"canonical\" href=\"https:\/\/granicus.com\/es\/centro-de-confianza\/politica-de-cookies-de-granicus\/\" \/>\n<meta property=\"og:locale\" content=\"es_ES\" \/>\n<meta property=\"og:type\" content=\"article\" \/>\n<meta property=\"og:title\" content=\"Pol\u00edtica de Cookies de Granicus\" \/>\n<meta property=\"og:description\" content=\"Lee nuestra Pol\u00edtica de Cookies para aprender sobre el uso de cookies y otras tecnolog\u00edas por parte de Granicus en la prestaci\u00f3n de nuestros servicios de comunicaci\u00f3n y c\u00f3mo afecta tu experiencia en l\u00ednea.\" \/>\n<meta property=\"og:url\" content=\"https:\/\/granicus.com\/es\/centro-de-confianza\/politica-de-cookies-de-granicus\/\" \/>\n<meta property=\"og:site_name\" content=\"Granicus\" \/>\n<meta property=\"article:publisher\" content=\"https:\/\/www.facebook.com\/granicusco\/\" \/>\n<meta property=\"article:modified_time\" content=\"2024-09-19T14:21:05+00:00\" \/>\n<meta property=\"og:image\" content=\"https:\/\/granicus.com\/wp-content\/uploads\/Yoast-Logo.png\" \/>\n\t<meta property=\"og:image:width\" content=\"1204\" \/>\n\t<meta property=\"og:image:height\" content=\"675\" \/>\n\t<meta property=\"og:image:type\" content=\"image\/png\" \/>\n<meta name=\"twitter:card\" content=\"summary_large_image\" \/>\n<meta name=\"twitter:site\" content=\"@Granicus\" \/>\n<script type=\"application\/ld+json\" class=\"yoast-schema-graph\">{\"@context\":\"https:\/\/schema.org\",\"@graph\":[{\"@type\":\"WebPage\",\"@id\":\"https:\/\/granicus.com\/es\/centro-de-confianza\/politica-de-cookies-de-granicus\/\",\"url\":\"https:\/\/granicus.com\/es\/centro-de-confianza\/politica-de-cookies-de-granicus\/\",\"name\":\"Pol\u00edtica de Cookies de Granicus\",\"isPartOf\":{\"@id\":\"https:\/\/granicus.com\/es\/#website\"},\"datePublished\":\"2023-05-09T00:29:08+00:00\",\"dateModified\":\"2024-09-19T14:21:05+00:00\",\"description\":\"Lee nuestra Pol\u00edtica de Cookies para aprender sobre el uso de cookies y otras tecnolog\u00edas por parte de Granicus en la prestaci\u00f3n de nuestros servicios de comunicaci\u00f3n y c\u00f3mo afecta tu experiencia en l\u00ednea.\",\"breadcrumb\":{\"@id\":\"https:\/\/granicus.com\/es\/centro-de-confianza\/politica-de-cookies-de-granicus\/#breadcrumb\"},\"inLanguage\":\"es-ES\",\"potentialAction\":[{\"@type\":\"ReadAction\",\"target\":[\"https:\/\/granicus.com\/es\/centro-de-confianza\/politica-de-cookies-de-granicus\/\"]}]},{\"@type\":\"BreadcrumbList\",\"@id\":\"https:\/\/granicus.com\/es\/centro-de-confianza\/politica-de-cookies-de-granicus\/#breadcrumb\",\"itemListElement\":[{\"@type\":\"ListItem\",\"position\":1,\"name\":\"Home\",\"item\":\"https:\/\/granicus.com\/es\/\"},{\"@type\":\"ListItem\",\"position\":2,\"name\":\"Centro de Confianza\",\"item\":\"https:\/\/granicus.com\/es\/centro-de-confianza\/\"},{\"@type\":\"ListItem\",\"position\":3,\"name\":\"Pol\u00edtica de Cookies de Granicus\"}]},{\"@type\":\"WebSite\",\"@id\":\"https:\/\/granicus.com\/es\/#website\",\"url\":\"https:\/\/granicus.com\/es\/\",\"name\":\"Granicus\",\"description\":\"\",\"publisher\":{\"@id\":\"https:\/\/granicus.com\/es\/#organization\"},\"potentialAction\":[{\"@type\":\"SearchAction\",\"target\":{\"@type\":\"EntryPoint\",\"urlTemplate\":\"https:\/\/granicus.com\/es\/?s={search_term_string}\"},\"query-input\":{\"@type\":\"PropertyValueSpecification\",\"valueRequired\":true,\"valueName\":\"search_term_string\"}}],\"inLanguage\":\"es-ES\"},{\"@type\":\"Organization\",\"@id\":\"https:\/\/granicus.com\/es\/#organization\",\"name\":\"Granicus\",\"url\":\"https:\/\/granicus.com\/es\/\",\"logo\":{\"@type\":\"ImageObject\",\"inLanguage\":\"es-ES\",\"@id\":\"https:\/\/granicus.com\/es\/#\/schema\/logo\/image\/\",\"url\":\"https:\/\/granicus.com\/wp-content\/uploads\/2023\/05\/Granicus-G-logo-Red.svg\",\"contentUrl\":\"https:\/\/granicus.com\/wp-content\/uploads\/2023\/05\/Granicus-G-logo-Red.svg\",\"width\":\"1024\",\"height\":\"1024\",\"caption\":\"Granicus\"},\"image\":{\"@id\":\"https:\/\/granicus.com\/es\/#\/schema\/logo\/image\/\"},\"sameAs\":[\"https:\/\/www.facebook.com\/granicusco\/\",\"https:\/\/x.com\/Granicus\",\"https:\/\/www.linkedin.com\/company\/granicusinc\/\",\"https:\/\/www.facebook.com\/granicusco\",\"https:\/\/www.facebook.com\/granicuslac\",\"https:\/\/www.youtube.com\/@GranicusLAC\",\"https:\/\/www.instagram.com\/granicuslac\/\",\"https:\/\/www.linkedin.com\/company\/granicuslac\",\"https:\/\/twitter.com\/granicuslac\/\",\"https:\/\/twitter.com\/GranicusUK\"]}]}<\/script>\n<!-- \/ Yoast SEO plugin. -->","yoast_head_json":{"title":"Pol\u00edtica de Cookies de Granicus","description":"Lee nuestra Pol\u00edtica de Cookies para aprender sobre el uso de cookies y otras tecnolog\u00edas por parte de Granicus en la prestaci\u00f3n de nuestros servicios de comunicaci\u00f3n y c\u00f3mo afecta tu experiencia en l\u00ednea.","robots":{"index":"index","follow":"follow","max-snippet":"max-snippet:-1","max-image-preview":"max-image-preview:large","max-video-preview":"max-video-preview:-1"},"canonical":"https:\/\/granicus.com\/es\/centro-de-confianza\/politica-de-cookies-de-granicus\/","og_locale":"es_ES","og_type":"article","og_title":"Pol\u00edtica de Cookies de Granicus","og_description":"Lee nuestra Pol\u00edtica de Cookies para aprender sobre el uso de cookies y otras tecnolog\u00edas por parte de Granicus en la prestaci\u00f3n de nuestros servicios de comunicaci\u00f3n y c\u00f3mo afecta tu experiencia en l\u00ednea.","og_url":"https:\/\/granicus.com\/es\/centro-de-confianza\/politica-de-cookies-de-granicus\/","og_site_name":"Granicus","article_publisher":"https:\/\/www.facebook.com\/granicusco\/","article_modified_time":"2024-09-19T14:21:05+00:00","og_image":[{"width":1204,"height":675,"url":"https:\/\/granicus.com\/wp-content\/uploads\/Yoast-Logo.png","type":"image\/png"}],"twitter_card":"summary_large_image","twitter_site":"@Granicus","schema":{"@context":"https:\/\/schema.org","@graph":[{"@type":"WebPage","@id":"https:\/\/granicus.com\/es\/centro-de-confianza\/politica-de-cookies-de-granicus\/","url":"https:\/\/granicus.com\/es\/centro-de-confianza\/politica-de-cookies-de-granicus\/","name":"Pol\u00edtica de Cookies de Granicus","isPartOf":{"@id":"https:\/\/granicus.com\/es\/#website"},"datePublished":"2023-05-09T00:29:08+00:00","dateModified":"2024-09-19T14:21:05+00:00","description":"Lee nuestra Pol\u00edtica de Cookies para aprender sobre el uso de cookies y otras tecnolog\u00edas por parte de Granicus en la prestaci\u00f3n de nuestros servicios de comunicaci\u00f3n y c\u00f3mo afecta tu experiencia en l\u00ednea.","breadcrumb":{"@id":"https:\/\/granicus.com\/es\/centro-de-confianza\/politica-de-cookies-de-granicus\/#breadcrumb"},"inLanguage":"es-ES","potentialAction":[{"@type":"ReadAction","target":["https:\/\/granicus.com\/es\/centro-de-confianza\/politica-de-cookies-de-granicus\/"]}]},{"@type":"BreadcrumbList","@id":"https:\/\/granicus.com\/es\/centro-de-confianza\/politica-de-cookies-de-granicus\/#breadcrumb","itemListElement":[{"@type":"ListItem","position":1,"name":"Home","item":"https:\/\/granicus.com\/es\/"},{"@type":"ListItem","position":2,"name":"Centro de Confianza","item":"https:\/\/granicus.com\/es\/centro-de-confianza\/"},{"@type":"ListItem","position":3,"name":"Pol\u00edtica de Cookies de Granicus"}]},{"@type":"WebSite","@id":"https:\/\/granicus.com\/es\/#website","url":"https:\/\/granicus.com\/es\/","name":"Granicus","description":"","publisher":{"@id":"https:\/\/granicus.com\/es\/#organization"},"potentialAction":[{"@type":"SearchAction","target":{"@type":"EntryPoint","urlTemplate":"https:\/\/granicus.com\/es\/?s={search_term_string}"},"query-input":{"@type":"PropertyValueSpecification","valueRequired":true,"valueName":"search_term_string"}}],"inLanguage":"es-ES"},{"@type":"Organization","@id":"https:\/\/granicus.com\/es\/#organization","name":"Granicus","url":"https:\/\/granicus.com\/es\/","logo":{"@type":"ImageObject","inLanguage":"es-ES","@id":"https:\/\/granicus.com\/es\/#\/schema\/logo\/image\/","url":"https:\/\/granicus.com\/wp-content\/uploads\/2023\/05\/Granicus-G-logo-Red.svg","contentUrl":"https:\/\/granicus.com\/wp-content\/uploads\/2023\/05\/Granicus-G-logo-Red.svg","width":"1024","height":"1024","caption":"Granicus"},"image":{"@id":"https:\/\/granicus.com\/es\/#\/schema\/logo\/image\/"},"sameAs":["https:\/\/www.facebook.com\/granicusco\/","https:\/\/x.com\/Granicus","https:\/\/www.linkedin.com\/company\/granicusinc\/","https:\/\/www.facebook.com\/granicusco","https:\/\/www.facebook.com\/granicuslac","https:\/\/www.youtube.com\/@GranicusLAC","https:\/\/www.instagram.com\/granicuslac\/","https:\/\/www.linkedin.com\/company\/granicuslac","https:\/\/twitter.com\/granicuslac\/","https:\/\/twitter.com\/GranicusUK"]}]}},"acf":{"breadcrumbs":[{"breadcrumb":{"title":"Inicio","url":"\/es\/","target":""}},{"breadcrumb":{"title":"Centro de Confianza","url":"#","target":""}},{"breadcrumb":{"title":"Poli\u0301tica de Privacidad","url":"https:\/\/granicus.com\/es\/centro-de-confianza\/politica-de-privacidad\/","target":""}},{"breadcrumb":{"title":"Pol\u00edtica de Cookies","url":"https:\/\/granicus.com\/es\/centro-de-confianza\/politica-de-cookies-de-granicus\/","target":""}}],"page_content_builder":[{"acf_fc_layout":"anchor","anchor_name":"Introducci\u00f3n"},{"acf_fc_layout":"wysiwyg","wysiwyg":"<h2 class=\"p1\"><b>Introducci\u00f3n<\/b><\/h2>\n<p class=\"p1\">Esta Declaraci\u00f3n de Cookies explica c\u00f3mo nosotros (&#8220;Granicus&#8221;, &#8220;nosotros&#8221;, &#8220;nos&#8221; y &#8220;nuestro&#8221;) utilizamos cookies y otras tecnolog\u00edas en nuestros servicios de comunicaci\u00f3n, incluyendo a trav\u00e9s de nuestros sitios web que enlazan con esta declaraci\u00f3n, como granicus.com, granicus.uk, granicus.com.au. Por favor, lee esta pol\u00edtica de cookies detenidamente, ya que contiene informaci\u00f3n importante sobre qui\u00e9nes somos y c\u00f3mo utilizamos cookies en nuestro sitio web. Esta pol\u00edtica debe leerse junto con nuestra <a href=\"https:\/\/granicus.com\/es\/centro-de-confianza\/politica-de-privacidad\/\" target=\"_blank\" rel=\"noopener\">Pol\u00edtica de Privacidad<\/a>, que describe c\u00f3mo y por qu\u00e9 recopilamos, almacenamos, utilizamos y compartimos informaci\u00f3n personal en general, as\u00ed como tus derechos en relaci\u00f3n con tu informaci\u00f3n personal y los detalles de c\u00f3mo contactarnos y con las autoridades de supervisi\u00f3n en caso de que tengas una queja.<\/p>\n<p class=\"p1\">En algunos casos, podemos utilizar cookies y otras tecnolog\u00edas de seguimiento descritas en esta declaraci\u00f3n para recopilar informaci\u00f3n personal. Para obtener m\u00e1s informaci\u00f3n sobre c\u00f3mo recopilamos y procesamos tus datos personales, consulta nuestra <a href=\"https:\/\/granicus.com\/es\/centro-de-confianza\/politica-de-privacidad\/\" target=\"_blank\" rel=\"noopener\">Pol\u00edtica de Privacidad<\/a>.<\/p>\n"},{"acf_fc_layout":"anchor","anchor_name":"\u00bfQu\u00e9 son las Cookies y por qu\u00e9 las Utilizamos?"},{"acf_fc_layout":"wysiwyg","wysiwyg":"<h2 class=\"p1\"><b>\u00bfQu\u00e9 son las Cookies y por qu\u00e9 las Utilizamos?<\/b><\/h2>\n<p class=\"p1\">Las cookies son peque\u00f1os archivos de datos que se colocan en tu dispositivo la primera vez que visitas un sitio web. Las cookies tienen diversas funciones, y las utilizamos para que nuestros sitios web y\/o servicios funcionen (o funcionen de manera m\u00e1s eficiente). Las cookies nos ayudan a hacer lo siguiente:<\/p>\n<ul class=\"ul1\">\n<li class=\"li1\">Recordar tu nombre de usuario y preferencias.<\/li>\n<li class=\"li1\">Hacer un seguimiento de qui\u00e9n visita nuestro sitio web.<\/li>\n<li class=\"li1\">Responder r\u00e1pidamente a problemas t\u00e9cnicos.<\/li>\n<li class=\"li1\">Analizar el rendimiento de nuestro sitio web.<\/li>\n<\/ul>\n<p class=\"p1\">La mayor\u00eda de las cookies no recopilar\u00e1n informaci\u00f3n que te identifique y, en su lugar, recopilar\u00e1n informaci\u00f3n m\u00e1s general, como c\u00f3mo llegas y utilizas nuestros sitios web, o tu ubicaci\u00f3n general.<\/p>\n<p class=\"p1\">Sin embargo, ciertas cookies pueden contener informaci\u00f3n personal, como informaci\u00f3n que, por s\u00ed sola, pueda identificarte personalmente. Tambi\u00e9n podemos vincular estas cookies a informaci\u00f3n personal que proporciones. Por ejemplo, nuestra cookie de sesi\u00f3n, que permite a un usuario iniciar sesi\u00f3n y cargar una nueva p\u00e1gina sin volver a autenticarse.<\/p>\n<h2 class=\"p1\">Consentimiento para el Uso de Cookies y Cambio de Configuraciones<\/h2>\n<p class=\"p1\">Solicitaremos tu consentimiento para colocar cookies u otras tecnolog\u00edas similares en tu dispositivo, excepto cuando sean esenciales para proporcionarte un servicio que hayas solicitado (por ejemplo, para mantenerte conectado mientras navegas por las p\u00e1ginas de soporte).<\/p>\n<p class=\"p1\">Puedes retirar cualquier consentimiento para el uso de cookies o gestionar cualquier otra preferencia de cookies haciendo clic en Configuraci\u00f3n de Cookies en la parte inferior de cada p\u00e1gina de este sitio web. Luego, puedes cambiar tu consentimiento o seleccionar &#8220;M\u00e1s informaci\u00f3n&#8221; y ajustar el control deslizante para editar tu nivel de consentimiento. Puede ser necesario actualizar la p\u00e1gina para que los ajustes actualizados tengan efecto.<\/p>\n"},{"acf_fc_layout":"anchor","anchor_name":"Informaci\u00f3n sobre Cookies de Terceros"},{"acf_fc_layout":"wysiwyg","wysiwyg":"<h2 class=\"p1\"><b>Informaci\u00f3n sobre Cookies de Terceros<\/b><\/h2>\n<p class=\"p1\">Las cookies establecidas por el propietario del sitio web o proveedor de servicios (en este caso, Granicus) se llaman &#8220;cookies de primera parte&#8221;. Las cookies establecidas por partes distintas al propietario del sitio web se llaman &#8220;cookies de terceros&#8221;. Las cookies de terceros permiten que se proporcionen caracter\u00edsticas de terceros a trav\u00e9s del servicio que est\u00e1s utilizando. Por ejemplo, permitirte compartir ciertas p\u00e1ginas con redes sociales.<\/p>\n<p class=\"p1\">Estas cookies de terceros pueden seguir tus comportamientos en l\u00ednea con el tiempo y en sitios web no afiliados. Las cookies de terceros tambi\u00e9n pueden mostrar anuncios dirigidos ya sea en nuestro sitio web o en otros sitios web. No tenemos control sobre las cookies utilizadas por estos otros terceros.<\/p>\n"},{"acf_fc_layout":"anchor","anchor_name":"Cookies Servidas a Trav\u00e9s de Nuestros Sitios Web"},{"acf_fc_layout":"wysiwyg","wysiwyg":"<h2 class=\"p1\"><b>Cookies Servidas a Trav\u00e9s de Nuestros Sitios Web<\/b><\/h2>\n<p class=\"p1\">Los tipos espec\u00edficos de cookies de primera y tercera parte servidas a trav\u00e9s de nuestros sitios web y los prop\u00f3sitos que cumplen se describen con m\u00e1s detalle a continuaci\u00f3n:<\/p>\n<p class=\"p2\"><b>Cookies Necesarias<\/b><\/p>\n<p class=\"p1\">Estas cookies son necesarias para habilitar las funciones b\u00e1sicas de este sitio, como proporcionar un inicio de sesi\u00f3n seguro o recordar en qu\u00e9 punto est\u00e1s en un pedido.<\/p>\n<p class=\"p2\"><b>Cookies Funcionales<\/b><\/p>\n<p class=\"p1\">Estas cookies nos permiten analizar tu uso del sitio para evaluar y mejorar nuestro rendimiento. Tambi\u00e9n pueden utilizarse para proporcionar una mejor experiencia al cliente en este sitio. Por ejemplo, recordar tus detalles de inicio de sesi\u00f3n, guardar lo que hay en tu carrito de compras o proporcionarnos informaci\u00f3n sobre c\u00f3mo se utiliza nuestro sitio.<\/p>\n<p class=\"p2\"><b>Cookies Publicitarias<\/b><\/p>\n<p class=\"p1\">Estas cookies se utilizan para mostrarte anuncios m\u00e1s relevantes. Podemos compartir esta informaci\u00f3n con anunciantes o utilizarla para comprender mejor tus intereses. Por ejemplo, las cookies publicitarias pueden usarse para compartir datos con anunciantes para que los anuncios que veas sean m\u00e1s relevantes para ti, permitirte compartir ciertas p\u00e1ginas con redes sociales o permitirte publicar comentarios en nuestro sitio.<\/p>\n"},{"acf_fc_layout":"anchor","anchor_name":"Otras Tecnolog\u00edas de Seguimiento"},{"acf_fc_layout":"wysiwyg","wysiwyg":"<h2>Otras Tecnolog\u00edas de Seguimiento<\/h2>\n<p class=\"p1\">Nosotros y nuestros socios de terceros podemos utilizar otras tecnolog\u00edas relacionadas, como balizas web. Estos son archivos gr\u00e1ficos diminutos que contienen un identificador \u00fanico que nos permite reconocer cuando visitas nuestros sitios web o, en el caso de las balizas web, abres un correo electr\u00f3nico que te hemos enviado. Esto nos permite, por ejemplo, monitorear tus patrones de tr\u00e1fico de una p\u00e1gina dentro de nuestros sitios web a otra, enviar o comunicarnos con cookies, mejorar el rendimiento del sitio y medir el \u00e9xito de las campa\u00f1as de mercadeo.<\/p>\n"},{"acf_fc_layout":"anchor","anchor_name":"\u00bfC\u00f3mo Rechazo las Cookies?"},{"acf_fc_layout":"wysiwyg","wysiwyg":"<h2 class=\"p1\"><b>\u00bfC\u00f3mo Rechazo las Cookies?<\/b><\/h2>\n<p class=\"p1\">Si no deseas recibir cookies, puedes configurar tu navegador para rechazarlas o alertarte cuando se coloca una cookie en tu computadora. Aunque no se requiere que aceptes cookies cuando visitas nuestro sitio web, las cookies te ayudan a ti y a nosotros a obtener el m\u00e1ximo beneficio de nuestros servicios de comunicaci\u00f3n, y es posible que no puedas utilizar toda la funcionalidad de nuestro sitio web si tu navegador rechaza nuestras cookies. El m\u00e9todo para rechazar cookies var\u00eda seg\u00fan el navegador; visita el men\u00fa de ayuda de tu navegador para obtener m\u00e1s informaci\u00f3n.<\/p>\n"},{"acf_fc_layout":"wysiwyg","wysiwyg":"<p>Para obtener m\u00e1s informaci\u00f3n sobre las cookies en general, incluido c\u00f3mo controlarlas y administrarlas, visite <a href=\"https:\/\/allaboutcookies.org\/\" target=\"_blank\" rel=\"noopener\">www.allaboutcookies.org<\/a>. Si tiene alguna pregunta espec\u00edfica sobre nuestro uso de cookies u otras tecnolog\u00edas, <a href=\"https:\/\/granicus.com\/es\/contactanos\/\" target=\"_blank\" rel=\"noopener\">comun\u00edquese con nosotros<\/a>.<\/p>\n<p>Actualizaremos esta declaraci\u00f3n peri\u00f3dicamente para reflejar los cambios en las cookies o tecnolog\u00edas relacionadas que utilizamos.<\/p>\n"}],"call_to_action":{"hide_call_to_action":false,"color":"red","custom_cta":false,"custom_subhead":"","custom_headline":"","custom_description":"","custom_link":null,"custom_image":false}},"_links":{"self":[{"href":"https:\/\/granicus.com\/es\/wp-json\/wp\/v2\/pages\/33554","targetHints":{"allow":["GET"]}}],"collection":[{"href":"https:\/\/granicus.com\/es\/wp-json\/wp\/v2\/pages"}],"about":[{"href":"https:\/\/granicus.com\/es\/wp-json\/wp\/v2\/types\/page"}],"author":[{"embeddable":true,"href":"https:\/\/granicus.com\/es\/wp-json\/wp\/v2\/users\/6"}],"replies":[{"embeddable":true,"href":"https:\/\/granicus.com\/es\/wp-json\/wp\/v2\/comments?post=33554"}],"version-history":[{"count":1,"href":"https:\/\/granicus.com\/es\/wp-json\/wp\/v2\/pages\/33554\/revisions"}],"predecessor-version":[{"id":47616,"href":"https:\/\/granicus.com\/es\/wp-json\/wp\/v2\/pages\/33554\/revisions\/47616"}],"up":[{"embeddable":true,"href":"https:\/\/granicus.com\/es\/wp-json\/wp\/v2\/pages\/36275"}],"wp:attachment":[{"href":"https:\/\/granicus.com\/es\/wp-json\/wp\/v2\/media?parent=33554"}],"wp:term":[{"taxonomy":"page_type_tax","embeddable":true,"href":"https:\/\/granicus.com\/es\/wp-json\/wp\/v2\/page_type_tax?post=33554"}],"curies":[{"name":"wp","href":"https:\/\/api.w.org\/{rel}","templated":true}]}}