{"id":33305,"date":"2023-03-06T15:59:38","date_gmt":"2023-03-06T20:59:38","guid":{"rendered":"https:\/\/granicus.com\/contact-us\/"},"modified":"2025-02-19T11:02:42","modified_gmt":"2025-02-19T16:02:42","slug":"contactanos","status":"publish","type":"page","link":"https:\/\/granicus.com\/es\/contactanos\/","title":{"rendered":"Cont\u00e1ctanos"},"content":{"rendered":"","protected":false},"excerpt":{"rendered":"","protected":false},"author":1,"featured_media":0,"parent":0,"menu_order":0,"comment_status":"closed","ping_status":"closed","template":"page-templates\/contact.php","meta":{"inline_featured_image":false,"footnotes":""},"page_type_tax":[],"class_list":["post-33305","page","type-page","status-publish","hentry"],"yoast_head":"<!-- This site is optimized with the Yoast SEO plugin v26.7 - https:\/\/yoast.com\/wordpress\/plugins\/seo\/ -->\n<title>Cont\u00e1ctanos | Granicus<\/title>\n<meta name=\"description\" content=\"Ponte en contacto con Granicus para hablar sobre c\u00f3mo podemos ayudarte a mejorar tu presencia digital y aumentar la participaci\u00f3n ciudadana. Nuestro equipo est\u00e1 listo para ayudarte a aprovechar nuestras soluciones innovadoras y crear experiencias digitales fluidas.\" \/>\n<meta name=\"robots\" content=\"index, follow, max-snippet:-1, max-image-preview:large, max-video-preview:-1\" \/>\n<link rel=\"canonical\" href=\"https:\/\/granicus.com\/es\/contactanos\/\" \/>\n<meta property=\"og:locale\" content=\"es_ES\" \/>\n<meta property=\"og:type\" content=\"article\" \/>\n<meta property=\"og:title\" content=\"Cont\u00e1ctanos | Granicus\" \/>\n<meta property=\"og:description\" content=\"Ponte en contacto con Granicus para hablar sobre c\u00f3mo podemos ayudarte a mejorar tu presencia digital y aumentar la participaci\u00f3n ciudadana. Nuestro equipo est\u00e1 listo para ayudarte a aprovechar nuestras soluciones innovadoras y crear experiencias digitales fluidas.\" \/>\n<meta property=\"og:url\" content=\"https:\/\/granicus.com\/es\/contactanos\/\" \/>\n<meta property=\"og:site_name\" content=\"Granicus\" \/>\n<meta property=\"article:publisher\" content=\"https:\/\/www.facebook.com\/granicusco\/\" \/>\n<meta property=\"article:modified_time\" content=\"2025-02-19T16:02:42+00:00\" \/>\n<meta property=\"og:image\" content=\"https:\/\/granicus.com\/wp-content\/uploads\/Yoast-Logo.png\" \/>\n\t<meta property=\"og:image:width\" content=\"1204\" \/>\n\t<meta property=\"og:image:height\" content=\"675\" \/>\n\t<meta property=\"og:image:type\" content=\"image\/png\" \/>\n<meta name=\"twitter:card\" content=\"summary_large_image\" \/>\n<meta name=\"twitter:site\" content=\"@Granicus\" \/>\n<script type=\"application\/ld+json\" class=\"yoast-schema-graph\">{\"@context\":\"https:\/\/schema.org\",\"@graph\":[{\"@type\":[\"WebPage\",\"ContactPage\"],\"@id\":\"https:\/\/granicus.com\/es\/contactanos\/\",\"url\":\"https:\/\/granicus.com\/es\/contactanos\/\",\"name\":\"Cont\u00e1ctanos | Granicus\",\"isPartOf\":{\"@id\":\"https:\/\/granicus.com\/es\/#website\"},\"datePublished\":\"2023-03-06T20:59:38+00:00\",\"dateModified\":\"2025-02-19T16:02:42+00:00\",\"description\":\"Ponte en contacto con Granicus para hablar sobre c\u00f3mo podemos ayudarte a mejorar tu presencia digital y aumentar la participaci\u00f3n ciudadana. Nuestro equipo est\u00e1 listo para ayudarte a aprovechar nuestras soluciones innovadoras y crear experiencias digitales fluidas.\",\"breadcrumb\":{\"@id\":\"https:\/\/granicus.com\/es\/contactanos\/#breadcrumb\"},\"inLanguage\":\"es-ES\",\"potentialAction\":[{\"@type\":\"ReadAction\",\"target\":[\"https:\/\/granicus.com\/es\/contactanos\/\"]}]},{\"@type\":\"BreadcrumbList\",\"@id\":\"https:\/\/granicus.com\/es\/contactanos\/#breadcrumb\",\"itemListElement\":[{\"@type\":\"ListItem\",\"position\":1,\"name\":\"Home\",\"item\":\"https:\/\/granicus.com\/es\/\"},{\"@type\":\"ListItem\",\"position\":2,\"name\":\"Cont\u00e1ctanos\"}]},{\"@type\":\"WebSite\",\"@id\":\"https:\/\/granicus.com\/es\/#website\",\"url\":\"https:\/\/granicus.com\/es\/\",\"name\":\"Granicus\",\"description\":\"\",\"publisher\":{\"@id\":\"https:\/\/granicus.com\/es\/#organization\"},\"potentialAction\":[{\"@type\":\"SearchAction\",\"target\":{\"@type\":\"EntryPoint\",\"urlTemplate\":\"https:\/\/granicus.com\/es\/?s={search_term_string}\"},\"query-input\":{\"@type\":\"PropertyValueSpecification\",\"valueRequired\":true,\"valueName\":\"search_term_string\"}}],\"inLanguage\":\"es-ES\"},{\"@type\":\"Organization\",\"@id\":\"https:\/\/granicus.com\/es\/#organization\",\"name\":\"Granicus\",\"url\":\"https:\/\/granicus.com\/es\/\",\"logo\":{\"@type\":\"ImageObject\",\"inLanguage\":\"es-ES\",\"@id\":\"https:\/\/granicus.com\/es\/#\/schema\/logo\/image\/\",\"url\":\"https:\/\/granicus.com\/wp-content\/uploads\/2023\/05\/Granicus-G-logo-Red.svg\",\"contentUrl\":\"https:\/\/granicus.com\/wp-content\/uploads\/2023\/05\/Granicus-G-logo-Red.svg\",\"width\":\"1024\",\"height\":\"1024\",\"caption\":\"Granicus\"},\"image\":{\"@id\":\"https:\/\/granicus.com\/es\/#\/schema\/logo\/image\/\"},\"sameAs\":[\"https:\/\/www.facebook.com\/granicusco\/\",\"https:\/\/x.com\/Granicus\",\"https:\/\/www.linkedin.com\/company\/granicusinc\/\",\"https:\/\/www.facebook.com\/granicusco\",\"https:\/\/www.facebook.com\/granicuslac\",\"https:\/\/www.youtube.com\/@GranicusLAC\",\"https:\/\/www.instagram.com\/granicuslac\/\",\"https:\/\/www.linkedin.com\/company\/granicuslac\",\"https:\/\/twitter.com\/granicuslac\/\",\"https:\/\/twitter.com\/GranicusUK\"]}]}<\/script>\n<!-- \/ Yoast SEO plugin. -->","yoast_head_json":{"title":"Cont\u00e1ctanos | Granicus","description":"Ponte en contacto con Granicus para hablar sobre c\u00f3mo podemos ayudarte a mejorar tu presencia digital y aumentar la participaci\u00f3n ciudadana. Nuestro equipo est\u00e1 listo para ayudarte a aprovechar nuestras soluciones innovadoras y crear experiencias digitales fluidas.","robots":{"index":"index","follow":"follow","max-snippet":"max-snippet:-1","max-image-preview":"max-image-preview:large","max-video-preview":"max-video-preview:-1"},"canonical":"https:\/\/granicus.com\/es\/contactanos\/","og_locale":"es_ES","og_type":"article","og_title":"Cont\u00e1ctanos | Granicus","og_description":"Ponte en contacto con Granicus para hablar sobre c\u00f3mo podemos ayudarte a mejorar tu presencia digital y aumentar la participaci\u00f3n ciudadana. Nuestro equipo est\u00e1 listo para ayudarte a aprovechar nuestras soluciones innovadoras y crear experiencias digitales fluidas.","og_url":"https:\/\/granicus.com\/es\/contactanos\/","og_site_name":"Granicus","article_publisher":"https:\/\/www.facebook.com\/granicusco\/","article_modified_time":"2025-02-19T16:02:42+00:00","og_image":[{"width":1204,"height":675,"url":"https:\/\/granicus.com\/wp-content\/uploads\/Yoast-Logo.png","type":"image\/png"}],"twitter_card":"summary_large_image","twitter_site":"@Granicus","schema":{"@context":"https:\/\/schema.org","@graph":[{"@type":["WebPage","ContactPage"],"@id":"https:\/\/granicus.com\/es\/contactanos\/","url":"https:\/\/granicus.com\/es\/contactanos\/","name":"Cont\u00e1ctanos | Granicus","isPartOf":{"@id":"https:\/\/granicus.com\/es\/#website"},"datePublished":"2023-03-06T20:59:38+00:00","dateModified":"2025-02-19T16:02:42+00:00","description":"Ponte en contacto con Granicus para hablar sobre c\u00f3mo podemos ayudarte a mejorar tu presencia digital y aumentar la participaci\u00f3n ciudadana. Nuestro equipo est\u00e1 listo para ayudarte a aprovechar nuestras soluciones innovadoras y crear experiencias digitales fluidas.","breadcrumb":{"@id":"https:\/\/granicus.com\/es\/contactanos\/#breadcrumb"},"inLanguage":"es-ES","potentialAction":[{"@type":"ReadAction","target":["https:\/\/granicus.com\/es\/contactanos\/"]}]},{"@type":"BreadcrumbList","@id":"https:\/\/granicus.com\/es\/contactanos\/#breadcrumb","itemListElement":[{"@type":"ListItem","position":1,"name":"Home","item":"https:\/\/granicus.com\/es\/"},{"@type":"ListItem","position":2,"name":"Cont\u00e1ctanos"}]},{"@type":"WebSite","@id":"https:\/\/granicus.com\/es\/#website","url":"https:\/\/granicus.com\/es\/","name":"Granicus","description":"","publisher":{"@id":"https:\/\/granicus.com\/es\/#organization"},"potentialAction":[{"@type":"SearchAction","target":{"@type":"EntryPoint","urlTemplate":"https:\/\/granicus.com\/es\/?s={search_term_string}"},"query-input":{"@type":"PropertyValueSpecification","valueRequired":true,"valueName":"search_term_string"}}],"inLanguage":"es-ES"},{"@type":"Organization","@id":"https:\/\/granicus.com\/es\/#organization","name":"Granicus","url":"https:\/\/granicus.com\/es\/","logo":{"@type":"ImageObject","inLanguage":"es-ES","@id":"https:\/\/granicus.com\/es\/#\/schema\/logo\/image\/","url":"https:\/\/granicus.com\/wp-content\/uploads\/2023\/05\/Granicus-G-logo-Red.svg","contentUrl":"https:\/\/granicus.com\/wp-content\/uploads\/2023\/05\/Granicus-G-logo-Red.svg","width":"1024","height":"1024","caption":"Granicus"},"image":{"@id":"https:\/\/granicus.com\/es\/#\/schema\/logo\/image\/"},"sameAs":["https:\/\/www.facebook.com\/granicusco\/","https:\/\/x.com\/Granicus","https:\/\/www.linkedin.com\/company\/granicusinc\/","https:\/\/www.facebook.com\/granicusco","https:\/\/www.facebook.com\/granicuslac","https:\/\/www.youtube.com\/@GranicusLAC","https:\/\/www.instagram.com\/granicuslac\/","https:\/\/www.linkedin.com\/company\/granicuslac","https:\/\/twitter.com\/granicuslac\/","https:\/\/twitter.com\/GranicusUK"]}]}},"acf":{"form_embed_group":{"show_form":true,"use_hubspot_form":false,"use_global_marketo_form":false,"form_type":"default","form_headline":"","hubspot_form_id":"","marketo_form_id":"15022","form_success_type":"default","drift_success_url":"","drift_campaign_id":"","marketo_new_tab":false,"global_form_success_url":"","step_1_marketo_form_id":16068,"step_2_marketo_form_id":16069,"marketo_thank_you":"<p>\u00a1Gracias por completar su informaci\u00f3n!<\/p>\n"},"form_embed_clone":{"form_embed_group":{"show_form":true,"use_hubspot_form":false,"use_global_marketo_form":false,"form_type":"default","form_headline":"","hubspot_form_id":"","marketo_form_id":"15022","form_success_type":"default","drift_success_url":"","drift_campaign_id":"","marketo_new_tab":false,"global_form_success_url":"","step_1_marketo_form_id":16068,"step_2_marketo_form_id":16069,"marketo_thank_you":"<p>\u00a1Gracias por completar su informaci\u00f3n!<\/p>\n"}},"hide_footer":false,"call_to_action":{"hide_call_to_action":true,"color":"red","custom_cta":false,"custom_subhead":"","custom_headline":"","custom_description":"","custom_link":null,"custom_image":false},"content_subhead":"CONTACT\u00c1NOS","content_headline":"\u00bfC\u00f3mo podemos ayudar?","content":"<p>Todos los d\u00edas, Granicus ayuda a organizaciones de todos los niveles de gobierno en Estados Unidos, Canad\u00e1, Reino Unido, Europa, Australia, Nueva Zelanda, Latinoam\u00e9rica y Caribe, a ser m\u00e1s transparentes con su informaci\u00f3n, m\u00e1s eficientes en sus flujos de trabajo y m\u00e1s colaborativas con el p\u00fablico, lo que en \u00faltima instancia ayuda a lograr mejores resultados para las personas a las que estas organizaciones sirven.<\/p>\n","hide_utility_menu":false,"hide_main_menu":false,"template_color":"gray","contact_quotes_group":{"show_quotes":false,"quotes":[{"quote":"Lorem ipsum is placeholder text commonly used in the graphic, print, and publishing industries for previewing layouts and visual mockups.","author":"Author 1","author_title":"Author Title"},{"quote":"Lorem ipsum is placeholder text commonly used in the graphic, print, and publishing industries for previewing layouts and visual mockups.","author":"Author 2","author_title":"Author Title"},{"quote":"Lorem ipsum is placeholder text commonly used in the graphic, print, and publishing industries for previewing layouts and visual mockups.","author":"Author 3","author_title":"Author Title"}]},"breadcrumbs":[{"breadcrumb":{"title":"Inicio","url":"\/es\/","target":""}},{"breadcrumb":{"title":"Cont\u00e1ctanos","url":"https:\/\/granicus.com\/es\/contactanos\/","target":""}}],"list_of_links_show":true,"list_of_links_headline":"Para solicitudes de soporte, visite nuestra p\u00e1gina de soporte al cliente:","list_of_links":[{"link":{"title":"Portal de Soporte","url":"https:\/\/support.granicus.com\/s\/","target":"_blank"}},{"link":{"title":"Estado del Producto","url":"https:\/\/status.granicus.com\/","target":"_blank"}}],"more_info_text":"<p>Si desea obtener m\u00e1s informaci\u00f3n, hablar con un representante o solicitar una demostraci\u00f3n o cotizaci\u00f3n, complete el formulario y nos pondremos en contacto con usted en breve.<\/p>\n","form_icons":false},"_links":{"self":[{"href":"https:\/\/granicus.com\/es\/wp-json\/wp\/v2\/pages\/33305","targetHints":{"allow":["GET"]}}],"collection":[{"href":"https:\/\/granicus.com\/es\/wp-json\/wp\/v2\/pages"}],"about":[{"href":"https:\/\/granicus.com\/es\/wp-json\/wp\/v2\/types\/page"}],"author":[{"embeddable":true,"href":"https:\/\/granicus.com\/es\/wp-json\/wp\/v2\/users\/1"}],"replies":[{"embeddable":true,"href":"https:\/\/granicus.com\/es\/wp-json\/wp\/v2\/comments?post=33305"}],"version-history":[{"count":1,"href":"https:\/\/granicus.com\/es\/wp-json\/wp\/v2\/pages\/33305\/revisions"}],"predecessor-version":[{"id":53342,"href":"https:\/\/granicus.com\/es\/wp-json\/wp\/v2\/pages\/33305\/revisions\/53342"}],"wp:attachment":[{"href":"https:\/\/granicus.com\/es\/wp-json\/wp\/v2\/media?parent=33305"}],"wp:term":[{"taxonomy":"page_type_tax","embeddable":true,"href":"https:\/\/granicus.com\/es\/wp-json\/wp\/v2\/page_type_tax?post=33305"}],"curies":[{"name":"wp","href":"https:\/\/api.w.org\/{rel}","templated":true}]}}