{"id":33303,"date":"2023-01-07T08:01:18","date_gmt":"2023-01-07T13:01:18","guid":{"rendered":"https:\/\/granicus.com\/book-a-demo\/"},"modified":"2025-02-19T08:38:12","modified_gmt":"2025-02-19T13:38:12","slug":"solicita-una-demostracion","status":"publish","type":"page","link":"https:\/\/granicus.com\/es\/solicita-una-demostracion\/","title":{"rendered":"Solicita una demostraci\u00f3n"},"content":{"rendered":"","protected":false},"excerpt":{"rendered":"","protected":false},"author":1,"featured_media":0,"parent":0,"menu_order":0,"comment_status":"closed","ping_status":"closed","template":"page-templates\/contact.php","meta":{"inline_featured_image":false,"footnotes":""},"page_type_tax":[],"class_list":["post-33303","page","type-page","status-publish","hentry"],"yoast_head":"<!-- This site is optimized with the Yoast SEO plugin v26.7 - https:\/\/yoast.com\/wordpress\/plugins\/seo\/ -->\n<title>Solicita una demostraci\u00f3n | Granicus<\/title>\n<meta name=\"description\" content=\"Granicus apoya a m\u00e1s de 6,000 organizaciones gubernamentales. Hablemos sobre c\u00f3mo podemos ayudarte a transformar la forma en que sirves a tu comunidad.\" \/>\n<meta name=\"robots\" content=\"index, follow, max-snippet:-1, max-image-preview:large, max-video-preview:-1\" \/>\n<link rel=\"canonical\" href=\"https:\/\/granicus.com\/es\/solicita-una-demostracion\/\" \/>\n<meta property=\"og:locale\" content=\"es_ES\" \/>\n<meta property=\"og:type\" content=\"article\" \/>\n<meta property=\"og:title\" content=\"Solicita una demostraci\u00f3n | Granicus\" \/>\n<meta property=\"og:description\" content=\"Granicus apoya a m\u00e1s de 6,000 organizaciones gubernamentales. Hablemos sobre c\u00f3mo podemos ayudarte a transformar la forma en que sirves a tu comunidad.\" \/>\n<meta property=\"og:url\" content=\"https:\/\/granicus.com\/es\/solicita-una-demostracion\/\" \/>\n<meta property=\"og:site_name\" content=\"Granicus\" \/>\n<meta property=\"article:publisher\" content=\"https:\/\/www.facebook.com\/granicusco\/\" \/>\n<meta property=\"article:modified_time\" content=\"2025-02-19T13:38:12+00:00\" \/>\n<meta property=\"og:image\" content=\"https:\/\/granicus.com\/wp-content\/uploads\/Yoast-Logo.png\" \/>\n\t<meta property=\"og:image:width\" content=\"1204\" \/>\n\t<meta property=\"og:image:height\" content=\"675\" \/>\n\t<meta property=\"og:image:type\" content=\"image\/png\" \/>\n<meta name=\"twitter:card\" content=\"summary_large_image\" \/>\n<meta name=\"twitter:site\" content=\"@Granicus\" \/>\n<script type=\"application\/ld+json\" class=\"yoast-schema-graph\">{\"@context\":\"https:\/\/schema.org\",\"@graph\":[{\"@type\":[\"WebPage\",\"ContactPage\"],\"@id\":\"https:\/\/granicus.com\/es\/solicita-una-demostracion\/\",\"url\":\"https:\/\/granicus.com\/es\/solicita-una-demostracion\/\",\"name\":\"Solicita una demostraci\u00f3n | Granicus\",\"isPartOf\":{\"@id\":\"https:\/\/granicus.com\/es\/#website\"},\"datePublished\":\"2023-01-07T13:01:18+00:00\",\"dateModified\":\"2025-02-19T13:38:12+00:00\",\"description\":\"Granicus apoya a m\u00e1s de 6,000 organizaciones gubernamentales. Hablemos sobre c\u00f3mo podemos ayudarte a transformar la forma en que sirves a tu comunidad.\",\"breadcrumb\":{\"@id\":\"https:\/\/granicus.com\/es\/solicita-una-demostracion\/#breadcrumb\"},\"inLanguage\":\"es-ES\",\"potentialAction\":[{\"@type\":\"ReadAction\",\"target\":[\"https:\/\/granicus.com\/es\/solicita-una-demostracion\/\"]}]},{\"@type\":\"BreadcrumbList\",\"@id\":\"https:\/\/granicus.com\/es\/solicita-una-demostracion\/#breadcrumb\",\"itemListElement\":[{\"@type\":\"ListItem\",\"position\":1,\"name\":\"Home\",\"item\":\"https:\/\/granicus.com\/es\/\"},{\"@type\":\"ListItem\",\"position\":2,\"name\":\"Solicita una demostraci\u00f3n\"}]},{\"@type\":\"WebSite\",\"@id\":\"https:\/\/granicus.com\/es\/#website\",\"url\":\"https:\/\/granicus.com\/es\/\",\"name\":\"Granicus\",\"description\":\"\",\"publisher\":{\"@id\":\"https:\/\/granicus.com\/es\/#organization\"},\"potentialAction\":[{\"@type\":\"SearchAction\",\"target\":{\"@type\":\"EntryPoint\",\"urlTemplate\":\"https:\/\/granicus.com\/es\/?s={search_term_string}\"},\"query-input\":{\"@type\":\"PropertyValueSpecification\",\"valueRequired\":true,\"valueName\":\"search_term_string\"}}],\"inLanguage\":\"es-ES\"},{\"@type\":\"Organization\",\"@id\":\"https:\/\/granicus.com\/es\/#organization\",\"name\":\"Granicus\",\"url\":\"https:\/\/granicus.com\/es\/\",\"logo\":{\"@type\":\"ImageObject\",\"inLanguage\":\"es-ES\",\"@id\":\"https:\/\/granicus.com\/es\/#\/schema\/logo\/image\/\",\"url\":\"https:\/\/granicus.com\/wp-content\/uploads\/2023\/05\/Granicus-G-logo-Red.svg\",\"contentUrl\":\"https:\/\/granicus.com\/wp-content\/uploads\/2023\/05\/Granicus-G-logo-Red.svg\",\"width\":\"1024\",\"height\":\"1024\",\"caption\":\"Granicus\"},\"image\":{\"@id\":\"https:\/\/granicus.com\/es\/#\/schema\/logo\/image\/\"},\"sameAs\":[\"https:\/\/www.facebook.com\/granicusco\/\",\"https:\/\/x.com\/Granicus\",\"https:\/\/www.linkedin.com\/company\/granicusinc\/\",\"https:\/\/www.facebook.com\/granicusco\",\"https:\/\/www.facebook.com\/granicuslac\",\"https:\/\/www.youtube.com\/@GranicusLAC\",\"https:\/\/www.instagram.com\/granicuslac\/\",\"https:\/\/www.linkedin.com\/company\/granicuslac\",\"https:\/\/twitter.com\/granicuslac\/\",\"https:\/\/twitter.com\/GranicusUK\"]}]}<\/script>\n<!-- \/ Yoast SEO plugin. -->","yoast_head_json":{"title":"Solicita una demostraci\u00f3n | Granicus","description":"Granicus apoya a m\u00e1s de 6,000 organizaciones gubernamentales. Hablemos sobre c\u00f3mo podemos ayudarte a transformar la forma en que sirves a tu comunidad.","robots":{"index":"index","follow":"follow","max-snippet":"max-snippet:-1","max-image-preview":"max-image-preview:large","max-video-preview":"max-video-preview:-1"},"canonical":"https:\/\/granicus.com\/es\/solicita-una-demostracion\/","og_locale":"es_ES","og_type":"article","og_title":"Solicita una demostraci\u00f3n | Granicus","og_description":"Granicus apoya a m\u00e1s de 6,000 organizaciones gubernamentales. Hablemos sobre c\u00f3mo podemos ayudarte a transformar la forma en que sirves a tu comunidad.","og_url":"https:\/\/granicus.com\/es\/solicita-una-demostracion\/","og_site_name":"Granicus","article_publisher":"https:\/\/www.facebook.com\/granicusco\/","article_modified_time":"2025-02-19T13:38:12+00:00","og_image":[{"width":1204,"height":675,"url":"https:\/\/granicus.com\/wp-content\/uploads\/Yoast-Logo.png","type":"image\/png"}],"twitter_card":"summary_large_image","twitter_site":"@Granicus","schema":{"@context":"https:\/\/schema.org","@graph":[{"@type":["WebPage","ContactPage"],"@id":"https:\/\/granicus.com\/es\/solicita-una-demostracion\/","url":"https:\/\/granicus.com\/es\/solicita-una-demostracion\/","name":"Solicita una demostraci\u00f3n | Granicus","isPartOf":{"@id":"https:\/\/granicus.com\/es\/#website"},"datePublished":"2023-01-07T13:01:18+00:00","dateModified":"2025-02-19T13:38:12+00:00","description":"Granicus apoya a m\u00e1s de 6,000 organizaciones gubernamentales. Hablemos sobre c\u00f3mo podemos ayudarte a transformar la forma en que sirves a tu comunidad.","breadcrumb":{"@id":"https:\/\/granicus.com\/es\/solicita-una-demostracion\/#breadcrumb"},"inLanguage":"es-ES","potentialAction":[{"@type":"ReadAction","target":["https:\/\/granicus.com\/es\/solicita-una-demostracion\/"]}]},{"@type":"BreadcrumbList","@id":"https:\/\/granicus.com\/es\/solicita-una-demostracion\/#breadcrumb","itemListElement":[{"@type":"ListItem","position":1,"name":"Home","item":"https:\/\/granicus.com\/es\/"},{"@type":"ListItem","position":2,"name":"Solicita una demostraci\u00f3n"}]},{"@type":"WebSite","@id":"https:\/\/granicus.com\/es\/#website","url":"https:\/\/granicus.com\/es\/","name":"Granicus","description":"","publisher":{"@id":"https:\/\/granicus.com\/es\/#organization"},"potentialAction":[{"@type":"SearchAction","target":{"@type":"EntryPoint","urlTemplate":"https:\/\/granicus.com\/es\/?s={search_term_string}"},"query-input":{"@type":"PropertyValueSpecification","valueRequired":true,"valueName":"search_term_string"}}],"inLanguage":"es-ES"},{"@type":"Organization","@id":"https:\/\/granicus.com\/es\/#organization","name":"Granicus","url":"https:\/\/granicus.com\/es\/","logo":{"@type":"ImageObject","inLanguage":"es-ES","@id":"https:\/\/granicus.com\/es\/#\/schema\/logo\/image\/","url":"https:\/\/granicus.com\/wp-content\/uploads\/2023\/05\/Granicus-G-logo-Red.svg","contentUrl":"https:\/\/granicus.com\/wp-content\/uploads\/2023\/05\/Granicus-G-logo-Red.svg","width":"1024","height":"1024","caption":"Granicus"},"image":{"@id":"https:\/\/granicus.com\/es\/#\/schema\/logo\/image\/"},"sameAs":["https:\/\/www.facebook.com\/granicusco\/","https:\/\/x.com\/Granicus","https:\/\/www.linkedin.com\/company\/granicusinc\/","https:\/\/www.facebook.com\/granicusco","https:\/\/www.facebook.com\/granicuslac","https:\/\/www.youtube.com\/@GranicusLAC","https:\/\/www.instagram.com\/granicuslac\/","https:\/\/www.linkedin.com\/company\/granicuslac","https:\/\/twitter.com\/granicuslac\/","https:\/\/twitter.com\/GranicusUK"]}]}},"acf":{"form_embed_group":{"show_form":true,"use_hubspot_form":false,"use_global_marketo_form":false,"form_type":"default","form_headline":"","hubspot_form_id":"","marketo_form_id":"15021","form_success_type":"default","drift_success_url":"https:\/\/granicus.com\/es\/gracias\/","drift_campaign_id":"2764901","marketo_new_tab":false,"global_form_success_url":"https:\/\/granicus.com\/es\/gracias\/","step_1_marketo_form_id":16068,"step_2_marketo_form_id":16069,"marketo_thank_you":""},"form_embed_clone":{"form_embed_group":{"show_form":true,"use_hubspot_form":false,"use_global_marketo_form":false,"form_type":"default","form_headline":"","hubspot_form_id":"","marketo_form_id":"15021","form_success_type":"default","drift_success_url":"https:\/\/granicus.com\/es\/gracias\/","drift_campaign_id":"2764901","marketo_new_tab":false,"global_form_success_url":"https:\/\/granicus.com\/es\/gracias\/","step_1_marketo_form_id":16068,"step_2_marketo_form_id":16069,"marketo_thank_you":""}},"hide_footer":false,"call_to_action":{"hide_call_to_action":true,"color":"red","custom_cta":false,"custom_subhead":"","custom_headline":"","custom_description":"","custom_link":null,"custom_image":false},"content_subhead":"DESCUBRE C\u00d3MO PODEMOS AYUDAR","content_headline":"Transforma la forma en que sirves al p\u00fablico","content":"<p>Granicus apoya a m\u00e1s de 6,000 organizaciones gubernamentales en todo el mundo. Nuestros 1,000 empleados trabajan cada d\u00eda para convertir a Granicus en el mejor socio de innovaci\u00f3n para tu gobierno. Juntos, te ayudamos a llegar a tu comunidad en cada etapa de su viaje al:<\/p>\n<ul>\n<li>Mejorar las experiencias del cliente<\/li>\n<li>Involucrar a m\u00e1s comunidades<\/li>\n<li>Mejorar las operaciones<\/li>\n<li>Priorizar el alcance equitativo<\/li>\n<li>Aumentar la confianza y la transparencia<\/li>\n<li>Simplificar el cumplimiento<\/li>\n<\/ul>\n","hide_utility_menu":true,"hide_main_menu":true,"template_color":"blue","contact_quotes_group":{"show_quotes":false,"quotes":[{"quote":"Lorem ipsum is placeholder text commonly used in the graphic, print, and publishing industries for previewing layouts and visual mockups.","author":"Author 1","author_title":"Author Title"},{"quote":"Lorem ipsum is placeholder text commonly used in the graphic, print, and publishing industries for previewing layouts and visual mockups.","author":"Author 2","author_title":"Author Title"},{"quote":"Lorem ipsum is placeholder text commonly used in the graphic, print, and publishing industries for previewing layouts and visual mockups.","author":"Author 3","author_title":"Author Title"}]},"breadcrumbs":false,"list_of_links_show":false,"more_info_text":"<p>Perm\u00edtenos mostrarte c\u00f3mo podemos apoyar a tu organizaci\u00f3n.<\/p>\n","form_icons":false,"list_of_links_headline":"Links","list_of_links":[{"link":{"title":"Test Success Story","url":"https:\/\/granicus.com\/success-stories\/test-success-story\/","target":""}},{"link":{"title":"Special Districts","url":"https:\/\/granicus.com\/market\/special-districts\/","target":""}}]},"_links":{"self":[{"href":"https:\/\/granicus.com\/es\/wp-json\/wp\/v2\/pages\/33303","targetHints":{"allow":["GET"]}}],"collection":[{"href":"https:\/\/granicus.com\/es\/wp-json\/wp\/v2\/pages"}],"about":[{"href":"https:\/\/granicus.com\/es\/wp-json\/wp\/v2\/types\/page"}],"author":[{"embeddable":true,"href":"https:\/\/granicus.com\/es\/wp-json\/wp\/v2\/users\/1"}],"replies":[{"embeddable":true,"href":"https:\/\/granicus.com\/es\/wp-json\/wp\/v2\/comments?post=33303"}],"version-history":[{"count":3,"href":"https:\/\/granicus.com\/es\/wp-json\/wp\/v2\/pages\/33303\/revisions"}],"predecessor-version":[{"id":53341,"href":"https:\/\/granicus.com\/es\/wp-json\/wp\/v2\/pages\/33303\/revisions\/53341"}],"wp:attachment":[{"href":"https:\/\/granicus.com\/es\/wp-json\/wp\/v2\/media?parent=33303"}],"wp:term":[{"taxonomy":"page_type_tax","embeddable":true,"href":"https:\/\/granicus.com\/es\/wp-json\/wp\/v2\/page_type_tax?post=33303"}],"curies":[{"name":"wp","href":"https:\/\/api.w.org\/{rel}","templated":true}]}}