{"id":33302,"date":"2023-01-02T11:59:20","date_gmt":"2023-01-02T16:59:20","guid":{"rendered":"https:\/\/granicus.com\/terms-of-use\/"},"modified":"2024-09-19T10:24:41","modified_gmt":"2024-09-19T14:24:41","slug":"terminos-de-uso","status":"publish","type":"page","link":"https:\/\/granicus.com\/es\/centro-de-confianza\/terminos-de-uso\/","title":{"rendered":"T\u00e9rminos de Uso"},"content":{"rendered":"","protected":false},"excerpt":{"rendered":"","protected":false},"author":1,"featured_media":0,"parent":36275,"menu_order":0,"comment_status":"closed","ping_status":"closed","template":"","meta":{"inline_featured_image":false,"footnotes":""},"page_type_tax":[],"class_list":["post-33302","page","type-page","status-publish","hentry"],"yoast_head":"<!-- This site is optimized with the Yoast SEO plugin v26.7 - https:\/\/yoast.com\/wordpress\/plugins\/seo\/ -->\n<title>T\u00e9rminos de Uso | Granicus<\/title>\n<meta name=\"description\" content=\"Descubre un compendio preciso y claro que establece las reglas esenciales para tu interacci\u00f3n con nosotros. Desde pol\u00edticas de privacidad hasta pautas de uso, cada detalle se presenta de manera cuidadosa para garantizar tu comprensi\u00f3n y seguridad.\" \/>\n<meta name=\"robots\" content=\"index, follow, max-snippet:-1, max-image-preview:large, max-video-preview:-1\" \/>\n<link rel=\"canonical\" href=\"https:\/\/granicus.com\/es\/centro-de-confianza\/terminos-de-uso\/\" \/>\n<meta property=\"og:locale\" content=\"es_ES\" \/>\n<meta property=\"og:type\" content=\"article\" \/>\n<meta property=\"og:title\" content=\"T\u00e9rminos de Uso | Granicus\" \/>\n<meta property=\"og:description\" content=\"Descubre un compendio preciso y claro que establece las reglas esenciales para tu interacci\u00f3n con nosotros. Desde pol\u00edticas de privacidad hasta pautas de uso, cada detalle se presenta de manera cuidadosa para garantizar tu comprensi\u00f3n y seguridad.\" \/>\n<meta property=\"og:url\" content=\"https:\/\/granicus.com\/es\/centro-de-confianza\/terminos-de-uso\/\" \/>\n<meta property=\"og:site_name\" content=\"Granicus\" \/>\n<meta property=\"article:publisher\" content=\"https:\/\/www.facebook.com\/granicusco\/\" \/>\n<meta property=\"article:modified_time\" content=\"2024-09-19T14:24:41+00:00\" \/>\n<meta property=\"og:image\" content=\"https:\/\/granicus.com\/wp-content\/uploads\/Yoast-Logo.png\" \/>\n\t<meta property=\"og:image:width\" content=\"1204\" \/>\n\t<meta property=\"og:image:height\" content=\"675\" \/>\n\t<meta property=\"og:image:type\" content=\"image\/png\" \/>\n<meta name=\"twitter:card\" content=\"summary_large_image\" \/>\n<meta name=\"twitter:site\" content=\"@Granicus\" \/>\n<script type=\"application\/ld+json\" class=\"yoast-schema-graph\">{\"@context\":\"https:\/\/schema.org\",\"@graph\":[{\"@type\":\"WebPage\",\"@id\":\"https:\/\/granicus.com\/es\/centro-de-confianza\/terminos-de-uso\/\",\"url\":\"https:\/\/granicus.com\/es\/centro-de-confianza\/terminos-de-uso\/\",\"name\":\"T\u00e9rminos de Uso | Granicus\",\"isPartOf\":{\"@id\":\"https:\/\/granicus.com\/es\/#website\"},\"datePublished\":\"2023-01-02T16:59:20+00:00\",\"dateModified\":\"2024-09-19T14:24:41+00:00\",\"description\":\"Descubre un compendio preciso y claro que establece las reglas esenciales para tu interacci\u00f3n con nosotros. Desde pol\u00edticas de privacidad hasta pautas de uso, cada detalle se presenta de manera cuidadosa para garantizar tu comprensi\u00f3n y seguridad.\",\"breadcrumb\":{\"@id\":\"https:\/\/granicus.com\/es\/centro-de-confianza\/terminos-de-uso\/#breadcrumb\"},\"inLanguage\":\"es-ES\",\"potentialAction\":[{\"@type\":\"ReadAction\",\"target\":[\"https:\/\/granicus.com\/es\/centro-de-confianza\/terminos-de-uso\/\"]}]},{\"@type\":\"BreadcrumbList\",\"@id\":\"https:\/\/granicus.com\/es\/centro-de-confianza\/terminos-de-uso\/#breadcrumb\",\"itemListElement\":[{\"@type\":\"ListItem\",\"position\":1,\"name\":\"Home\",\"item\":\"https:\/\/granicus.com\/es\/\"},{\"@type\":\"ListItem\",\"position\":2,\"name\":\"Centro de Confianza\",\"item\":\"https:\/\/granicus.com\/es\/centro-de-confianza\/\"},{\"@type\":\"ListItem\",\"position\":3,\"name\":\"T\u00e9rminos de Uso\"}]},{\"@type\":\"WebSite\",\"@id\":\"https:\/\/granicus.com\/es\/#website\",\"url\":\"https:\/\/granicus.com\/es\/\",\"name\":\"Granicus\",\"description\":\"\",\"publisher\":{\"@id\":\"https:\/\/granicus.com\/es\/#organization\"},\"potentialAction\":[{\"@type\":\"SearchAction\",\"target\":{\"@type\":\"EntryPoint\",\"urlTemplate\":\"https:\/\/granicus.com\/es\/?s={search_term_string}\"},\"query-input\":{\"@type\":\"PropertyValueSpecification\",\"valueRequired\":true,\"valueName\":\"search_term_string\"}}],\"inLanguage\":\"es-ES\"},{\"@type\":\"Organization\",\"@id\":\"https:\/\/granicus.com\/es\/#organization\",\"name\":\"Granicus\",\"url\":\"https:\/\/granicus.com\/es\/\",\"logo\":{\"@type\":\"ImageObject\",\"inLanguage\":\"es-ES\",\"@id\":\"https:\/\/granicus.com\/es\/#\/schema\/logo\/image\/\",\"url\":\"https:\/\/granicus.com\/wp-content\/uploads\/2023\/05\/Granicus-G-logo-Red.svg\",\"contentUrl\":\"https:\/\/granicus.com\/wp-content\/uploads\/2023\/05\/Granicus-G-logo-Red.svg\",\"width\":\"1024\",\"height\":\"1024\",\"caption\":\"Granicus\"},\"image\":{\"@id\":\"https:\/\/granicus.com\/es\/#\/schema\/logo\/image\/\"},\"sameAs\":[\"https:\/\/www.facebook.com\/granicusco\/\",\"https:\/\/x.com\/Granicus\",\"https:\/\/www.linkedin.com\/company\/granicusinc\/\",\"https:\/\/www.facebook.com\/granicusco\",\"https:\/\/www.facebook.com\/granicuslac\",\"https:\/\/www.youtube.com\/@GranicusLAC\",\"https:\/\/www.instagram.com\/granicuslac\/\",\"https:\/\/www.linkedin.com\/company\/granicuslac\",\"https:\/\/twitter.com\/granicuslac\/\",\"https:\/\/twitter.com\/GranicusUK\"]}]}<\/script>\n<!-- \/ Yoast SEO plugin. -->","yoast_head_json":{"title":"T\u00e9rminos de Uso | Granicus","description":"Descubre un compendio preciso y claro que establece las reglas esenciales para tu interacci\u00f3n con nosotros. Desde pol\u00edticas de privacidad hasta pautas de uso, cada detalle se presenta de manera cuidadosa para garantizar tu comprensi\u00f3n y seguridad.","robots":{"index":"index","follow":"follow","max-snippet":"max-snippet:-1","max-image-preview":"max-image-preview:large","max-video-preview":"max-video-preview:-1"},"canonical":"https:\/\/granicus.com\/es\/centro-de-confianza\/terminos-de-uso\/","og_locale":"es_ES","og_type":"article","og_title":"T\u00e9rminos de Uso | Granicus","og_description":"Descubre un compendio preciso y claro que establece las reglas esenciales para tu interacci\u00f3n con nosotros. Desde pol\u00edticas de privacidad hasta pautas de uso, cada detalle se presenta de manera cuidadosa para garantizar tu comprensi\u00f3n y seguridad.","og_url":"https:\/\/granicus.com\/es\/centro-de-confianza\/terminos-de-uso\/","og_site_name":"Granicus","article_publisher":"https:\/\/www.facebook.com\/granicusco\/","article_modified_time":"2024-09-19T14:24:41+00:00","og_image":[{"width":1204,"height":675,"url":"https:\/\/granicus.com\/wp-content\/uploads\/Yoast-Logo.png","type":"image\/png"}],"twitter_card":"summary_large_image","twitter_site":"@Granicus","schema":{"@context":"https:\/\/schema.org","@graph":[{"@type":"WebPage","@id":"https:\/\/granicus.com\/es\/centro-de-confianza\/terminos-de-uso\/","url":"https:\/\/granicus.com\/es\/centro-de-confianza\/terminos-de-uso\/","name":"T\u00e9rminos de Uso | Granicus","isPartOf":{"@id":"https:\/\/granicus.com\/es\/#website"},"datePublished":"2023-01-02T16:59:20+00:00","dateModified":"2024-09-19T14:24:41+00:00","description":"Descubre un compendio preciso y claro que establece las reglas esenciales para tu interacci\u00f3n con nosotros. Desde pol\u00edticas de privacidad hasta pautas de uso, cada detalle se presenta de manera cuidadosa para garantizar tu comprensi\u00f3n y seguridad.","breadcrumb":{"@id":"https:\/\/granicus.com\/es\/centro-de-confianza\/terminos-de-uso\/#breadcrumb"},"inLanguage":"es-ES","potentialAction":[{"@type":"ReadAction","target":["https:\/\/granicus.com\/es\/centro-de-confianza\/terminos-de-uso\/"]}]},{"@type":"BreadcrumbList","@id":"https:\/\/granicus.com\/es\/centro-de-confianza\/terminos-de-uso\/#breadcrumb","itemListElement":[{"@type":"ListItem","position":1,"name":"Home","item":"https:\/\/granicus.com\/es\/"},{"@type":"ListItem","position":2,"name":"Centro de Confianza","item":"https:\/\/granicus.com\/es\/centro-de-confianza\/"},{"@type":"ListItem","position":3,"name":"T\u00e9rminos de Uso"}]},{"@type":"WebSite","@id":"https:\/\/granicus.com\/es\/#website","url":"https:\/\/granicus.com\/es\/","name":"Granicus","description":"","publisher":{"@id":"https:\/\/granicus.com\/es\/#organization"},"potentialAction":[{"@type":"SearchAction","target":{"@type":"EntryPoint","urlTemplate":"https:\/\/granicus.com\/es\/?s={search_term_string}"},"query-input":{"@type":"PropertyValueSpecification","valueRequired":true,"valueName":"search_term_string"}}],"inLanguage":"es-ES"},{"@type":"Organization","@id":"https:\/\/granicus.com\/es\/#organization","name":"Granicus","url":"https:\/\/granicus.com\/es\/","logo":{"@type":"ImageObject","inLanguage":"es-ES","@id":"https:\/\/granicus.com\/es\/#\/schema\/logo\/image\/","url":"https:\/\/granicus.com\/wp-content\/uploads\/2023\/05\/Granicus-G-logo-Red.svg","contentUrl":"https:\/\/granicus.com\/wp-content\/uploads\/2023\/05\/Granicus-G-logo-Red.svg","width":"1024","height":"1024","caption":"Granicus"},"image":{"@id":"https:\/\/granicus.com\/es\/#\/schema\/logo\/image\/"},"sameAs":["https:\/\/www.facebook.com\/granicusco\/","https:\/\/x.com\/Granicus","https:\/\/www.linkedin.com\/company\/granicusinc\/","https:\/\/www.facebook.com\/granicusco","https:\/\/www.facebook.com\/granicuslac","https:\/\/www.youtube.com\/@GranicusLAC","https:\/\/www.instagram.com\/granicuslac\/","https:\/\/www.linkedin.com\/company\/granicuslac","https:\/\/twitter.com\/granicuslac\/","https:\/\/twitter.com\/GranicusUK"]}]}},"acf":{"call_to_action":{"hide_call_to_action":false,"color":"red","custom_cta":false,"custom_subhead":"","custom_headline":"","custom_description":"","custom_link":null,"custom_image":false},"page_content_builder":[{"acf_fc_layout":"wysiwyg","wysiwyg":"<p class=\"p1\">Por favor, lee este acuerdo cuidadosamente antes de usar este sitio web. El uso de este sitio web indica tu acuerdo de quedar legalmente vinculado por los t\u00e9rminos y condiciones aqu\u00ed establecidos. Si no est\u00e1s de acuerdo con alguno de estos t\u00e9rminos, no accedas ni uses este sitio o la informaci\u00f3n contenida en el mismo. Granicus, Inc., se reserva el derecho de cambiar estos t\u00e9rminos y condiciones en cualquier momento actualizando esta p\u00e1gina. Deber\u00edas visitar esta p\u00e1gina peri\u00f3dicamente para revisar los T\u00e9rminos y Condiciones. Este acuerdo se aplica a todas las personas y\/o entidades (&#8220;t\u00fa&#8221; y &#8220;usuario&#8221;) que acceden a este sitio web por cualquier motivo.<\/p>\n<h2 class=\"p1\"><b>Derechos de Autor y Uso de Material<\/b><\/h2>\n<p class=\"p2\">Los materiales e informaci\u00f3n proporcionados en este sitio web, incluyendo, pero no limitado a, gr\u00e1ficos, logotipos, ilustraciones, nombres, marcas comerciales y marcas de servicio son propiedad de GRANICUS, Inc. Cualquier informaci\u00f3n en afiliaci\u00f3n con nuestros clientes mencionada en este sitio puede ser una marca comercial de sus respectivos propietarios. Todo el texto, incluyendo, pero no limitado a, formularios descargables, son materiales con derechos de autor propiedad de GRANICUS, Inc. GRANICUS, Inc. tiene los derechos y privilegios exclusivos en y para los derechos de autor de este material. El uso de la informaci\u00f3n contenida en este sitio web est\u00e1 destinado \u00fanicamente para uso individual y privado. Acuerdas no alquilar, arrendar ni vender todas o partes del material contenido en este sitio web, o tomar cualquier acci\u00f3n que est\u00e9 en violaci\u00f3n de los derechos de autor de GRANICUS, Inc., sin el permiso espec\u00edfico por escrito de GRANICUS, Inc. Todos los dem\u00e1s derechos est\u00e1n reservados por GRANICUS, Inc. La infracci\u00f3n de derechos de autor y marcas comerciales es una violaci\u00f3n de las leyes federales y estatales sujeta a penalidades penales y civiles.<\/p>\n<h2 class=\"p1\"><b>Enlaces<\/b><\/h2>\n<p class=\"p1\">En ciertos lugares de este sitio, se pueden acceder a enlaces en vivo a otros sitios web. Dichos sitios web externos contienen informaci\u00f3n creada, publicada, mantenida o publicada por instituciones u organizaciones independientes de GRANICUS, Inc. GRANICUS, Inc. no respalda, aprueba, certifica o controla esos sitios web externos y no garantiza la precisi\u00f3n, integridad, idoneidad o puntualidad de la informaci\u00f3n ubicada en esas direcciones. La referencia en ese sitio web externo a cualquier producto comercial espec\u00edfico, proceso o servicio no constituye ni implica respaldo, recomendaci\u00f3n o preferencia por parte de GRANICUS, Inc. GRANICUS, Inc. no asume responsabilidad y renuncia a cualquier responsabilidad por las consecuencias derivadas del uso de la informaci\u00f3n obtenida de estos sitios web vinculados.<\/p>\n<h2 class=\"p1\"><b>Terminaci\u00f3n<\/b><\/h2>\n<p class=\"p1\">GRANICUS, Inc. se reserva el derecho, a su entera discreci\u00f3n, de revocar tus privilegios de acceso en cualquier momento sin previo aviso.<\/p>\n<h2>General<\/h2>\n<p class=\"p1\">Aceptas que GRANICUS, Inc. puede realizar mejoras y\/o cambios en el sitio en cualquier momento sin previo aviso, y tambi\u00e9n aceptas que GRANICUS, Inc. puede revisar estos T\u00e9rminos y Condiciones en cualquier momento sin previo aviso mediante la actualizaci\u00f3n de esta publicaci\u00f3n. La fecha de la \u00faltima revisi\u00f3n se indicar\u00e1 en esta p\u00e1gina. Aceptas que tu uso continuado del sitio despu\u00e9s de dichas modificaciones constituye tu aceptaci\u00f3n de los T\u00e9rminos y Condiciones revisados. Cualquier acci\u00f3n relacionada con estos T\u00e9rminos y Condiciones estar\u00e1 regida por la ley de California y la ley federal de los EE. UU., sin tener en cuenta las disposiciones de elecci\u00f3n o conflicto de leyes de cualquier jurisdicci\u00f3n.<\/p>\n"}],"breadcrumbs":[{"breadcrumb":{"title":"Inicio","url":"\/es\/","target":""}},{"breadcrumb":{"title":"Centro de Confianza","url":"#","target":""}},{"breadcrumb":{"title":"T\u00e9rminos de Uso","url":"https:\/\/granicus.com\/es\/centro-de-confianza\/terminos-de-uso\/","target":""}}]},"_links":{"self":[{"href":"https:\/\/granicus.com\/es\/wp-json\/wp\/v2\/pages\/33302","targetHints":{"allow":["GET"]}}],"collection":[{"href":"https:\/\/granicus.com\/es\/wp-json\/wp\/v2\/pages"}],"about":[{"href":"https:\/\/granicus.com\/es\/wp-json\/wp\/v2\/types\/page"}],"author":[{"embeddable":true,"href":"https:\/\/granicus.com\/es\/wp-json\/wp\/v2\/users\/1"}],"replies":[{"embeddable":true,"href":"https:\/\/granicus.com\/es\/wp-json\/wp\/v2\/comments?post=33302"}],"version-history":[{"count":1,"href":"https:\/\/granicus.com\/es\/wp-json\/wp\/v2\/pages\/33302\/revisions"}],"predecessor-version":[{"id":47617,"href":"https:\/\/granicus.com\/es\/wp-json\/wp\/v2\/pages\/33302\/revisions\/47617"}],"up":[{"embeddable":true,"href":"https:\/\/granicus.com\/es\/wp-json\/wp\/v2\/pages\/36275"}],"wp:attachment":[{"href":"https:\/\/granicus.com\/es\/wp-json\/wp\/v2\/media?parent=33302"}],"wp:term":[{"taxonomy":"page_type_tax","embeddable":true,"href":"https:\/\/granicus.com\/es\/wp-json\/wp\/v2\/page_type_tax?post=33302"}],"curies":[{"name":"wp","href":"https:\/\/api.w.org\/{rel}","templated":true}]}}